{"id":8912,"date":"2025-06-11T10:41:50","date_gmt":"2025-06-11T14:41:50","guid":{"rendered":"https:\/\/dubreuilville.ca\/?page_id=8912"},"modified":"2026-02-23T13:46:14","modified_gmt":"2026-02-23T18:46:14","slug":"reglement-sur-les-dechets-commerciaux-et-industriels","status":"publish","type":"page","link":"https:\/\/dubreuilville.ca\/fr\/notre-communite\/collecte-des-ordures-et-recyclage\/reglement-sur-les-dechets-commerciaux-et-industriels\/","title":{"rendered":"R\u00e8glement &#8211; d\u00e9chets commerciaux et industriels"},"content":{"rendered":"\t\t<div data-elementor-type=\"wp-page\" data-elementor-id=\"8912\" class=\"elementor elementor-8912 elementor-4937\" data-elementor-post-type=\"page\">\n\t\t\t\t<div class=\"elementor-element elementor-element-0109301 e-flex e-con-boxed e-con e-parent\" data-id=\"0109301\" data-element_type=\"container\" data-e-type=\"container\">\n\t\t\t\t\t<div class=\"e-con-inner\">\n\t\t\t\t<div class=\"elementor-element elementor-element-ba7b598 elementor-widget elementor-widget-text-editor\" data-id=\"ba7b598\" data-element_type=\"widget\" data-e-type=\"widget\" data-widget_type=\"text-editor.default\">\n\t\t\t\t\t\t\t\t\t<h4 class=\"p1\">R\u00e9sum\u00e9 des r\u00e8glements sur la collecte des d\u00e9chets commerciaux et industriels :<\/h4><p class=\"p1\"><b>R\u00e9cipients : <\/b>Utiliser des contenants en m\u00e9tal ou en plastique munis de couvercles et de poign\u00e9es, d\u2019une capacit\u00e9 maximale de 60 gallons (227 litres), sauf si des bacs approuv\u00e9s sont utilis\u00e9s. Les r\u00e9cipients doivent \u00eatre \u00e9tanches et bien couverts afin d\u2019emp\u00eacher l\u2019acc\u00e8s aux mouches, aux animaux et de limiter les odeurs.<br data-start=\"399\" data-end=\"402\" \/>Les propri\u00e9taires sont responsables de nettoyer tout d\u00e9chet \u00e9parpill\u00e9 par des animaux et d\u2019assurer la propret\u00e9 de leurs contenants.<\/p><p class=\"p1\"><b>Sacs en vinyl :<\/b> Tous les d\u00e9chets doivent \u00eatre plac\u00e9s dans des sacs en vinyle. Les d\u00e9chets en vrac ne seront pas ramass\u00e9s. Les mat\u00e9riaux d\u2019emballage tels que les vieux journaux et la paille doivent \u00eatre mis dans des bo\u00eetes, ficel\u00e9s ou plac\u00e9s dans des sacs en vinyle et attach\u00e9s.<\/p><p class=\"p1\"><b>Cartons et bo\u00eetes :<\/b> Les cartons et bo\u00eetes vides doivent \u00eatre aplatis et attach\u00e9s en ballots afin de faciliter la manutention.<\/p><p class=\"p1\"><b>Platforme pour faciliter la collecte :<\/b> Au besoin, une plateforme \u00e0 la hauteur de la benne du camion doit \u00eatre fournie afin de faciliter la collecte des d\u00e9chets.<\/p><p class=\"p1\"><b>Lieu de collecte :<\/b> La\u00a0collecte des d\u00e9chets est effectu\u00e9e aupr\u00e8s des commerces, \u00e9coles, h\u00f4pitaux, r\u00e9sidences \u00e9tudiantes sans cuisine, immeubles d\u2019habitation de 10 logements ou moins, ainsi que des \u00e9glises.<\/p><p class=\"p1\"><b>Jours de collecte :<\/b> Les d\u00e9chets commerciaux et industriels sont ramass\u00e9s chaque semaine, les lundis, mercredis et vendredis, \u00e0 compter de 8 h.<\/p><p class=\"p1\">Les d\u00e9chets commerciaux et industriels sont ramass\u00e9s chaque semaine, les lundis, mercredis et vendredis, \u00e0 compter de 8 h.<\/p>\t\t\t\t\t\t\t\t<\/div>\n\t\t\t\t<div class=\"elementor-element elementor-element-5939a8f elementor-widget elementor-widget-button\" data-id=\"5939a8f\" data-element_type=\"widget\" data-e-type=\"widget\" data-widget_type=\"button.default\">\n\t\t\t\t\t\t\t\t\t\t<a class=\"elementor-button elementor-button-link elementor-size-sm\" href=\"https:\/\/dubreuilville.ca\/wp-content\/uploads\/2025\/06\/2022-26-REGULATING-GARBAGE-COLLECTION.pdf\">\n\t\t\t\t\t\t<span class=\"elementor-button-content-wrapper\">\n\t\t\t\t\t\t<span class=\"elementor-button-icon\">\n\t\t\t\t<i aria-hidden=\"true\" class=\"fas fa-arrow-right\"><\/i>\t\t\t<\/span>\n\t\t\t\t\t\t\t\t\t<span class=\"elementor-button-text\">R\u00e8glement no 2022-26 concernant la collecte des d\u00e9chets EN<\/span>\n\t\t\t\t\t<\/span>\n\t\t\t\t\t<\/a>\n\t\t\t\t\t\t\t\t<\/div>\n\t\t\t\t\t<\/div>\n\t\t\t\t<\/div>\n\t\t<div class=\"elementor-element elementor-element-7c46821 animated-slow e-flex e-con-boxed elementor-invisible e-con e-parent\" data-id=\"7c46821\" data-element_type=\"container\" data-e-type=\"container\" data-settings=\"{&quot;animation&quot;:&quot;fadeIn&quot;,&quot;animation_delay&quot;:250}\">\n\t\t\t\t\t<div class=\"e-con-inner\">\n\t\t<div class=\"elementor-element elementor-element-33f6a4e e-con-full e-flex e-con e-child\" data-id=\"33f6a4e\" data-element_type=\"container\" data-e-type=\"container\">\n\t\t\t\t<div class=\"elementor-element elementor-element-da0ebb2 elementor-widget elementor-widget-heading\" data-id=\"da0ebb2\" data-element_type=\"widget\" data-e-type=\"widget\" data-widget_type=\"heading.default\">\n\t\t\t\t\t<h4 class=\"elementor-heading-title elementor-size-default\"><a href=\"https:\/\/dubreuilville.ca\/fr\/notre-communite\/collecte-des-ordures-et-recyclage\/?open-ea11y-assistant=1&#038;open-ea11y-assistant-src=WP\">R\u00e8glement - collecte des d\u00e9chets r\u00e9sidentiels<\/a><\/h4>\t\t\t\t<\/div>\n\t\t\t\t<div class=\"elementor-element elementor-element-d1601a7 elementor-align-left elementor-widget elementor-widget-button\" data-id=\"d1601a7\" data-element_type=\"widget\" data-e-type=\"widget\" data-widget_type=\"button.default\">\n\t\t\t\t\t\t\t\t\t\t<a class=\"elementor-button elementor-button-link elementor-size-sm\" href=\"https:\/\/dubreuilville.ca\/fr\/notre-communite\/collecte-des-ordures-et-recyclage\/?open-ea11y-assistant=1&#038;open-ea11y-assistant-src=WP\">\n\t\t\t\t\t\t<span class=\"elementor-button-content-wrapper\">\n\t\t\t\t\t\t<span class=\"elementor-button-icon\">\n\t\t\t\t<i aria-hidden=\"true\" class=\"fas fa-arrow-right\"><\/i>\t\t\t<\/span>\n\t\t\t\t\t\t\t\t<\/span>\n\t\t\t\t\t<\/a>\n\t\t\t\t\t\t\t\t<\/div>\n\t\t\t\t<\/div>\n\t\t<div class=\"elementor-element elementor-element-2ab20f4 e-con-full e-flex e-con e-child\" data-id=\"2ab20f4\" data-element_type=\"container\" data-e-type=\"container\">\n\t\t\t\t<div class=\"elementor-element elementor-element-13ac11a elementor-widget elementor-widget-heading\" data-id=\"13ac11a\" data-element_type=\"widget\" data-e-type=\"widget\" data-widget_type=\"heading.default\">\n\t\t\t\t\t<h4 class=\"elementor-heading-title elementor-size-default\"><a href=\"https:\/\/dubreuilville.ca\/fr\/notre-communite\/collecte-des-ordures-et-recyclage\/programme-de-recyclage\/?open-ea11y-assistant=1&#038;open-ea11y-assistant-src=WP\">Programme de recyclage<\/a><\/h4>\t\t\t\t<\/div>\n\t\t\t\t<div class=\"elementor-element elementor-element-023b127 elementor-align-left elementor-widget elementor-widget-button\" data-id=\"023b127\" data-element_type=\"widget\" data-e-type=\"widget\" data-widget_type=\"button.default\">\n\t\t\t\t\t\t\t\t\t\t<a class=\"elementor-button elementor-button-link elementor-size-sm\" href=\"https:\/\/dubreuilville.ca\/fr\/notre-communite\/collecte-des-ordures-et-recyclage\/programme-de-recyclage\/?open-ea11y-assistant=1&#038;open-ea11y-assistant-src=WP\">\n\t\t\t\t\t\t<span class=\"elementor-button-content-wrapper\">\n\t\t\t\t\t\t<span class=\"elementor-button-icon\">\n\t\t\t\t<i aria-hidden=\"true\" class=\"fas fa-arrow-right\"><\/i>\t\t\t<\/span>\n\t\t\t\t\t\t\t\t<\/span>\n\t\t\t\t\t<\/a>\n\t\t\t\t\t\t\t\t<\/div>\n\t\t\t\t<\/div>\n\t\t<div class=\"elementor-element elementor-element-5d6f889 e-con-full e-flex e-con e-child\" data-id=\"5d6f889\" data-element_type=\"container\" data-e-type=\"container\">\n\t\t\t\t<div class=\"elementor-element elementor-element-e7da837 elementor-widget elementor-widget-heading\" data-id=\"e7da837\" data-element_type=\"widget\" data-e-type=\"widget\" data-widget_type=\"heading.default\">\n\t\t\t\t\t<h4 class=\"elementor-heading-title elementor-size-default\"><a href=\"https:\/\/dubreuilville.ca\/fr\/notre-communite\/collecte-des-ordures-et-recyclage\/depotoir\/?open-ea11y-assistant=1&#038;open-ea11y-assistant-src=WP\">Site d'enfouissement <\/a><\/h4>\t\t\t\t<\/div>\n\t\t\t\t<div class=\"elementor-element elementor-element-6c4451a elementor-align-left elementor-widget elementor-widget-button\" data-id=\"6c4451a\" data-element_type=\"widget\" data-e-type=\"widget\" data-widget_type=\"button.default\">\n\t\t\t\t\t\t\t\t\t\t<a class=\"elementor-button elementor-button-link elementor-size-sm\" href=\"https:\/\/dubreuilville.ca\/fr\/notre-communite\/collecte-des-ordures-et-recyclage\/depotoir\/?open-ea11y-assistant=1&#038;open-ea11y-assistant-src=WP\">\n\t\t\t\t\t\t<span class=\"elementor-button-content-wrapper\">\n\t\t\t\t\t\t<span class=\"elementor-button-icon\">\n\t\t\t\t<i aria-hidden=\"true\" class=\"fas fa-arrow-right\"><\/i>\t\t\t<\/span>\n\t\t\t\t\t\t\t\t<\/span>\n\t\t\t\t\t<\/a>\n\t\t\t\t\t\t\t\t<\/div>\n\t\t\t\t<\/div>\n\t\t\t\t\t<\/div>\n\t\t\t\t<\/div>\n\t\t\t\t<\/div>\n\t\t","protected":false},"excerpt":{"rendered":"<p>R\u00e9sum\u00e9 des r\u00e8glements sur la collecte des d\u00e9chets commerciaux et industriels : R\u00e9cipients : Utiliser des contenants en m\u00e9tal ou en plastique munis de couvercles et de poign\u00e9es, d\u2019une capacit\u00e9 maximale de 60 gallons (227 litres), sauf si des bacs approuv\u00e9s sont utilis\u00e9s. Les r\u00e9cipients doivent \u00eatre \u00e9tanches et bien couverts afin d\u2019emp\u00eacher l\u2019acc\u00e8s aux [&hellip;]<\/p>\n","protected":false},"author":4,"featured_media":0,"parent":1588,"menu_order":0,"comment_status":"closed","ping_status":"closed","template":"","meta":{"_acf_changed":false,"footnotes":""},"class_list":["post-8912","page","type-page","status-publish","hentry"],"acf":[],"_links":{"self":[{"href":"https:\/\/dubreuilville.ca\/fr\/wp-json\/wp\/v2\/pages\/8912","targetHints":{"allow":["GET"]}}],"collection":[{"href":"https:\/\/dubreuilville.ca\/fr\/wp-json\/wp\/v2\/pages"}],"about":[{"href":"https:\/\/dubreuilville.ca\/fr\/wp-json\/wp\/v2\/types\/page"}],"author":[{"embeddable":true,"href":"https:\/\/dubreuilville.ca\/fr\/wp-json\/wp\/v2\/users\/4"}],"replies":[{"embeddable":true,"href":"https:\/\/dubreuilville.ca\/fr\/wp-json\/wp\/v2\/comments?post=8912"}],"version-history":[{"count":0,"href":"https:\/\/dubreuilville.ca\/fr\/wp-json\/wp\/v2\/pages\/8912\/revisions"}],"up":[{"embeddable":true,"href":"https:\/\/dubreuilville.ca\/fr\/wp-json\/wp\/v2\/pages\/1588"}],"wp:attachment":[{"href":"https:\/\/dubreuilville.ca\/fr\/wp-json\/wp\/v2\/media?parent=8912"}],"curies":[{"name":"wp","href":"https:\/\/api.w.org\/{rel}","templated":true}]}}