{"id":7590,"date":"2024-02-22T20:12:29","date_gmt":"2024-02-23T01:12:29","guid":{"rendered":"https:\/\/dubreuilville.ca\/?page_id=7590"},"modified":"2026-02-20T15:20:39","modified_gmt":"2026-02-20T20:20:39","slug":"accessibilite","status":"publish","type":"page","link":"https:\/\/dubreuilville.ca\/fr\/accessibilite\/","title":{"rendered":"Accessibilit\u00e9"},"content":{"rendered":"\t\t<div data-elementor-type=\"wp-page\" data-elementor-id=\"7590\" class=\"elementor elementor-7590 elementor-2125\" data-elementor-post-type=\"page\">\n\t\t\t\t<div class=\"elementor-element elementor-element-94cfc07 e-flex e-con-boxed e-con e-parent\" data-id=\"94cfc07\" data-element_type=\"container\" data-e-type=\"container\">\n\t\t\t\t\t<div class=\"e-con-inner\">\n\t\t\t\t<div class=\"elementor-element elementor-element-dead6e1 elementor-widget elementor-widget-text-editor\" data-id=\"dead6e1\" data-element_type=\"widget\" data-e-type=\"widget\" data-widget_type=\"text-editor.default\">\n\t\t\t\t\t\t\t\t\t<h2 class=\"p1\">L\u2019ENGAGEMENT DU CANTON DE DUBREUILVILLE<\/h2><p data-start=\"141\" data-end=\"418\">La Corporation du Canton de Dubreuilville s\u2019engage \u00e0 r\u00e9pondre rapidement aux besoins en mati\u00e8re d\u2019accessibilit\u00e9, en veillant \u00e0 ce que toutes les personnes aient un acc\u00e8s \u00e9gal \u00e0 ses programmes, biens, services et installations, tout en respectant leur dignit\u00e9 et leur autonomie.<\/p><p data-start=\"420\" data-end=\"582\">L\u2019accessibilit\u00e9 fait r\u00e9f\u00e9rence \u00e0 la capacit\u00e9 d\u2019acc\u00e9der aux ressources et aux services. Il s\u2019agit d\u2019un droit fondamental auquel toute personne devrait avoir acc\u00e8s.<\/p>\t\t\t\t\t\t\t\t<\/div>\n\t\t\t\t<div class=\"elementor-element elementor-element-b664fea elementor-widget elementor-widget-text-editor\" data-id=\"b664fea\" data-element_type=\"widget\" data-e-type=\"widget\" data-widget_type=\"text-editor.default\">\n\t\t\t\t\t\t\t\t\t<p data-start=\"102\" data-end=\"247\">La Corporation du Canton de Dubreuilville est propri\u00e9taire et responsable de l\u2019entretien d\u2019un cimeti\u00e8re actif. Des columbariums sont disponibles.<\/p><p data-start=\"249\" data-end=\"482\">Pour l\u2019achat d\u2019un lot fun\u00e9raire, d\u2019une niche de columbarium ou pour obtenir de plus amples renseignements, veuillez communiquer avec le Service des finances au 705-884-2340, poste 130, ou par courriel \u00e0 <strong data-start=\"452\" data-end=\"481\"><a class=\"decorated-link cursor-pointer\" href=\"mailto:ngendron@dubreuilville.ca\" rel=\"noopener\" data-start=\"454\" data-end=\"479\">ngendron@dubreuilville.ca<\/a><\/strong>.<\/p>\t\t\t\t\t\t\t\t<\/div>\n\t\t\t\t<div class=\"elementor-element elementor-element-4dbafd9 elementor-align-justify elementor-widget elementor-widget-button\" data-id=\"4dbafd9\" data-element_type=\"widget\" data-e-type=\"widget\" data-widget_type=\"button.default\">\n\t\t\t\t\t\t\t\t\t\t<a class=\"elementor-button elementor-button-link elementor-size-sm\" href=\"https:\/\/dubreuilville.ca\/wp-content\/uploads\/2025\/10\/A9-Accessibility-Policies-2.pdf\" target=\"_blank\">\n\t\t\t\t\t\t<span class=\"elementor-button-content-wrapper\">\n\t\t\t\t\t\t<span class=\"elementor-button-icon\">\n\t\t\t\t<i aria-hidden=\"true\" class=\"far fa-file-pdf\"><\/i>\t\t\t<\/span>\n\t\t\t\t\t\t\t\t\t<span class=\"elementor-button-text\">Politique sur le service \u00e0 la client\u00e8le accessible EN<\/span>\n\t\t\t\t\t<\/span>\n\t\t\t\t\t<\/a>\n\t\t\t\t\t\t\t\t<\/div>\n\t\t\t\t<div class=\"elementor-element elementor-element-cc93ff1 elementor-widget elementor-widget-text-editor\" data-id=\"cc93ff1\" data-element_type=\"widget\" data-e-type=\"widget\" data-widget_type=\"text-editor.default\">\n\t\t\t\t\t\t\t\t\t<h4 class=\"p1\">Demande de documents en format accessible<\/h4><p data-start=\"157\" data-end=\"510\">Nous sommes heureux de fournir de l\u2019information dans des formats accessibles ou alternatifs sur demande. Nous encourageons les commentaires de toutes les personnes et mettrons tout en \u0153uvre pour faciliter la communication de mani\u00e8re \u00e0 r\u00e9pondre aux besoins particuliers de chacun. Veuillez communiquer avec le bureau municipal afin d\u2019en faire la demande.<\/p><p>Nous sommes heureux de fournir de l\u2019information dans des formats accessibles ou alternatifs sur demande. Nous encourageons les commentaires de toutes les personnes et mettrons tout en \u0153uvre pour faciliter la communication de mani\u00e8re \u00e0 r\u00e9pondre aux besoins particuliers de chacun. Veuillez communiquer avec le bureau municipal afin d\u2019en faire la demande.<\/p><h4 class=\"p1\">Loi sur l&rsquo;accessibilit\u00e9<\/h4><p>La Loi de 2005 sur l\u2019accessibilit\u00e9 pour les personnes handicap\u00e9es de l\u2019Ontario (LAPHO) est une loi provinciale adopt\u00e9e en 2005. Cette loi exige que toutes les organisations priv\u00e9es, publiques et sans but lucratif se conforment au R\u00e8glement sur les normes d\u2019accessibilit\u00e9 int\u00e9gr\u00e9es, y compris la Norme pour les services \u00e0 la client\u00e8le.<\/p>\t\t\t\t\t\t\t\t<\/div>\n\t\t\t\t\t<\/div>\n\t\t\t\t<\/div>\n\t\t\t\t<\/div>\n\t\t","protected":false},"excerpt":{"rendered":"<p>L\u2019ENGAGEMENT DU CANTON DE DUBREUILVILLE La Corporation du Canton de Dubreuilville s\u2019engage \u00e0 r\u00e9pondre rapidement aux besoins en mati\u00e8re d\u2019accessibilit\u00e9, en veillant \u00e0 ce que toutes les personnes aient un acc\u00e8s \u00e9gal \u00e0 ses programmes, biens, services et installations, tout en respectant leur dignit\u00e9 et leur autonomie. L\u2019accessibilit\u00e9 fait r\u00e9f\u00e9rence \u00e0 la capacit\u00e9 d\u2019acc\u00e9der aux [&hellip;]<\/p>\n","protected":false},"author":1,"featured_media":335,"parent":0,"menu_order":0,"comment_status":"closed","ping_status":"closed","template":"","meta":{"_acf_changed":false,"footnotes":""},"class_list":["post-7590","page","type-page","status-publish","has-post-thumbnail","hentry"],"acf":[],"_links":{"self":[{"href":"https:\/\/dubreuilville.ca\/fr\/wp-json\/wp\/v2\/pages\/7590","targetHints":{"allow":["GET"]}}],"collection":[{"href":"https:\/\/dubreuilville.ca\/fr\/wp-json\/wp\/v2\/pages"}],"about":[{"href":"https:\/\/dubreuilville.ca\/fr\/wp-json\/wp\/v2\/types\/page"}],"author":[{"embeddable":true,"href":"https:\/\/dubreuilville.ca\/fr\/wp-json\/wp\/v2\/users\/1"}],"replies":[{"embeddable":true,"href":"https:\/\/dubreuilville.ca\/fr\/wp-json\/wp\/v2\/comments?post=7590"}],"version-history":[{"count":0,"href":"https:\/\/dubreuilville.ca\/fr\/wp-json\/wp\/v2\/pages\/7590\/revisions"}],"wp:featuredmedia":[{"embeddable":true,"href":"https:\/\/dubreuilville.ca\/fr\/wp-json\/wp\/v2\/media\/335"}],"wp:attachment":[{"href":"https:\/\/dubreuilville.ca\/fr\/wp-json\/wp\/v2\/media?parent=7590"}],"curies":[{"name":"wp","href":"https:\/\/api.w.org\/{rel}","templated":true}]}}