{"id":1599,"date":"2023-10-10T13:41:38","date_gmt":"2023-10-10T17:41:38","guid":{"rendered":"https:\/\/dubreuilville.ca\/?page_id=1599"},"modified":"2026-02-26T09:49:21","modified_gmt":"2026-02-26T14:49:21","slug":"arretes-municipaux","status":"publish","type":"page","link":"https:\/\/dubreuilville.ca\/fr\/canton\/arretes-municipaux\/","title":{"rendered":"R\u00e8glements municipaux"},"content":{"rendered":"\t\t<div data-elementor-type=\"wp-page\" data-elementor-id=\"1599\" class=\"elementor elementor-1599 elementor-41\" data-elementor-post-type=\"page\">\n\t\t\t\t<div class=\"elementor-element elementor-element-af686be e-flex e-con-boxed e-con e-parent\" data-id=\"af686be\" data-element_type=\"container\" data-e-type=\"container\">\n\t\t\t\t\t<div class=\"e-con-inner\">\n\t\t\t\t<div class=\"elementor-element elementor-element-c210b77 elementor-widget elementor-widget-button\" data-id=\"c210b77\" data-element_type=\"widget\" data-e-type=\"widget\" data-widget_type=\"button.default\">\n\t\t\t\t\t\t\t\t\t\t<a class=\"elementor-button elementor-button-link elementor-size-sm\" href=\"\/wp-content\/uploads\/2025\/02\/By-law-2023-36-ADMINISTRATIVE-MONETARY-PENALTY-SYSTEM-v1_0.pdf\" target=\"_blank\">\n\t\t\t\t\t\t<span class=\"elementor-button-content-wrapper\">\n\t\t\t\t\t\t<span class=\"elementor-button-icon\">\n\t\t\t\t<i aria-hidden=\"true\" class=\"far fa-file-pdf\"><\/i>\t\t\t<\/span>\n\t\t\t\t\t\t\t\t\t<span class=\"elementor-button-text\">R\u00e8glement municipal no 2023-36 \u2013 R\u00e8glement sur le Syst\u00e8me de p\u00e9nalit\u00e9s administratives p\u00e9cuniaires (SPAP) EN<\/span>\n\t\t\t\t\t<\/span>\n\t\t\t\t\t<\/a>\n\t\t\t\t\t\t\t\t<\/div>\n\t\t\t\t<div class=\"elementor-element elementor-element-d2e8456 elementor-widget elementor-widget-text-editor\" data-id=\"d2e8456\" data-element_type=\"widget\" data-e-type=\"widget\" data-widget_type=\"text-editor.default\">\n\t\t\t\t\t\t\t\t\t<h4 data-start=\"127\" data-end=\"155\">R\u00e8glements municipaux<\/h4><p data-start=\"157\" data-end=\"301\">Les r\u00e8glements municipaux sont des lois \u00e9tablies par les municipalit\u00e9s afin d\u2019assurer la s\u00e9curit\u00e9, l\u2019entretien et le bien-\u00eatre de la communaut\u00e9.<\/p><p data-start=\"303\" data-end=\"678\">Les r\u00e8glements municipaux de la Corporation du Canton de Dubreuilville refl\u00e8tent des d\u00e9cisions et des lignes directrices concernant divers sujets, notamment \u2014 sans s\u2019y limiter \u2014 la construction et l\u2019am\u00e9nagement, les licences, les animaux, les d\u00e9chets et le recyclage, ainsi que les questions li\u00e9es \u00e0 l\u2019administration des services municipaux et des propri\u00e9t\u00e9s municipales.<\/p><h4 data-start=\"685\" data-end=\"740\">Services d\u2019application des r\u00e8glements municipaux<\/h4><p data-start=\"742\" data-end=\"1097\">L\u2019agente d\u2019application des r\u00e8glements municipaux est d\u00e9di\u00e9e \u00e0 favoriser une communaut\u00e9 s\u00e9curitaire et bien inform\u00e9e. Ce professionnel est charg\u00e9 de r\u00e9pondre aux pr\u00e9occupations de la communaut\u00e9, d\u2019enqu\u00eater sur les infractions potentielles aux r\u00e8glements municipaux et d\u2019assurer le respect des r\u00e8glements du Canton ainsi que des lois provinciales applicables.<\/p><h4 class=\"p1\">Demande d&rsquo;intervention<\/h4><p class=\"p1\">Pour toute demande concernant l\u2019application des r\u00e8glements municipaux, veuillez communiquer avec Amanda Nolan au <a href=\"http:\/\/705-884-2340\" data-wplink-url-error=\"true\">705-884-2340<\/a>\u00a0 poste 126 ou par courriel \u00e0 <a href=\"mailto:anolan@dubreuilville.ca\">anolan@dubreuilville.ca<\/a>, durant les heures normales de bureau, \u00e0 l\u2019exception des jours f\u00e9ri\u00e9s.<\/p><p class=\"p1\"><strong>Veuillez noter<\/strong> que les pr\u00e9occupations li\u00e9es aux conflits entre voisins ou aux relations entre propri\u00e9taires et locataires ne constituent pas des infractions aux r\u00e8glements municipaux et ne seront pas trait\u00e9es par l\u2019agente d\u2019application des r\u00e8glements municipaux.<\/p><h4 data-start=\"1667\" data-end=\"1721\">Questions relatives aux infractions municipales<\/h4><p data-start=\"1723\" data-end=\"1864\">De plus, le Canton a mis en place un Syst\u00e8me de p\u00e9nalit\u00e9s administratives p\u00e9cuniaires (SPAP) conform\u00e9ment \u00e0 la Loi sur les municipalit\u00e9s.<\/p><p data-start=\"1866\" data-end=\"1974\">Veuillez consulter le document ci-joint\u00a0<a href=\"https:\/\/dubreuilville.ca\/wp-content\/uploads\/2025\/02\/By-law-2023-36-ADMINISTRATIVE-MONETARY-PENALTY-SYSTEM-v1_0.pdf\" target=\"_blank\" rel=\"noopener\">By-Law No. 2023-36 AMPS By-Law.<\/a><\/p><p data-start=\"1866\" data-end=\"1974\">Pour de plus amples renseignements, veuillez communiquer avec Amanda Nolan, agente d\u2019application des r\u00e8glements municipaux, \u00e0\u00a0<a href=\"mailto:anolan@dubreuilville.ca\">anolan@dubreuilville.ca<\/a> or call <a href=\"tel:705 884 2340\">705 884 2340<\/a> poste 126.<\/p>\t\t\t\t\t\t\t\t<\/div>\n\t\t\t\t<div class=\"elementor-element elementor-element-92a66b0 elementor-widget elementor-widget-text-editor\" data-id=\"92a66b0\" data-element_type=\"widget\" data-e-type=\"widget\" data-widget_type=\"text-editor.default\">\n\t\t\t\t\t\t\t\t\t<h4 class=\"p1\">Questions relatives aux infractions provinciales<\/h4><p data-start=\"159\" data-end=\"523\">La Corporation du Canton de Dubreuilville rel\u00e8ve de l\u2019Administration des infractions provinciales de la Ville de Sault Ste. Marie. Le Bureau des infractions provinciales de la Ville de Sault Ste. Marie fournit des services de soutien et d\u2019administration au nom des partenaires municipaux r\u00e9gionaux (district d\u2019Algoma) ainsi que de la province de l\u2019Ontario.<\/p><p data-start=\"525\" data-end=\"835\">Ce bureau accepte les paiements pour diverses amendes courantes, notamment les contraventions pour exc\u00e8s de vitesse, les infractions li\u00e9es \u00e0 l\u2019alcool, les amendes relatives \u00e0 l\u2019assurance, \u00e0 la chasse et \u00e0 la p\u00eache, ainsi que plusieurs autres infractions pr\u00e9vues par la Loi sur les infractions provinciales.<\/p><p class=\"p1\">Pour obtenir de plus amples renseignements sur les infractions provinciales et la Cour de justice de l\u2019Ontario (emplacement de Sault Ste. Marie), veuillez consulter le <a href=\"https:\/\/saultstemarie.ca\/Government\/City-Departments\/Legal\/Provincial-Offences.aspx\"><span class=\"s1\">site Web<\/span><\/a> de la Ville de Sault Ste. Marie ainsi que celui de la <a href=\"https:\/\/www.ontariocourts.ca\/ocj\/fr\/\">Cour de justice<\/a> de l&rsquo;Ontario.<\/p>\t\t\t\t\t\t\t\t<\/div>\n\t\t\t\t<div class=\"elementor-element elementor-element-41f24e2 elementor-widget elementor-widget-heading\" data-id=\"41f24e2\" data-element_type=\"widget\" data-e-type=\"widget\" data-widget_type=\"heading.default\">\n\t\t\t\t\t<h3 class=\"elementor-heading-title elementor-size-default\">R\u00e8glements municipaux fr\u00e9quemment demand\u00e9s<\/h3>\t\t\t\t<\/div>\n\t\t\t\t<div class=\"elementor-element elementor-element-48be093 elementor-widget elementor-widget-text-editor\" data-id=\"48be093\" data-element_type=\"widget\" data-e-type=\"widget\" data-widget_type=\"text-editor.default\">\n\t\t\t\t\t\t\t\t\t<p class=\"p1\"><a href=\"https:\/\/dubreuilville.ca\/wp-content\/uploads\/2025\/02\/By-law-2023-36-ADMINISTRATIVE-MONETARY-PENALTY-SYSTEM-v1_0.pdf\" target=\"_blank\" rel=\"noopener\">R\u00e8glement municipal no 2023-36 \u2013 R\u00e8glement sur le Syst\u00e8me de p\u00e9nalit\u00e9s administratives p\u00e9cuniaires (SPAP) EN <\/a><\/p><p class=\"p1\"><a href=\"https:\/\/dubreuilville.ca\/wp-content\/uploads\/2025\/06\/2024-13-ANIMAL-CONTROL-AND-REPEAL-2023-30.pdf\" target=\"_blank\" rel=\"noopener\">Soins et contr\u00f4le des animaux \u2013 R\u00e8glement municipal 2024-13 EN<\/a><\/p><p class=\"p1\"><a href=\"https:\/\/dubreuilville.ca\/wp-content\/uploads\/2025\/06\/2023-62-REGULATE-ST-CECILE-CEMETERY-AND-REPEAL-2013-17.pdf\" target=\"_blank\" rel=\"noopener\">R\u00e8gles et r\u00e8glements du cimeti\u00e8re \u2013 R\u00e8glement municipal 2023-62 EN<\/a><\/p><p class=\"p1\"><a href=\"https:\/\/dubreuilville.ca\/wp-content\/uploads\/2025\/06\/2025-09-ADOPTION-COMMUNITY-IMPROVEMENT-PLAN-AND-REPEAL-2022-52-AND-RESOLUTION-24-278.pdf\" target=\"_blank\" rel=\"noopener\">Plan d\u2019am\u00e9lioration communautaire pour la croissance \u00e9conomique (PACCE) \u2013 R\u00e8glement municipal 2025-09 EN<\/a><\/p><p class=\"p1\"><a href=\"https:\/\/dubreuilville.ca\/wp-content\/uploads\/2025\/06\/2020-60-MISCELLANEOUS-EMERGENCY-MANAGEMENT.pdf\" target=\"_blank\" rel=\"noopener\">Plan d\u2019intervention d\u2019urgence \u2013 R\u00e8glement municipal 2020-60 EN<\/a><\/p><p class=\"p1\"><a href=\"https:\/\/dubreuilville.ca\/wp-content\/uploads\/2025\/06\/2024-56-ESTABLISHMENT-VARIOUS-COMMITTEES-AND-DEPUTY-MAYOR.pdf\" target=\"_blank\" rel=\"noopener\">Cr\u00e9ation de divers comit\u00e9s \u2013 R\u00e8glement municipal 2024-56 EN<\/a><\/p><p class=\"p1\"><a href=\"https:\/\/dubreuilville.ca\/wp-content\/uploads\/2025\/06\/2025-23-TAXES-ESTIMATES-LEVY-COLLECT-FOR-THE-TAXATION-YEAR-2025.pdf\" target=\"_blank\" rel=\"noopener\">Imp\u00f4ts et fixation des taux \u2013 R\u00e8glement municipal 2025-23 EN<\/a><\/p><p class=\"p1\"><a href=\"https:\/\/dubreuilville.ca\/wp-content\/uploads\/2025\/06\/2020-42-MISCELLANEOUS-EXPECTED-CONDUCT-POLICY.pdf\" target=\"_blank\" rel=\"noopener\">Code de conduite \u2013 R\u00e8glement municipal 2020-42 EN<\/a><\/p><p class=\"p1\"><a href=\"https:\/\/dubreuilville.ca\/wp-content\/uploads\/2025\/06\/2019-60-ESTABLISHMENT-FENCES.pdf\" target=\"_blank\" rel=\"noopener\">Cl\u00f4tures \u2013 R\u00e8glement municipal 2019-60 EN<\/a><\/p><p class=\"p1\"><a href=\"https:\/\/dubreuilville.ca\/wp-content\/uploads\/2025\/06\/2003-29-FIREARMS.pdf\" target=\"_blank\" rel=\"noopener\">D\u00e9charge d\u2019armes \u00e0 feu \u2013 R\u00e8glement municipal 2003-29 EN<\/a><\/p><p class=\"p1\"><a href=\"https:\/\/dubreuilville.ca\/wp-content\/uploads\/2025\/06\/2004-35-FIREWORKS-LIMITS.pdf\" target=\"_blank\" rel=\"noopener\">Feux d\u2019artifice \u2013 R\u00e8glement municipal 2004-35 EN<\/a><\/p><p class=\"p1\"><a href=\"https:\/\/dubreuilville.ca\/wp-content\/uploads\/2025\/06\/2018-29-AGREEMENT-APPOINT-INTEGRITY-COMMISSIONER.pdf\" target=\"_blank\" rel=\"noopener\">Commissaire \u00e0 l\u2019int\u00e9grit\u00e9 \u2013 R\u00e8glement municipal 2018-29 EN<\/a><\/p><p class=\"p1\"><a href=\"https:\/\/dubreuilville.ca\/wp-content\/uploads\/2025\/06\/2023-34-AMENDEMENT-TO-BY-LAW-2018-29-AGREEMENT-INTEGRITY-COMMISSIONNER.pdf\" target=\"_blank\" rel=\"noopener\">Modification \u2013 Commissaire \u00e0 l\u2019int\u00e9grit\u00e9 \u2013 R\u00e8glement municipal 2023-34 EN<\/a><\/p><p class=\"p1\"><a href=\"https:\/\/dubreuilville.ca\/wp-content\/uploads\/2025\/06\/2024-08-REGULATING-LANDFILL-SITE.pdf\" target=\"_blank\" rel=\"noopener\">R\u00e8glement du site d\u2019enfouissement \u2013 R\u00e8glement municipal 2024-08 EN<\/a><\/p><p class=\"p1\"><a href=\"https:\/\/dubreuilville.ca\/wp-content\/uploads\/2025\/09\/2023-29-REGULATING-NOISE-REPEAL-1989-48.pdf\" target=\"_blank\" rel=\"noopener\">R\u00e8glement sur le bruit \u2013 R\u00e8glement municipal 2023-29 EN<\/a><\/p><p class=\"p1\"><a href=\"https:\/\/dubreuilville.ca\/wp-content\/uploads\/2025\/09\/2015-27-OFFICIAL-PLAN-ADOPTION.pdf\" target=\"_blank\" rel=\"noopener\">Plan officiel \u2013 R\u00e8glement municipal 2015-27 EN<\/a><\/p><p class=\"p1\"><a href=\"https:\/\/dubreuilville.ca\/wp-content\/uploads\/2025\/06\/2021-10-REGULATING-OFF-ROAD-VEHICLES.pdf\" target=\"_blank\" rel=\"noopener\">V\u00e9hicules hors route \u2013 R\u00e8glement municipal 2021-10 EN<\/a><\/p><p class=\"p1\"><a href=\"https:\/\/dubreuilville.ca\/wp-content\/uploads\/2025\/09\/2023-40-REGULATING-OPEN-AIR-BURNING.pdf\" target=\"_blank\" rel=\"noopener\">R\u00e8glement sur les feux en plein air \u2013 R\u00e8glement municipal 2023-40 EN<\/a><\/p><p class=\"p1\"><a href=\"https:\/\/dubreuilville.ca\/wp-content\/uploads\/2025\/06\/2023-73-REGULATING-PARKING-AND-TRAFFIC.pdf\" target=\"_blank\" rel=\"noopener\">R\u00e8glement sur le stationnement et la circulation \u2013 R\u00e8glement municipal 2023-73 EN<\/a><\/p><p class=\"p1\"><a href=\"https:\/\/dubreuilville.ca\/wp-content\/uploads\/2025\/06\/2024-43-REGULATING-ACCESS-AND-USE-PARKS-BEACH-AND-BALLFIELD-AND-REPEAL-2023-63.pdf\" target=\"_blank\" rel=\"noopener\">Parcs, terrains de jeux et plage \u2013 R\u00e8glement municipal 2024-43 EN<\/a><\/p><p class=\"p1\"><a href=\"https:\/\/dubreuilville.ca\/wp-content\/uploads\/2025\/09\/2007-05-VEHICULES-PHOHIBITION-JAKE-BRAKES.pdf\" target=\"_blank\" rel=\"noopener\">Interdiction de l\u2019utilisation des freins moteurs (Jake Brakes) \u2013 R\u00e8glement municipal 2007-05 EN<\/a><\/p><p class=\"p1\"><a href=\"https:\/\/dubreuilville.ca\/wp-content\/uploads\/2025\/09\/2023-28-REGULATING-PROPERTY-STANDARDS-REPEAL-1989-47.pdf\" target=\"_blank\" rel=\"noopener\">Normes de propri\u00e9t\u00e9 \u2013 R\u00e8glement municipal 2023-28 EN<\/a><\/p><p class=\"p1\"><a href=\"https:\/\/dubreuilville.ca\/wp-content\/uploads\/2025\/09\/2023-21-REGULATING-PROCUREMENT.pdf\" target=\"_blank\" rel=\"noopener\">Approvisionnement (procurement) \u2013 R\u00e8glement municipal 2023-21 EN\u00a0<\/a><\/p><p class=\"p1\"><a href=\"https:\/\/dubreuilville.ca\/wp-content\/uploads\/2025\/06\/2017-35-ESTABLISH-CIVIC-ADDRESSING.pdf\" target=\"_blank\" rel=\"noopener\">Signalisation (panneaux 9-1-1 et syst\u00e8me de num\u00e9rotation civique) \u2013 R\u00e8glement municipal 2017-35 EN<\/a><\/p><p class=\"p1\"><a href=\"https:\/\/dubreuilville.ca\/wp-content\/uploads\/2025\/06\/2024-49-REGULATING-TRANSIENT-TRADER-BUSINESS-AND-REPEAL-2002-01.pdf\" target=\"_blank\" rel=\"noopener\">R\u00e8glement sur les commer\u00e7ants itin\u00e9rants \u2013 R\u00e8glement municipal 2024-49 EN<\/a><\/p><p class=\"p1\"><a href=\"https:\/\/dubreuilville.ca\/wp-content\/uploads\/2025\/09\/By-Law-No.-2025-38-Aug.-27-2025-User-Fees-and-Charges-updated.pdf\" target=\"_blank\" rel=\"noopener\">Droits et frais d\u2019utilisation \u2013 R\u00e8glement municipal 2025-38 EN<\/a><\/p><p class=\"p1\"><a href=\"https:\/\/dubreuilville.ca\/wp-content\/uploads\/2025\/06\/2022-26-REGULATING-GARBAGE-COLLECTION.pdf\" target=\"_blank\" rel=\"noopener\">Collecte des d\u00e9chets et recyclage \u2013 R\u00e8glement municipal 2022-26 EN<\/a><\/p><p class=\"p1\"><a href=\"https:\/\/dubreuilville.ca\/wp-content\/uploads\/2025\/06\/2023-78-REGULATING-WINTER-ROAD-MAINTENANCE.pdf\" target=\"_blank\" rel=\"noopener\">Entretien hivernal des routes \u2013 R\u00e8glement municipal 2023-78 EN<\/a><\/p><p class=\"p1\"><a href=\"https:\/\/dubreuilville.ca\/wp-content\/uploads\/2025\/09\/2012-45-REGULATING-WOOD-BURNING-APPLIANCES.pdf\" target=\"_blank\" rel=\"noopener\">R\u00e8glement sur les appareils de chauffage au bois \u2013 R\u00e8glement municipal 2012-45 EN<\/a><\/p><p class=\"p1\"><a href=\"https:\/\/dubreuilville.ca\/wp-content\/uploads\/2025\/06\/2014-38-YARD-MAINTENANCE-AND-OR-AESTHETICS.pdf\" target=\"_blank\" rel=\"noopener\">Entretien des terrains et esth\u00e9tique \u2013 R\u00e8glement municipal 2014-38 EN<\/a><\/p><p class=\"p1\"><a href=\"https:\/\/dubreuilville.ca\/wp-content\/uploads\/2025\/06\/2015-44-Zoning-By-Law.pdf\" target=\"_blank\" rel=\"noopener\">R\u00e8glement de zonage \u2013 R\u00e8glement municipal 2015-44 EN<\/a><\/p>\t\t\t\t\t\t\t\t<\/div>\n\t\t\t\t<div class=\"elementor-element elementor-element-a653155 elementor-widget elementor-widget-heading\" data-id=\"a653155\" data-element_type=\"widget\" data-e-type=\"widget\" data-widget_type=\"heading.default\">\n\t\t\t\t\t<h3 class=\"elementor-heading-title elementor-size-default\">Politiques fr\u00e9quemment demand\u00e9es<\/h3>\t\t\t\t<\/div>\n\t\t\t\t<div class=\"elementor-element elementor-element-536f977 elementor-widget elementor-widget-text-editor\" data-id=\"536f977\" data-element_type=\"widget\" data-e-type=\"widget\" data-widget_type=\"text-editor.default\">\n\t\t\t\t\t\t\t\t\t<p class=\"p1\"><a href=\"https:\/\/dubreuilville.ca\/wp-content\/uploads\/2025\/06\/ACCESSIBILITY-POLICY-A-9.pdf\" target=\"_blank\" rel=\"noopener\">Politique sur l\u2019accessibilit\u00e9 \u2013 A-9 EN<\/a><\/p><p class=\"p1\"><a href=\"https:\/\/dubreuilville.ca\/wp-content\/uploads\/2025\/10\/Civil-Marriage-Solemnization-Policy-actual-March-11-2021.pdf\" target=\"_blank\" rel=\"noopener\">Politique sur la c\u00e9l\u00e9bration des mariages civils \u2013 C-14 EN<\/a><\/p><p class=\"p1\"><a href=\"https:\/\/dubreuilville.ca\/wp-content\/uploads\/2025\/06\/CODE-OF-CONDUCT-POLICY-COUNCIL-MEMBERS-C-20.pdf\" target=\"_blank\" rel=\"noopener\">Politique sur le code de conduite des membres du Conseil \u2013 C-20 EN<\/a><\/p><p class=\"p1\"><a href=\"https:\/\/dubreuilville.ca\/wp-content\/uploads\/2025\/10\/Code-of-Conduct-Employees-policy-C-15.pdf\" target=\"_blank\" rel=\"noopener\">Politique sur le code de conduite des employ\u00e9s \u2013 C-15 EN<\/a><\/p><p class=\"p1\"><a href=\"https:\/\/dubreuilville.ca\/wp-content\/uploads\/2025\/06\/COUNCIL-PROCEDURE-BY-LAW-C-3.pdf\" target=\"_blank\" rel=\"noopener\">R\u00e8glement de proc\u00e9dure du Conseil \u2013 C-3 EN<\/a><\/p><p class=\"p1\"><a href=\"https:\/\/dubreuilville.ca\/wp-content\/uploads\/2025\/06\/CULTURAL-POLICY-C-17.pdf\">Politique culturelle \u2013 C-17 EN<\/a><\/p>\t\t\t\t\t\t\t\t<\/div>\n\t\t\t\t<div class=\"elementor-element elementor-element-7f8fcb1 elementor-widget elementor-widget-text-editor\" data-id=\"7f8fcb1\" data-element_type=\"widget\" data-e-type=\"widget\" data-widget_type=\"text-editor.default\">\n\t\t\t\t\t\t\t\t\t<p class=\"p1\">Bien que les r\u00e8glements municipaux soient actuellement disponibles uniquement en anglais, tous les documents sont fournis dans un format accessible (texte \u00e9lectronique) afin de faciliter leur utilisation avec des outils de traduction.<\/p>\t\t\t\t\t\t\t\t<\/div>\n\t\t\t\t\t<\/div>\n\t\t\t\t<\/div>\n\t\t<div class=\"elementor-element elementor-element-2be60fd animated-slow e-flex e-con-boxed elementor-invisible e-con e-parent\" data-id=\"2be60fd\" data-element_type=\"container\" data-e-type=\"container\" data-settings=\"{&quot;animation&quot;:&quot;fadeIn&quot;,&quot;animation_delay&quot;:250}\">\n\t\t\t\t\t<div class=\"e-con-inner\">\n\t\t<div class=\"elementor-element elementor-element-8adcec6 e-con-full e-flex e-con e-child\" data-id=\"8adcec6\" data-element_type=\"container\" data-e-type=\"container\">\n\t\t\t\t<div class=\"elementor-element elementor-element-0f02c15 elementor-widget elementor-widget-heading\" data-id=\"0f02c15\" data-element_type=\"widget\" data-e-type=\"widget\" data-widget_type=\"heading.default\">\n\t\t\t\t\t<h4 class=\"elementor-heading-title elementor-size-default\"><a href=\"https:\/\/dubreuilville.ca\/fr\/canton\/arretes-municipaux\/obtenir-une-copie-dun-reglement\/\">Vous ne trouvez pas le r\u00e8glement municipal que vous cherchez ? Nous pouvons vous aider.<\/a><\/h4>\t\t\t\t<\/div>\n\t\t\t\t<div class=\"elementor-element elementor-element-97c3082 elementor-align-left elementor-widget elementor-widget-button\" data-id=\"97c3082\" data-element_type=\"widget\" data-e-type=\"widget\" data-widget_type=\"button.default\">\n\t\t\t\t\t\t\t\t\t\t<a class=\"elementor-button elementor-button-link elementor-size-sm\" href=\"https:\/\/dubreuilville.ca\/fr\/canton\/arretes-municipaux\/obtenir-une-copie-dun-reglement\/\">\n\t\t\t\t\t\t<span class=\"elementor-button-content-wrapper\">\n\t\t\t\t\t\t<span class=\"elementor-button-icon\">\n\t\t\t\t<i aria-hidden=\"true\" class=\"fas fa-arrow-right\"><\/i>\t\t\t<\/span>\n\t\t\t\t\t\t\t\t\t<span class=\"elementor-button-text\">Demander un r\u00e8glement municipal<\/span>\n\t\t\t\t\t<\/span>\n\t\t\t\t\t<\/a>\n\t\t\t\t\t\t\t\t<\/div>\n\t\t\t\t<\/div>\n\t\t\t\t\t<\/div>\n\t\t\t\t<\/div>\n\t\t\t\t<\/div>\n\t\t","protected":false},"excerpt":{"rendered":"<p>R\u00e8glement municipal no 2023-36 \u2013 R\u00e8glement sur le Syst\u00e8me de p\u00e9nalit\u00e9s administratives p\u00e9cuniaires (SPAP) EN R\u00e8glements municipaux Les r\u00e8glements municipaux sont des lois \u00e9tablies par les municipalit\u00e9s afin d\u2019assurer la s\u00e9curit\u00e9, l\u2019entretien et le bien-\u00eatre de la communaut\u00e9. Les r\u00e8glements municipaux de la Corporation du Canton de Dubreuilville refl\u00e8tent des d\u00e9cisions et des lignes directrices [&hellip;]<\/p>\n","protected":false},"author":1,"featured_media":6294,"parent":1590,"menu_order":0,"comment_status":"closed","ping_status":"closed","template":"","meta":{"_acf_changed":false,"footnotes":""},"class_list":["post-1599","page","type-page","status-publish","has-post-thumbnail","hentry"],"acf":[],"_links":{"self":[{"href":"https:\/\/dubreuilville.ca\/fr\/wp-json\/wp\/v2\/pages\/1599","targetHints":{"allow":["GET"]}}],"collection":[{"href":"https:\/\/dubreuilville.ca\/fr\/wp-json\/wp\/v2\/pages"}],"about":[{"href":"https:\/\/dubreuilville.ca\/fr\/wp-json\/wp\/v2\/types\/page"}],"author":[{"embeddable":true,"href":"https:\/\/dubreuilville.ca\/fr\/wp-json\/wp\/v2\/users\/1"}],"replies":[{"embeddable":true,"href":"https:\/\/dubreuilville.ca\/fr\/wp-json\/wp\/v2\/comments?post=1599"}],"version-history":[{"count":0,"href":"https:\/\/dubreuilville.ca\/fr\/wp-json\/wp\/v2\/pages\/1599\/revisions"}],"up":[{"embeddable":true,"href":"https:\/\/dubreuilville.ca\/fr\/wp-json\/wp\/v2\/pages\/1590"}],"wp:featuredmedia":[{"embeddable":true,"href":"https:\/\/dubreuilville.ca\/fr\/wp-json\/wp\/v2\/media\/6294"}],"wp:attachment":[{"href":"https:\/\/dubreuilville.ca\/fr\/wp-json\/wp\/v2\/media?parent=1599"}],"curies":[{"name":"wp","href":"https:\/\/api.w.org\/{rel}","templated":true}]}}