{"id":1592,"date":"2023-10-10T11:57:51","date_gmt":"2023-10-10T15:57:51","guid":{"rendered":"https:\/\/dubreuilville.ca\/?page_id=1592"},"modified":"2026-02-20T16:53:03","modified_gmt":"2026-02-20T21:53:03","slug":"a-propos-de-nous","status":"publish","type":"page","link":"https:\/\/dubreuilville.ca\/fr\/canton\/a-propos-de-nous\/","title":{"rendered":"\u00c0 propos de nous"},"content":{"rendered":"\t\t<div data-elementor-type=\"wp-page\" data-elementor-id=\"1592\" class=\"elementor elementor-1592 elementor-35\" data-elementor-post-type=\"page\">\n\t\t\t\t<div class=\"elementor-element elementor-element-4975bac e-flex e-con-boxed e-con e-parent\" data-id=\"4975bac\" data-element_type=\"container\" data-e-type=\"container\">\n\t\t\t\t\t<div class=\"e-con-inner\">\n\t\t\t\t<div class=\"elementor-element elementor-element-a4088e8 elementor-widget elementor-widget-heading\" data-id=\"a4088e8\" data-element_type=\"widget\" data-e-type=\"widget\" data-widget_type=\"heading.default\">\n\t\t\t\t\t<h2 class=\"elementor-heading-title elementor-size-default\">Vision, mission et valeurs communes<\/h2>\t\t\t\t<\/div>\n\t\t\t\t<div class=\"elementor-element elementor-element-22a40f9 elementor-widget elementor-widget-heading\" data-id=\"22a40f9\" data-element_type=\"widget\" data-e-type=\"widget\" data-widget_type=\"heading.default\">\n\t\t\t\t\t<h3 class=\"elementor-heading-title elementor-size-default\">D\u00e9claration de vision de Dubreuilville<\/h3>\t\t\t\t<\/div>\n\t\t\t\t<div class=\"elementor-element elementor-element-aad7cc5 elementor-widget elementor-widget-text-editor\" data-id=\"aad7cc5\" data-element_type=\"widget\" data-e-type=\"widget\" data-widget_type=\"text-editor.default\">\n\t\t\t\t\t\t\t\t\t<div class=\"page\" title=\"Page 1\"><div class=\"section\"><div class=\"layoutArea\"><div class=\"column\"><p>La Corporation du Canton de Dubreuilville se projette comme une communaut\u00e9 rurale francophone prosp\u00e8re, dynamique et en sant\u00e9. Capable de s\u2019adapter \u00e0 un monde en constante \u00e9volution, elle s\u2019efforce d\u2019offrir des occasions diversifi\u00e9es et une qualit\u00e9 de vie exceptionnelle \u00e0 l\u2019ensemble de ses r\u00e9sidents.<\/p><\/div><\/div><\/div><\/div>\t\t\t\t\t\t\t\t<\/div>\n\t\t\t\t<div class=\"elementor-element elementor-element-8957c80 elementor-widget elementor-widget-heading\" data-id=\"8957c80\" data-element_type=\"widget\" data-e-type=\"widget\" data-widget_type=\"heading.default\">\n\t\t\t\t\t<h3 class=\"elementor-heading-title elementor-size-default\">D\u00e9claration de mission de Dubreuilville<\/h3>\t\t\t\t<\/div>\n\t\t\t\t<div class=\"elementor-element elementor-element-82c2034 elementor-widget elementor-widget-text-editor\" data-id=\"82c2034\" data-element_type=\"widget\" data-e-type=\"widget\" data-widget_type=\"text-editor.default\">\n\t\t\t\t\t\t\t\t\t<div class=\"page\" title=\"Page 1\"><div class=\"section\"><div class=\"layoutArea\"><div class=\"column\"><p>Diversifier et renforcer la base \u00e9conomique de Dubreuilville gr\u00e2ce \u00e0 un d\u00e9veloppement durable; am\u00e9liorer la qualit\u00e9 et la gamme des services municipaux et communautaires; accro\u00eetre les possibilit\u00e9s en mati\u00e8re de logement; tout en pr\u00e9servant une qualit\u00e9 de vie \u00e9lev\u00e9e, en harmonie avec son environnement naturel.<\/p><\/div><\/div><\/div><\/div>\t\t\t\t\t\t\t\t<\/div>\n\t\t\t\t<div class=\"elementor-element elementor-element-af933d4 elementor-widget elementor-widget-heading\" data-id=\"af933d4\" data-element_type=\"widget\" data-e-type=\"widget\" data-widget_type=\"heading.default\">\n\t\t\t\t\t<h3 class=\"elementor-heading-title elementor-size-default\">Valeurs<\/h3>\t\t\t\t<\/div>\n\t\t\t\t<div class=\"elementor-element elementor-element-0e7cc84 elementor-widget elementor-widget-text-editor\" data-id=\"0e7cc84\" data-element_type=\"widget\" data-e-type=\"widget\" data-widget_type=\"text-editor.default\">\n\t\t\t\t\t\t\t\t\t<div class=\"page\" title=\"Page 2\"><div class=\"section\"><div class=\"layoutArea\"><div class=\"column\"><ul><li data-start=\"69\" data-end=\"80\">Respect<\/li><li data-start=\"83\" data-end=\"96\">Diversit\u00e9<\/li><li data-start=\"99\" data-end=\"110\">\u00c9galit\u00e9<\/li><li data-start=\"113\" data-end=\"124\">Culture<\/li><\/ul><\/div><\/div><\/div><\/div>\t\t\t\t\t\t\t\t<\/div>\n\t\t\t\t<div class=\"elementor-element elementor-element-0d60d15 elementor-widget elementor-widget-heading\" data-id=\"0d60d15\" data-element_type=\"widget\" data-e-type=\"widget\" data-widget_type=\"heading.default\">\n\t\t\t\t\t<h3 class=\"elementor-heading-title elementor-size-default\">Profil de la communaut\u00e9 - Dubreuilville, Ontario 2024<\/h3>\t\t\t\t<\/div>\n\t\t\t\t<div class=\"elementor-element elementor-element-2bfc325 elementor-widget elementor-widget-text-editor\" data-id=\"2bfc325\" data-element_type=\"widget\" data-e-type=\"widget\" data-widget_type=\"text-editor.default\">\n\t\t\t\t\t\t\t\t\t<div class=\"page\" title=\"Page 3\"><div class=\"section\"><div class=\"layoutArea\"><div class=\"column\"><p data-start=\"175\" data-end=\"485\">Le Canton de Dubreuilville est une fi\u00e8re communaut\u00e9 francophone nich\u00e9e au c\u0153ur de la for\u00eat Magpie, situ\u00e9e \u00e0 la jonction de la rivi\u00e8re Magpie et \u00e0 l\u2019extr\u00e9mit\u00e9 de la route 519 Est, \u00e0 partir de la route transcanadienne 17. Dubreuilville est une ville relativement jeune, dot\u00e9e d\u2019une histoire riche et color\u00e9e.<\/p><p data-start=\"487\" data-end=\"815\">Nos modes de vie, \u00e0 la fois travailleurs et aventureux, reposent sur les ressources naturelles environnantes, tandis que les technologies modernes propulsent rapidement Dubreuilville vers l\u2019\u00e8re contemporaine. Il en r\u00e9sulte une communaut\u00e9 dynamique qui b\u00e2tit un avenir solide sur les fondations \u00e9tablies par ses p\u00e8res fondateurs.<\/p><p data-start=\"817\" data-end=\"1240\">Notre mode de vie est typique de la culture francophone. Nous aimons la bonne cuisine, la musique entra\u00eenante, les rassemblements sociaux anim\u00e9s et une qualit\u00e9 de vie confortable, fond\u00e9e sur de solides valeurs familiales. Entour\u00e9e de la beaut\u00e9 verdoyante du Nord de l\u2019Ontario, Dubreuilville offre une infinit\u00e9 d\u2019activit\u00e9s tout au long de l\u2019ann\u00e9e pour r\u00e9pondre \u00e0 tous les go\u00fbts. Joignez-vous \u00e0 nous et prenez le temps de vivre !<\/p><\/div><\/div><\/div><\/div>\t\t\t\t\t\t\t\t<\/div>\n\t\t\t\t<div class=\"elementor-element elementor-element-45c54b6 elementor-widget elementor-widget-button\" data-id=\"45c54b6\" data-element_type=\"widget\" data-e-type=\"widget\" data-widget_type=\"button.default\">\n\t\t\t\t\t\t\t\t\t\t<a class=\"elementor-button elementor-button-link elementor-size-sm\" href=\"http:\/\/wp-content\/uploads\/2025\/06\/Dubreuilville_community_profile-2025.pdf\" target=\"_blank\">\n\t\t\t\t\t\t<span class=\"elementor-button-content-wrapper\">\n\t\t\t\t\t\t<span class=\"elementor-button-icon\">\n\t\t\t\t<i aria-hidden=\"true\" class=\"far fa-file-pdf\"><\/i>\t\t\t<\/span>\n\t\t\t\t\t\t\t\t\t<span class=\"elementor-button-text\">Profile communautaire de Dubreuilville 2024 EN<\/span>\n\t\t\t\t\t<\/span>\n\t\t\t\t\t<\/a>\n\t\t\t\t\t\t\t\t<\/div>\n\t\t\t\t<div class=\"elementor-element elementor-element-9ef4fb7 elementor-position-left elementor-position-top elementor-vertical-align-top elementor-widget elementor-widget-image-box\" data-id=\"9ef4fb7\" data-element_type=\"widget\" data-e-type=\"widget\" data-widget_type=\"image-box.default\">\n\t\t\t\t\t<div class=\"elementor-image-box-wrapper\"><figure class=\"elementor-image-box-img\"><img fetchpriority=\"high\" decoding=\"async\" width=\"881\" height=\"724\" src=\"https:\/\/dubreuilville.ca\/wp-content\/uploads\/2025\/02\/dubreuil_brothers.jpg\" class=\"attachment-full size-full wp-image-3644\" alt=\"\" srcset=\"https:\/\/dubreuilville.ca\/wp-content\/uploads\/2025\/02\/dubreuil_brothers.jpg 881w, https:\/\/dubreuilville.ca\/wp-content\/uploads\/2025\/02\/dubreuil_brothers-300x247.jpg 300w, https:\/\/dubreuilville.ca\/wp-content\/uploads\/2025\/02\/dubreuil_brothers-768x631.jpg 768w\" sizes=\"(max-width: 881px) 100vw, 881px\" \/><\/figure><div class=\"elementor-image-box-content\"><h3 class=\"elementor-image-box-title\">Histoire<\/h3><p class=\"elementor-image-box-description\">L\u2019histoire des quatre fr\u00e8res Dubreuil est de celles qui surprendraient m\u00eame les personnes les plus entreprenantes. Jeunes hommes, Napol\u00e9on, Joachim, Augustin et Marcel travaillaient tous pour leur p\u00e8re au sein d\u2019une petite entreprise familiale, fabriquant des portes, des fen\u00eatres et des cadres.\n\n\u00c0 la suite du d\u00e9c\u00e8s de leur p\u00e8re en 1945, les fr\u00e8res Dubreuil d\u00e9cid\u00e8rent de se lancer dans l\u2019industrie du sciage du bois. Avec un capital de 1 000 $, ils fond\u00e8rent la c\u00e9l\u00e8bre entreprise Dubreuil Brothers Ltd.\n\nEn 1947, les fr\u00e8res quitt\u00e8rent Taschereau, au Qu\u00e9bec, et s\u2019aventur\u00e8rent en Ontario afin d\u2019y gagner leur vie.<\/p><\/div><\/div>\t\t\t\t<\/div>\n\t\t\t\t<div class=\"elementor-element elementor-element-604c0da elementor-widget elementor-widget-text-editor\" data-id=\"604c0da\" data-element_type=\"widget\" data-e-type=\"widget\" data-widget_type=\"text-editor.default\">\n\t\t\t\t\t\t\t\t\t<div class=\"page\" title=\"Page 5\"><div class=\"layoutArea\"><div class=\"column\"><p data-start=\"219\" data-end=\"710\">Alors qu\u2019ils travaillaient comme petits entrepreneurs en r\u00e9colte foresti\u00e8re dans le Nord de l\u2019Ontario, les fr\u00e8res Dubreuil r\u00e9ussirent \u00e0 obtenir des concessions de lots de la Compagnie de chemin de fer Algoma Central (ACR) en 1951. Gr\u00e2ce \u00e0 ce nouveau contrat, ils recrut\u00e8rent environ trente hommes de la r\u00e9gion de Taschereau, construisirent deux scieries et pr\u00e8s de trente maisons. C\u2019est ainsi que naquit le petit village de Magpie, situ\u00e9 \u00e0 environ 18 km de l\u2019actuelle ville de Dubreuilville.<\/p><p data-start=\"712\" data-end=\"1223\">En 1958, Augustin Dubreuil inventa le \u00ab Sputnik \u00bb (affectueusement nomm\u00e9 en l\u2019honneur du premier satellite russe lanc\u00e9 dans l\u2019espace en 1957), un \u00e9quipement capable d\u2019acheminer des billes de bois de pleine longueur jusqu\u2019\u00e0 la scierie, gr\u00e2ce \u00e0 un seul op\u00e9rateur. Le \u00ab Sputnik \u00bb r\u00e9volutionna l\u2019industrie du sciage et fut adopt\u00e9 par de nombreuses autres scieries au Canada, aux \u00c9tats-Unis et en Su\u00e8de. Le proc\u00e9d\u00e9 permettant d\u2019amener des \u00ab arbres entiers \u00bb \u00e0 la scierie constituait une premi\u00e8re en Am\u00e9rique du Nord.<\/p><p data-start=\"1225\" data-end=\"1455\">Les fr\u00e8res Dubreuil furent intronis\u00e9s au <em data-start=\"1266\" data-end=\"1315\">Temple de la renomm\u00e9e de l\u2019industrie foresti\u00e8re<\/em> pour avoir \u00e9t\u00e9 des pionniers de ce proc\u00e9d\u00e9, transformant ainsi les m\u00e9thodes modernes d\u2019exploitation foresti\u00e8re partout en Am\u00e9rique du Nord.<\/p><p data-start=\"1457\" data-end=\"1644\">Au fil des ann\u00e9es, Dubreuilville a \u00e9galement b\u00e9n\u00e9fici\u00e9 d\u2019autres industries, notamment l\u2019exploitation mini\u00e8re et le tourisme, qui ont connu des p\u00e9riodes de prosp\u00e9rit\u00e9 \u00e0 diff\u00e9rents moments.<\/p><p data-start=\"1646\" data-end=\"1990\">L\u2019industrie aurif\u00e8re est actuellement men\u00e9e par Alamos Gold Inc., au site du district Island Gold, situ\u00e9 \u00e0 18 km de Dubreuilville. Le district Island Gold comprend les mines adjacentes Island Gold et Magino, deux exploitations de longue dur\u00e9e disposant d\u2019importantes r\u00e9serves et ressources min\u00e9rales, ainsi que d\u2019un fort potentiel d\u2019exploration.<\/p><p data-start=\"1992\" data-end=\"2335\">Island Gold est une mine souterraine et l\u2019une des mines d\u2019or les plus riches et les moins co\u00fbteuses au Canada. Magino est une vaste exploitation \u00e0 ciel ouvert situ\u00e9e \u00e0 moins de 300 m\u00e8tres du gisement Island Gold. La combinaison des sites Island Gold et Magino a permis de cr\u00e9er l\u2019une des plus grandes mines d\u2019or au plus faible co\u00fbt au Canada.<\/p><p data-start=\"2337\" data-end=\"2603\">La mine produit plus de 500 000 onces d\u2019or par ann\u00e9e et figure parmi les meilleures de l\u2019industrie. Environ le tiers de sa main-d\u2019\u0153uvre provient de Dubreuilville, tandis que d\u2019autres travailleurs se d\u00e9placent vers le site minier pour effectuer du travail par quarts.<\/p><p data-start=\"2605\" data-end=\"2833\">L\u2019entreprise a \u00e9tabli des installations de type dortoir (bunkhouses) \u00e0 l\u2019int\u00e9rieur des limites du Canton de Dubreuilville, en plus d\u2019occuper plusieurs maisons, appartements et b\u00e2timents sp\u00e9cialis\u00e9s afin de loger sa main-d\u2019\u0153uvre.<\/p><p data-start=\"2835\" data-end=\"3103\">Dubreuilville a toujours b\u00e9n\u00e9fici\u00e9 d\u2019une industrie touristique solide. La municipalit\u00e9 est particuli\u00e8rement reconnue pour ses sentiers hivernaux de motoneige, puisque plusieurs sentiers TOP de la F\u00e9d\u00e9ration des clubs de motoneige de l\u2019Ontario traversent Dubreuilville.<\/p><p data-start=\"3105\" data-end=\"3352\">Il est possible de voyager vers le nord jusqu\u2019\u00e0 Hornepayne et Hearst, vers l\u2019est jusqu\u2019\u00e0 Missanabie, vers l\u2019ouest jusqu\u2019aux villes de White River et Marathon, ou vers le sud pour rejoindre Hawk Junction, Wawa, Sault Ste. Marie, ainsi que Chapleau.<\/p><p data-start=\"3354\" data-end=\"3562\">Le vaste r\u00e9seau de sentiers, rendu possible gr\u00e2ce \u00e0 la construction historique de routes foresti\u00e8res sur les terres de la Couronne, fait la fiert\u00e9 de Dubreuilville et constitue l\u2019un de ses plus grands atouts.<\/p><\/div><\/div><\/div>\t\t\t\t\t\t\t\t<\/div>\n\t\t\t\t\t<\/div>\n\t\t\t\t<\/div>\n\t\t<div class=\"elementor-element elementor-element-ec21bb0 e-con-full animated-slow e-flex elementor-invisible e-con e-parent\" data-id=\"ec21bb0\" data-element_type=\"container\" data-e-type=\"container\" data-settings=\"{&quot;animation&quot;:&quot;fadeIn&quot;,&quot;animation_delay&quot;:250}\">\n\t\t<div class=\"elementor-element elementor-element-2e251e3 e-con-full e-flex e-con e-child\" data-id=\"2e251e3\" data-element_type=\"container\" data-e-type=\"container\">\n\t\t\t\t<div class=\"elementor-element elementor-element-c060f20 elementor-widget elementor-widget-heading\" data-id=\"c060f20\" data-element_type=\"widget\" data-e-type=\"widget\" data-widget_type=\"heading.default\">\n\t\t\t\t\t<h4 class=\"elementor-heading-title elementor-size-default\"><a href=\"https:\/\/dubreuilville.ca\/fr\/notre-communite\/demande-preoccupation-suggestion\/?open-ea11y-assistant=1&#038;open-ea11y-assistant-src=WP\">Formulaire de demande de service<\/a><\/h4>\t\t\t\t<\/div>\n\t\t\t\t<div data-dce-background-color=\"#FFFFFF\" class=\"elementor-element elementor-element-d921386 elementor-align-left elementor-widget elementor-widget-button\" data-id=\"d921386\" data-element_type=\"widget\" data-e-type=\"widget\" data-widget_type=\"button.default\">\n\t\t\t\t\t\t\t\t\t\t<a class=\"elementor-button elementor-button-link elementor-size-sm\" href=\"https:\/\/dubreuilville.ca\/fr\/notre-communite\/demande-preoccupation-suggestion\/?open-ea11y-assistant=1&#038;open-ea11y-assistant-src=WP\">\n\t\t\t\t\t\t<span class=\"elementor-button-content-wrapper\">\n\t\t\t\t\t\t<span class=\"elementor-button-icon\">\n\t\t\t\t<i aria-hidden=\"true\" class=\"fas fa-arrow-right\"><\/i>\t\t\t<\/span>\n\t\t\t\t\t\t\t\t<\/span>\n\t\t\t\t\t<\/a>\n\t\t\t\t\t\t\t\t<\/div>\n\t\t\t\t<\/div>\n\t\t<div class=\"elementor-element elementor-element-ce8c0ba e-con-full e-flex e-con e-child\" data-id=\"ce8c0ba\" data-element_type=\"container\" data-e-type=\"container\">\n\t\t\t\t<div class=\"elementor-element elementor-element-3dbe5e5 elementor-widget elementor-widget-heading\" data-id=\"3dbe5e5\" data-element_type=\"widget\" data-e-type=\"widget\" data-widget_type=\"heading.default\">\n\t\t\t\t\t<h4 class=\"elementor-heading-title elementor-size-default\"><a href=\"https:\/\/dubreuilville.ca\/fr\/canton\/mairesse-et-conseillers\/?open-ea11y-assistant=1&#038;open-ea11y-assistant-src=WP\">Maire et Conseil<\/a><\/h4>\t\t\t\t<\/div>\n\t\t\t\t<div data-dce-background-color=\"#FFFFFF\" class=\"elementor-element elementor-element-09b197f elementor-align-left elementor-widget elementor-widget-button\" data-id=\"09b197f\" data-element_type=\"widget\" data-e-type=\"widget\" data-widget_type=\"button.default\">\n\t\t\t\t\t\t\t\t\t\t<a class=\"elementor-button elementor-button-link elementor-size-sm\" href=\"https:\/\/dubreuilville.ca\/fr\/canton\/mairesse-et-conseillers\/?open-ea11y-assistant=1&#038;open-ea11y-assistant-src=WP\">\n\t\t\t\t\t\t<span class=\"elementor-button-content-wrapper\">\n\t\t\t\t\t\t<span class=\"elementor-button-icon\">\n\t\t\t\t<i aria-hidden=\"true\" class=\"fas fa-arrow-right\"><\/i>\t\t\t<\/span>\n\t\t\t\t\t\t\t\t<\/span>\n\t\t\t\t\t<\/a>\n\t\t\t\t\t\t\t\t<\/div>\n\t\t\t\t<\/div>\n\t\t<div class=\"elementor-element elementor-element-f9c8559 e-con-full e-flex e-con e-child\" data-id=\"f9c8559\" data-element_type=\"container\" data-e-type=\"container\">\n\t\t\t\t<div class=\"elementor-element elementor-element-c8cd967 elementor-widget elementor-widget-heading\" data-id=\"c8cd967\" data-element_type=\"widget\" data-e-type=\"widget\" data-widget_type=\"heading.default\">\n\t\t\t\t\t<h4 class=\"elementor-heading-title elementor-size-default\"><a href=\"https:\/\/dubreuilville.ca\/fr\/canton\/arretes-municipaux\/?open-ea11y-assistant=1&#038;open-ea11y-assistant-src=WP\">R\u00e8glements municipaux<\/a><\/h4>\t\t\t\t<\/div>\n\t\t\t\t<div data-dce-background-color=\"#FFFFFF\" class=\"elementor-element elementor-element-ad0e153 elementor-align-left elementor-widget elementor-widget-button\" data-id=\"ad0e153\" data-element_type=\"widget\" data-e-type=\"widget\" data-widget_type=\"button.default\">\n\t\t\t\t\t\t\t\t\t\t<a class=\"elementor-button elementor-button-link elementor-size-sm\" href=\"https:\/\/dubreuilville.ca\/fr\/canton\/arretes-municipaux\/?open-ea11y-assistant=1&#038;open-ea11y-assistant-src=WP\">\n\t\t\t\t\t\t<span class=\"elementor-button-content-wrapper\">\n\t\t\t\t\t\t<span class=\"elementor-button-icon\">\n\t\t\t\t<i aria-hidden=\"true\" class=\"fas fa-arrow-right\"><\/i>\t\t\t<\/span>\n\t\t\t\t\t\t\t\t<\/span>\n\t\t\t\t\t<\/a>\n\t\t\t\t\t\t\t\t<\/div>\n\t\t\t\t<\/div>\n\t\t\t\t<\/div>\n\t\t<div class=\"elementor-element elementor-element-ec38b20 e-flex e-con-boxed e-con e-parent\" data-id=\"ec38b20\" data-element_type=\"container\" data-e-type=\"container\">\n\t\t\t\t\t<div class=\"e-con-inner\">\n\t\t\t\t\t<\/div>\n\t\t\t\t<\/div>\n\t\t\t\t<\/div>\n\t\t","protected":false},"excerpt":{"rendered":"<p>Vision, mission et valeurs communes D\u00e9claration de vision de Dubreuilville La Corporation du Canton de Dubreuilville se projette comme une communaut\u00e9 rurale francophone prosp\u00e8re, dynamique et en sant\u00e9. Capable de s\u2019adapter \u00e0 un monde en constante \u00e9volution, elle s\u2019efforce d\u2019offrir des occasions diversifi\u00e9es et une qualit\u00e9 de vie exceptionnelle \u00e0 l\u2019ensemble de ses r\u00e9sidents. D\u00e9claration [&hellip;]<\/p>\n","protected":false},"author":1,"featured_media":6291,"parent":1590,"menu_order":0,"comment_status":"closed","ping_status":"closed","template":"","meta":{"_acf_changed":false,"footnotes":""},"class_list":["post-1592","page","type-page","status-publish","has-post-thumbnail","hentry"],"acf":[],"_links":{"self":[{"href":"https:\/\/dubreuilville.ca\/fr\/wp-json\/wp\/v2\/pages\/1592","targetHints":{"allow":["GET"]}}],"collection":[{"href":"https:\/\/dubreuilville.ca\/fr\/wp-json\/wp\/v2\/pages"}],"about":[{"href":"https:\/\/dubreuilville.ca\/fr\/wp-json\/wp\/v2\/types\/page"}],"author":[{"embeddable":true,"href":"https:\/\/dubreuilville.ca\/fr\/wp-json\/wp\/v2\/users\/1"}],"replies":[{"embeddable":true,"href":"https:\/\/dubreuilville.ca\/fr\/wp-json\/wp\/v2\/comments?post=1592"}],"version-history":[{"count":0,"href":"https:\/\/dubreuilville.ca\/fr\/wp-json\/wp\/v2\/pages\/1592\/revisions"}],"up":[{"embeddable":true,"href":"https:\/\/dubreuilville.ca\/fr\/wp-json\/wp\/v2\/pages\/1590"}],"wp:featuredmedia":[{"embeddable":true,"href":"https:\/\/dubreuilville.ca\/fr\/wp-json\/wp\/v2\/media\/6291"}],"wp:attachment":[{"href":"https:\/\/dubreuilville.ca\/fr\/wp-json\/wp\/v2\/media?parent=1592"}],"curies":[{"name":"wp","href":"https:\/\/api.w.org\/{rel}","templated":true}]}}