{"id":1582,"date":"2023-10-10T13:48:56","date_gmt":"2023-10-10T17:48:56","guid":{"rendered":"https:\/\/dubreuilville.ca\/?page_id=1582"},"modified":"2026-03-23T09:02:08","modified_gmt":"2026-03-23T13:02:08","slug":"recreation","status":"publish","type":"page","link":"https:\/\/dubreuilville.ca\/fr\/notre-communite\/recreation\/","title":{"rendered":"R\u00e9cr\u00e9ation"},"content":{"rendered":"\t\t<div data-elementor-type=\"wp-page\" data-elementor-id=\"1582\" class=\"elementor elementor-1582 elementor-59\" data-elementor-post-type=\"page\">\n\t\t\t\t<div class=\"elementor-element elementor-element-3fb5e30 e-flex e-con-boxed e-con e-parent\" data-id=\"3fb5e30\" data-element_type=\"container\" data-e-type=\"container\">\n\t\t\t\t\t<div class=\"e-con-inner\">\n\t\t\t\t<div class=\"elementor-element elementor-element-2beb18f elementor-widget elementor-widget-heading\" data-id=\"2beb18f\" data-element_type=\"widget\" data-e-type=\"widget\" data-widget_type=\"heading.default\">\n\t\t\t\t\t<h2 class=\"elementor-heading-title elementor-size-default\">Du plaisir pour tous !<\/h2>\t\t\t\t<\/div>\n\t\t\t\t<div class=\"elementor-element elementor-element-5452e0d elementor-widget elementor-widget-text-editor\" data-id=\"5452e0d\" data-element_type=\"widget\" data-e-type=\"widget\" data-widget_type=\"text-editor.default\">\n\t\t\t\t\t\t\t\t\t<p>Favoriser un mode de vie actif pour tous les r\u00e9sidents, afin que chacun puisse s\u2019\u00e9panouir et profiter pleinement de la vie \u00e0 Dubreuilville.<\/p>\t\t\t\t\t\t\t\t<\/div>\n\t\t\t\t\t<\/div>\n\t\t\t\t<\/div>\n\t\t<div class=\"elementor-element elementor-element-87a1e5f e-con-full e-flex e-con e-parent\" data-id=\"87a1e5f\" data-element_type=\"container\" data-e-type=\"container\">\n\t\t<div class=\"elementor-element elementor-element-fba290d e-con-full animated-slow e-flex elementor-invisible e-con e-child\" data-id=\"fba290d\" data-element_type=\"container\" data-e-type=\"container\" data-settings=\"{&quot;animation&quot;:&quot;fadeIn&quot;,&quot;animation_delay&quot;:250}\">\n\t\t\t\t<div class=\"elementor-element elementor-element-6cbefe3 elementor-widget elementor-widget-text-editor\" data-id=\"6cbefe3\" data-element_type=\"widget\" data-e-type=\"widget\" data-widget_type=\"text-editor.default\">\n\t\t\t\t\t\t\t\t\t<h3>Centre r\u00e9cr\u00e9atif Eddy K. Lefran\u00e7ois<\/h3><p data-start=\"181\" data-end=\"487\">Le Centre r\u00e9cr\u00e9atif Eddy K. Lefran\u00e7ois est un lieu incontournable de notre communaut\u00e9 depuis sa cr\u00e9ation par des b\u00e9n\u00e9voles locaux en 1977. Aujourd\u2019hui, cette magnifique ar\u00e9na est un endroit o\u00f9 les r\u00e9sidents de Dubreuilville se rassemblent pour adopter un mode de vie actif et profiter pleinement de la vie.<\/p><p data-start=\"489\" data-end=\"791\">On y retrouve des activit\u00e9s telles que le patinage artistique, le hockey, le patinage libre public, ainsi qu\u2019une vari\u00e9t\u00e9 d\u2019\u00e9v\u00e9nements communautaires dans notre belle salle de banquet \u00e0 l\u2019\u00e9tage. Le Centre r\u00e9cr\u00e9atif Eddy K. Lefran\u00e7ois est l\u2019endroit id\u00e9al pour s\u2019amuser, se rencontrer et tisser des liens!<\/p><p data-start=\"793\" data-end=\"928\">La saison d\u2019activit\u00e9s s\u2019\u00e9tend g\u00e9n\u00e9ralement d\u2019octobre \u00e0 mars. Vous pouvez consulter les d\u00e9tails de la programmation annuelle ci-dessous.<\/p><p data-start=\"930\" data-end=\"1110\">Pour toute question ou pour obtenir plus de renseignements, n\u2019h\u00e9sitez pas \u00e0 communiquer avec notre \u00e9quipe municipale au <a href=\"tel:705-884-2340\">705-884-2340<\/a>, poste 121. Nous sommes l\u00e0 pour vous aider!<\/p><p data-start=\"930\" data-end=\"1110\"><a href=\"https:\/\/dubreuilville.ca\/wp-content\/uploads\/2026\/03\/Arena-2025-2026-Horaire-de-glace-Ice-Time-Schedule.jpg\" target=\"_blank\" rel=\"noopener\">Horaire de glace 2025-2026<\/a><\/p>\t\t\t\t\t\t\t\t<\/div>\n\t\t\t\t<\/div>\n\t\t<div data-dce-background-image-url=\"https:\/\/dubreuilville.ca\/wp-content\/uploads\/2026\/03\/618368861_10165199606659672_8360123332636242550_n.jpg\" class=\"elementor-element elementor-element-dcd6746 e-con-full e-flex e-con e-child\" data-id=\"dcd6746\" data-element_type=\"container\" data-e-type=\"container\" data-settings=\"{&quot;background_background&quot;:&quot;classic&quot;,&quot;background_motion_fx_motion_fx_scrolling&quot;:&quot;yes&quot;,&quot;background_motion_fx_translateY_effect&quot;:&quot;yes&quot;,&quot;background_motion_fx_translateY_speed&quot;:{&quot;unit&quot;:&quot;px&quot;,&quot;size&quot;:6,&quot;sizes&quot;:[]},&quot;background_motion_fx_translateY_affectedRange&quot;:{&quot;unit&quot;:&quot;%&quot;,&quot;size&quot;:&quot;&quot;,&quot;sizes&quot;:{&quot;start&quot;:0,&quot;end&quot;:100}},&quot;background_motion_fx_devices&quot;:[&quot;desktop&quot;,&quot;tablet_extra&quot;,&quot;tablet&quot;,&quot;mobile&quot;]}\">\n\t\t\t\t<\/div>\n\t\t\t\t<\/div>\n\t\t<div class=\"elementor-element elementor-element-17b7a98 e-con-full e-flex e-con e-parent\" data-id=\"17b7a98\" data-element_type=\"container\" data-e-type=\"container\">\n\t\t<div data-dce-background-image-url=\"https:\/\/dubreuilville.ca\/wp-content\/uploads\/2026\/03\/509441586_1139023084918100_757530051895724231_n.jpg\" class=\"elementor-element elementor-element-bae6492 e-con-full e-flex e-con e-child\" data-id=\"bae6492\" data-element_type=\"container\" data-e-type=\"container\" data-settings=\"{&quot;background_background&quot;:&quot;classic&quot;,&quot;background_motion_fx_motion_fx_scrolling&quot;:&quot;yes&quot;,&quot;background_motion_fx_translateY_effect&quot;:&quot;yes&quot;,&quot;background_motion_fx_translateY_speed&quot;:{&quot;unit&quot;:&quot;px&quot;,&quot;size&quot;:6,&quot;sizes&quot;:[]},&quot;background_motion_fx_translateY_affectedRange&quot;:{&quot;unit&quot;:&quot;%&quot;,&quot;size&quot;:&quot;&quot;,&quot;sizes&quot;:{&quot;start&quot;:0,&quot;end&quot;:100}},&quot;background_motion_fx_devices&quot;:[&quot;desktop&quot;,&quot;tablet_extra&quot;,&quot;tablet&quot;,&quot;mobile&quot;]}\">\n\t\t\t\t<\/div>\n\t\t<div class=\"elementor-element elementor-element-6624752 e-con-full animated-slow e-flex elementor-invisible e-con e-child\" data-id=\"6624752\" data-element_type=\"container\" data-e-type=\"container\" data-settings=\"{&quot;animation&quot;:&quot;fadeIn&quot;,&quot;animation_delay&quot;:250}\">\n\t\t\t\t<div class=\"elementor-element elementor-element-52b050e elementor-widget elementor-widget-text-editor\" data-id=\"52b050e\" data-element_type=\"widget\" data-e-type=\"widget\" data-widget_type=\"text-editor.default\">\n\t\t\t\t\t\t\t\t\t<h3 class=\"p1\">Navigation de plaisance<\/h3><p data-start=\"126\" data-end=\"358\">La navigation de plaisance est une excellente fa\u00e7on de profiter d\u2019une foule d\u2019activit\u00e9s et de sports nautiques, comme la p\u00eache, le ski nautique, la bou\u00e9e tract\u00e9e et la baignade \u2014 et Dubreuilville est l\u2019endroit id\u00e9al pour tout cela !<\/p><p data-start=\"360\" data-end=\"649\">Nos lacs et rivi\u00e8res regorgent de dor\u00e9s, de brochets et de truites, offrant d\u2019abondantes possibilit\u00e9s de p\u00eache. N\u2019h\u00e9sitez pas \u00e0 discuter avec les r\u00e9sidents que vous croiserez : ils se feront un plaisir de vous indiquer leurs endroits pr\u00e9f\u00e9r\u00e9s selon l\u2019activit\u00e9 que vous souhaitez pratiquer.<\/p>\t\t\t\t\t\t\t\t<\/div>\n\t\t\t\t<\/div>\n\t\t\t\t<\/div>\n\t\t<div class=\"elementor-element elementor-element-e5e6d1f e-con-full e-flex e-con e-parent\" data-id=\"e5e6d1f\" data-element_type=\"container\" data-e-type=\"container\">\n\t\t<div class=\"elementor-element elementor-element-4030383 e-con-full animated-slow e-flex elementor-invisible e-con e-child\" data-id=\"4030383\" data-element_type=\"container\" data-e-type=\"container\" data-settings=\"{&quot;animation&quot;:&quot;fadeIn&quot;,&quot;animation_delay&quot;:250}\">\n\t\t\t\t<div class=\"elementor-element elementor-element-0354ca6 elementor-widget elementor-widget-text-editor\" data-id=\"0354ca6\" data-element_type=\"widget\" data-e-type=\"widget\" data-widget_type=\"text-editor.default\">\n\t\t\t\t\t\t\t\t\t<h3 class=\"p1\">Camping<\/h3><p class=\"p1\">De nombreux magnifiques sites de camping entourent Dubreuilville et n\u2019attendent que d\u2019\u00eatre d\u00e9couverts !<\/p><h5 class=\"p1\"><span class=\"s1\">Terrain de camping du Lac Vert<\/span><\/h5><p data-start=\"263\" data-end=\"526\">La Corporation du Canton de Dubreuilville exploite le terrain de camping du lac Green, situ\u00e9 sur le chemin Green Lake. Treize (13) emplacements enti\u00e8rement am\u00e9nag\u00e9s (\u00e9lectricit\u00e9, eau et \u00e9gout) sont offerts en location \u00e0 la journ\u00e9e, \u00e0 la semaine ou pour la saison.<\/p><p data-start=\"528\" data-end=\"708\">Pour toute demande de renseignements ou de r\u00e9servation, veuillez communiquer avec nous par courriel \u00e0\u00a0<a href=\"mailto:township@dubreuilville.ca\"><span class=\"s2\">township@dubreuilville.ca<\/span><\/a><span class=\"Apple-converted-space\"> ou par t\u00e9l\u00e9phone au<\/span>\u00a0<a href=\"tel:705-884-2340\">705-884-2340,<\/a> poste 121.<\/p><h5 class=\"p1\"><span class=\"s1\">Terrain de camping du lac Rogers \u2013 Club Lions <\/span><\/h5><p data-start=\"766\" data-end=\"1047\">Si vous \u00eates \u00e0 la recherche d\u2019une excellente destination de camping, ne cherchez plus ! Situ\u00e9 \u00e0 environ 8 km de Dubreuilville, ce terrain de camping est exploit\u00e9 par les membres d\u00e9vou\u00e9s du Club Lions, avec l\u2019autorisation du minist\u00e8re des Richesses naturelles d\u2019utiliser le terrain.<\/p><p data-start=\"1049\" data-end=\"1293\">Ces b\u00e9n\u00e9voles engag\u00e9s travaillent sans rel\u00e2che pour entretenir le site et offrir une exp\u00e9rience agr\u00e9able \u00e0 tous les visiteurs. Tout au long de la saison, diverses activit\u00e9s y sont organis\u00e9es, dont le tr\u00e8s populaire week-end No\u00ebl en juillet.<\/p><p data-start=\"1295\" data-end=\"1457\">Pour plus d\u2019information, vous pouvez communiquer avec Martin \u00e0 <a href=\"mailto:martinberg2008@hotmail.com\">martinberg2008@hotmail.com<\/a> ou composez le\u00a0 <a href=\"tel:705-852-0551\">705-852-0551<\/a>. Vous pouvez aussi contacter Mario \u00e0 <a href=\"mailto:Bergeron.mario29@gmail.com\">Bergeron.mario29@gmail.com<\/a> ou par t\u00e9l\u00e9phone au <a href=\"tel:705-856-6029\">705-856-6029<\/a>. Ils ont h\u00e2te de vous accueillir !<\/p><h5 class=\"p1\"><span class=\"s1\">Camping sur les terres de la Couronne<\/span><\/h5><p data-start=\"1542\" data-end=\"1694\">Le camping est permis <strong data-start=\"1564\" data-end=\"1580\">gratuitement<\/strong> sur la plupart des terres de la Couronne en Ontario, y compris sur les terres de la Couronne recouvertes d\u2019eau.<\/p><p data-start=\"1696\" data-end=\"1756\">Pour en savoir davantage, veuillez consulter <a href=\"https:\/\/www.ontario.ca\/fr\/page\/activites-de-loisir-sur-les-terres-de-la-couronne\"><span class=\"s2\">Ontario.ca<\/span><\/a>.<\/p>\t\t\t\t\t\t\t\t<\/div>\n\t\t\t\t<\/div>\n\t\t<div data-dce-background-image-url=\"https:\/\/dubreuilville.ca\/wp-content\/uploads\/2023\/12\/Campgrounds-1026x1536.jpg\" class=\"elementor-element elementor-element-20cacc3 e-con-full e-flex e-con e-child\" data-id=\"20cacc3\" data-element_type=\"container\" data-e-type=\"container\" data-settings=\"{&quot;background_background&quot;:&quot;classic&quot;,&quot;background_motion_fx_motion_fx_scrolling&quot;:&quot;yes&quot;,&quot;background_motion_fx_translateY_effect&quot;:&quot;yes&quot;,&quot;background_motion_fx_translateY_speed&quot;:{&quot;unit&quot;:&quot;px&quot;,&quot;size&quot;:6,&quot;sizes&quot;:[]},&quot;background_motion_fx_translateY_affectedRange&quot;:{&quot;unit&quot;:&quot;%&quot;,&quot;size&quot;:&quot;&quot;,&quot;sizes&quot;:{&quot;start&quot;:0,&quot;end&quot;:100}},&quot;background_motion_fx_devices&quot;:[&quot;desktop&quot;,&quot;tablet_extra&quot;,&quot;tablet&quot;,&quot;mobile&quot;]}\">\n\t\t\t\t<\/div>\n\t\t\t\t<\/div>\n\t\t<div class=\"elementor-element elementor-element-2fbede9 e-con-full e-flex e-con e-parent\" data-id=\"2fbede9\" data-element_type=\"container\" data-e-type=\"container\">\n\t\t<div data-dce-background-image-url=\"https:\/\/dubreuilville.ca\/wp-content\/uploads\/2026\/03\/1000011114-1.jpg\" class=\"elementor-element elementor-element-f8cb313 e-con-full e-flex e-con e-child\" data-id=\"f8cb313\" data-element_type=\"container\" data-e-type=\"container\" data-settings=\"{&quot;background_background&quot;:&quot;classic&quot;,&quot;background_motion_fx_motion_fx_scrolling&quot;:&quot;yes&quot;,&quot;background_motion_fx_translateY_effect&quot;:&quot;yes&quot;,&quot;background_motion_fx_translateY_speed&quot;:{&quot;unit&quot;:&quot;px&quot;,&quot;size&quot;:6,&quot;sizes&quot;:[]},&quot;background_motion_fx_translateY_affectedRange&quot;:{&quot;unit&quot;:&quot;%&quot;,&quot;size&quot;:&quot;&quot;,&quot;sizes&quot;:{&quot;start&quot;:0,&quot;end&quot;:100}},&quot;background_motion_fx_devices&quot;:[&quot;desktop&quot;,&quot;tablet_extra&quot;,&quot;tablet&quot;,&quot;mobile&quot;]}\">\n\t\t\t\t<\/div>\n\t\t<div class=\"elementor-element elementor-element-8f5e3b1 e-con-full animated-slow e-flex elementor-invisible e-con e-child\" data-id=\"8f5e3b1\" data-element_type=\"container\" data-e-type=\"container\" data-settings=\"{&quot;animation&quot;:&quot;fadeIn&quot;,&quot;animation_delay&quot;:250}\">\n\t\t\t\t<div class=\"elementor-element elementor-element-df3f429 elementor-widget elementor-widget-text-editor\" data-id=\"df3f429\" data-element_type=\"widget\" data-e-type=\"widget\" data-widget_type=\"text-editor.default\">\n\t\t\t\t\t\t\t\t\t<h3 class=\"p1\">Plage du Lac Vert<\/h3><p class=\"p1\">La plage du Lac Vert est peut-\u00eatre un peu intime, mais elle est parfaite pour passer une belle journ\u00e9e \u00e0 l\u2019ext\u00e9rieur ! Vous pouvez profiter de l\u2019ombre du charmant gazebo couvert ou commencer une partie au filet de volleyball. Des toilettes portatives sont disponibles pour votre commodit\u00e9, mais veuillez noter qu\u2019il n\u2019y a pas de sauveteur sur place. Dans l\u2019ensemble, c\u2019est un magnifique petit coin sablonneux pour se d\u00e9tendre, relaxer et profiter du soleil !<\/p>\t\t\t\t\t\t\t\t<\/div>\n\t\t\t\t<\/div>\n\t\t\t\t<\/div>\n\t\t<div class=\"elementor-element elementor-element-41e2d1c e-con-full e-flex e-con e-parent\" data-id=\"41e2d1c\" data-element_type=\"container\" data-e-type=\"container\">\n\t\t<div data-dce-background-image-url=\"https:\/\/dubreuilville.ca\/wp-content\/uploads\/2026\/03\/1000006637.jpg\" class=\"elementor-element elementor-element-8931214 e-con-full e-flex e-con e-child\" data-id=\"8931214\" data-element_type=\"container\" data-e-type=\"container\" data-settings=\"{&quot;background_background&quot;:&quot;classic&quot;,&quot;background_motion_fx_motion_fx_scrolling&quot;:&quot;yes&quot;,&quot;background_motion_fx_translateY_effect&quot;:&quot;yes&quot;,&quot;background_motion_fx_translateY_speed&quot;:{&quot;unit&quot;:&quot;px&quot;,&quot;size&quot;:6,&quot;sizes&quot;:[]},&quot;background_motion_fx_translateY_affectedRange&quot;:{&quot;unit&quot;:&quot;%&quot;,&quot;size&quot;:&quot;&quot;,&quot;sizes&quot;:{&quot;start&quot;:0,&quot;end&quot;:100}},&quot;background_motion_fx_devices&quot;:[&quot;desktop&quot;,&quot;tablet_extra&quot;,&quot;tablet&quot;,&quot;mobile&quot;]}\">\n\t\t\t\t<\/div>\n\t\t<div class=\"elementor-element elementor-element-43e739f e-con-full animated-slow e-flex elementor-invisible e-con e-child\" data-id=\"43e739f\" data-element_type=\"container\" data-e-type=\"container\" data-settings=\"{&quot;animation&quot;:&quot;fadeIn&quot;,&quot;animation_delay&quot;:250}\">\n\t\t\t\t<div class=\"elementor-element elementor-element-4ed6ad2 elementor-widget elementor-widget-text-editor\" data-id=\"4ed6ad2\" data-element_type=\"widget\" data-e-type=\"widget\" data-widget_type=\"text-editor.default\">\n\t\t\t\t\t\t\t\t\t<h3 class=\"p1\">Parcs et terrains de jeux<\/h3><h5 class=\"p1\"><span class=\"s1\">Terrain de balle<\/span><\/h5><p class=\"p1\">En vous promenant pr\u00e8s du terrain de jeux pour enfants de Dubreuilville, vous d\u00e9couvrirez tout pr\u00e8s un terrain de balle amusant ! C\u2019est un excellent endroit pour voir les gens profiter du plein air tout en jouant. Gardez l\u2019\u0153il ouvert pour les annonces concernant les soir\u00e9es de matchs en groupe \u00e0 venir \u2014 tout le monde est invit\u00e9 \u00e0 se joindre au plaisir !<\/p><h5 class=\"p1\">Terrain de jeux pour enfants de Dubreuilville<\/h5><p data-start=\"603\" data-end=\"1009\">Le terrain de jeux pour enfants de Dubreuilville est un endroit formidable pour s\u2019amuser, offrant une vari\u00e9t\u00e9 d\u2019\u00e9quipements comme des balan\u00e7oires, des glissades et des structures d\u2019escalade que les enfants adorent. S\u2019\u00e9tendant sur environ un acre, il est id\u00e9alement situ\u00e9 au c\u0153ur du village, \u00e0 quelques pas de la plupart des r\u00e9sidences et \u00e0 seulement quelques centaines de m\u00e8tres de l\u2019\u00e9cole primaire locale.<\/p><p data-start=\"1011\" data-end=\"1142\">\u00c9tant le seul terrain de jeux en ville, il est tr\u00e8s populaire durant les mois d\u2019\u00e9t\u00e9, anim\u00e9 par les rires et l\u2019\u00e9nergie des familles.<\/p><h5 class=\"p1\"><span class=\"s1\">Parc Strongman<\/span><\/h5><p class=\"p1\">Juste en face du Centre r\u00e9cr\u00e9atif Eddy K. Lefran\u00e7ois, vous trouverez un endroit accueillant pour vous asseoir et vous d\u00e9tendre, ainsi qu\u2019un terrain multisport cl\u00f4tur\u00e9. C\u2019est un lieu anim\u00e9 o\u00f9 l\u2019on voit souvent de nombreuses personnes profiter de l\u2019espace, particuli\u00e8rement en soir\u00e9e !<\/p>\t\t\t\t\t\t\t\t<\/div>\n\t\t\t\t<\/div>\n\t\t\t\t<\/div>\n\t\t<div class=\"elementor-element elementor-element-e00f69f e-con-full animated-slow e-flex elementor-invisible e-con e-parent\" data-id=\"e00f69f\" data-element_type=\"container\" data-e-type=\"container\" data-settings=\"{&quot;animation&quot;:&quot;fadeIn&quot;,&quot;animation_delay&quot;:250}\">\n\t\t<div class=\"elementor-element elementor-element-fc4b6a2 e-con-full e-flex e-con e-child\" data-id=\"fc4b6a2\" data-element_type=\"container\" data-e-type=\"container\">\n\t\t\t\t<div class=\"elementor-element elementor-element-1b5c082 elementor-widget elementor-widget-heading\" data-id=\"1b5c082\" data-element_type=\"widget\" data-e-type=\"widget\" data-widget_type=\"heading.default\">\n\t\t\t\t\t<h4 class=\"elementor-heading-title elementor-size-default\"><a href=\"https:\/\/dubreuilville.ca\/fr\/notre-communite\/aventures-en-plein-air\/?open-ea11y-assistant=1&#038;open-ea11y-assistant-src=WP\">Aventures en plein air<\/a><\/h4>\t\t\t\t<\/div>\n\t\t\t\t<div data-dce-background-color=\"#FFFFFF\" class=\"elementor-element elementor-element-c678541 elementor-align-left elementor-widget elementor-widget-button\" data-id=\"c678541\" data-element_type=\"widget\" data-e-type=\"widget\" data-widget_type=\"button.default\">\n\t\t\t\t\t\t\t\t\t\t<a class=\"elementor-button elementor-button-link elementor-size-sm\" href=\"https:\/\/dubreuilville.ca\/fr\/notre-communite\/aventures-en-plein-air\/?open-ea11y-assistant=1&#038;open-ea11y-assistant-src=WP\">\n\t\t\t\t\t\t<span class=\"elementor-button-content-wrapper\">\n\t\t\t\t\t\t<span class=\"elementor-button-icon\">\n\t\t\t\t<i aria-hidden=\"true\" class=\"fas fa-arrow-right\"><\/i>\t\t\t<\/span>\n\t\t\t\t\t\t\t\t<\/span>\n\t\t\t\t\t<\/a>\n\t\t\t\t\t\t\t\t<\/div>\n\t\t\t\t<\/div>\n\t\t<div class=\"elementor-element elementor-element-f6a8415 e-con-full e-flex e-con e-child\" data-id=\"f6a8415\" data-element_type=\"container\" data-e-type=\"container\">\n\t\t\t\t<div class=\"elementor-element elementor-element-1e2a5fc elementor-widget elementor-widget-heading\" data-id=\"1e2a5fc\" data-element_type=\"widget\" data-e-type=\"widget\" data-widget_type=\"heading.default\">\n\t\t\t\t\t<h4 class=\"elementor-heading-title elementor-size-default\"><a href=\"https:\/\/dubreuilville.ca\/fr\/notre-communite\/calendrier-communautaire\/?open-ea11y-assistant=1&#038;open-ea11y-assistant-src=WP\">Calendrier communautaire<\/a><\/h4>\t\t\t\t<\/div>\n\t\t\t\t<div data-dce-background-color=\"#FFFFFF\" class=\"elementor-element elementor-element-3d9cc3c elementor-align-left elementor-widget elementor-widget-button\" data-id=\"3d9cc3c\" data-element_type=\"widget\" data-e-type=\"widget\" data-widget_type=\"button.default\">\n\t\t\t\t\t\t\t\t\t\t<a class=\"elementor-button elementor-button-link elementor-size-sm\" href=\"https:\/\/dubreuilville.ca\/fr\/notre-communite\/calendrier-communautaire\/?open-ea11y-assistant=1&#038;open-ea11y-assistant-src=WP\">\n\t\t\t\t\t\t<span class=\"elementor-button-content-wrapper\">\n\t\t\t\t\t\t<span class=\"elementor-button-icon\">\n\t\t\t\t<i aria-hidden=\"true\" class=\"fas fa-arrow-right\"><\/i>\t\t\t<\/span>\n\t\t\t\t\t\t\t\t<\/span>\n\t\t\t\t\t<\/a>\n\t\t\t\t\t\t\t\t<\/div>\n\t\t\t\t<\/div>\n\t\t<div class=\"elementor-element elementor-element-3f2fb75 e-con-full e-flex e-con e-child\" data-id=\"3f2fb75\" data-element_type=\"container\" data-e-type=\"container\">\n\t\t\t\t<div class=\"elementor-element elementor-element-20d93ee elementor-widget elementor-widget-heading\" data-id=\"20d93ee\" data-element_type=\"widget\" data-e-type=\"widget\" data-widget_type=\"heading.default\">\n\t\t\t\t\t<h4 class=\"elementor-heading-title elementor-size-default\"><a href=\"https:\/\/dubreuilville.ca\/fr\/canton\/locations\/?open-ea11y-assistant=1&#038;open-ea11y-assistant-src=WP\">Locations<\/a><\/h4>\t\t\t\t<\/div>\n\t\t\t\t<div data-dce-background-color=\"#FFFFFF\" class=\"elementor-element elementor-element-f2bffb5 elementor-align-left elementor-widget elementor-widget-button\" data-id=\"f2bffb5\" data-element_type=\"widget\" data-e-type=\"widget\" data-widget_type=\"button.default\">\n\t\t\t\t\t\t\t\t\t\t<a class=\"elementor-button elementor-button-link elementor-size-sm\" href=\"https:\/\/dubreuilville.ca\/fr\/canton\/locations\/?open-ea11y-assistant=1&#038;open-ea11y-assistant-src=WP\">\n\t\t\t\t\t\t<span class=\"elementor-button-content-wrapper\">\n\t\t\t\t\t\t<span class=\"elementor-button-icon\">\n\t\t\t\t<i aria-hidden=\"true\" class=\"fas fa-arrow-right\"><\/i>\t\t\t<\/span>\n\t\t\t\t\t\t\t\t<\/span>\n\t\t\t\t\t<\/a>\n\t\t\t\t\t\t\t\t<\/div>\n\t\t\t\t<\/div>\n\t\t\t\t<\/div>\n\t\t<div class=\"elementor-element elementor-element-d1cc1d4 e-flex e-con-boxed e-con e-parent\" data-id=\"d1cc1d4\" data-element_type=\"container\" data-e-type=\"container\">\n\t\t\t\t\t<div class=\"e-con-inner\">\n\t\t\t\t\t<\/div>\n\t\t\t\t<\/div>\n\t\t\t\t<\/div>\n\t\t","protected":false},"excerpt":{"rendered":"<p>Du plaisir pour tous ! Favoriser un mode de vie actif pour tous les r\u00e9sidents, afin que chacun puisse s\u2019\u00e9panouir et profiter pleinement de la vie \u00e0 Dubreuilville. Centre r\u00e9cr\u00e9atif Eddy K. Lefran\u00e7ois Le Centre r\u00e9cr\u00e9atif Eddy K. Lefran\u00e7ois est un lieu incontournable de notre communaut\u00e9 depuis sa cr\u00e9ation par des b\u00e9n\u00e9voles locaux en 1977. [&hellip;]<\/p>\n","protected":false},"author":1,"featured_media":6273,"parent":1562,"menu_order":0,"comment_status":"closed","ping_status":"closed","template":"","meta":{"_acf_changed":false,"footnotes":""},"class_list":["post-1582","page","type-page","status-publish","has-post-thumbnail","hentry"],"acf":[],"_links":{"self":[{"href":"https:\/\/dubreuilville.ca\/fr\/wp-json\/wp\/v2\/pages\/1582","targetHints":{"allow":["GET"]}}],"collection":[{"href":"https:\/\/dubreuilville.ca\/fr\/wp-json\/wp\/v2\/pages"}],"about":[{"href":"https:\/\/dubreuilville.ca\/fr\/wp-json\/wp\/v2\/types\/page"}],"author":[{"embeddable":true,"href":"https:\/\/dubreuilville.ca\/fr\/wp-json\/wp\/v2\/users\/1"}],"replies":[{"embeddable":true,"href":"https:\/\/dubreuilville.ca\/fr\/wp-json\/wp\/v2\/comments?post=1582"}],"version-history":[{"count":15,"href":"https:\/\/dubreuilville.ca\/fr\/wp-json\/wp\/v2\/pages\/1582\/revisions"}],"predecessor-version":[{"id":10411,"href":"https:\/\/dubreuilville.ca\/fr\/wp-json\/wp\/v2\/pages\/1582\/revisions\/10411"}],"up":[{"embeddable":true,"href":"https:\/\/dubreuilville.ca\/fr\/wp-json\/wp\/v2\/pages\/1562"}],"wp:featuredmedia":[{"embeddable":true,"href":"https:\/\/dubreuilville.ca\/fr\/wp-json\/wp\/v2\/media\/6273"}],"wp:attachment":[{"href":"https:\/\/dubreuilville.ca\/fr\/wp-json\/wp\/v2\/media?parent=1582"}],"curies":[{"name":"wp","href":"https:\/\/api.w.org\/{rel}","templated":true}]}}