{"id":1578,"date":"2023-10-10T13:50:02","date_gmt":"2023-10-10T17:50:02","guid":{"rendered":"https:\/\/dubreuilville.ca\/?page_id=1578"},"modified":"2026-02-23T17:20:51","modified_gmt":"2026-02-23T22:20:51","slug":"aventures-en-plein-air","status":"publish","type":"page","link":"https:\/\/dubreuilville.ca\/fr\/notre-communite\/aventures-en-plein-air\/","title":{"rendered":"Aventures en plein air"},"content":{"rendered":"\t\t<div data-elementor-type=\"wp-page\" data-elementor-id=\"1578\" class=\"elementor elementor-1578 elementor-71\" data-elementor-post-type=\"page\">\n\t\t\t\t<div class=\"elementor-element elementor-element-a15c07f e-flex e-con-boxed e-con e-parent\" data-id=\"a15c07f\" data-element_type=\"container\" data-e-type=\"container\">\n\t\t\t\t\t<div class=\"e-con-inner\">\n\t\t\t\t<div class=\"elementor-element elementor-element-fd1ece6 elementor-widget elementor-widget-heading\" data-id=\"fd1ece6\" data-element_type=\"widget\" data-e-type=\"widget\" data-widget_type=\"heading.default\">\n\t\t\t\t\t<h2 class=\"elementor-heading-title elementor-size-default\">L'aventure vous attend !<\/h2>\t\t\t\t<\/div>\n\t\t\t\t<div class=\"elementor-element elementor-element-59cf396 elementor-widget elementor-widget-text-editor\" data-id=\"59cf396\" data-element_type=\"widget\" data-e-type=\"widget\" data-widget_type=\"text-editor.default\">\n\t\t\t\t\t\t\t\t\t<p>Dubreuilville est situ\u00e9e \u00e0 la limite de la r\u00e9serve faunique de Chapleau, ce qui lui offre un acc\u00e8s privil\u00e9gi\u00e9 \u00e0 des possibilit\u00e9s exceptionnelles de loisirs et d\u2019activit\u00e9s sportives en toute saison.<\/p>\t\t\t\t\t\t\t\t<\/div>\n\t\t\t\t\t<\/div>\n\t\t\t\t<\/div>\n\t\t<div class=\"elementor-element elementor-element-20b3ff4 e-con-full e-flex e-con e-parent\" data-id=\"20b3ff4\" data-element_type=\"container\" data-e-type=\"container\">\n\t\t<div data-dce-background-image-url=\"https:\/\/dubreuilville.ca\/wp-content\/uploads\/2023\/12\/Fishing.jpg\" class=\"elementor-element elementor-element-bce6e40 e-con-full e-flex e-con e-child\" data-id=\"bce6e40\" data-element_type=\"container\" data-e-type=\"container\" data-settings=\"{&quot;background_background&quot;:&quot;classic&quot;,&quot;background_motion_fx_motion_fx_scrolling&quot;:&quot;yes&quot;,&quot;background_motion_fx_translateY_effect&quot;:&quot;yes&quot;,&quot;background_motion_fx_translateY_speed&quot;:{&quot;unit&quot;:&quot;px&quot;,&quot;size&quot;:6,&quot;sizes&quot;:[]},&quot;background_motion_fx_translateY_affectedRange&quot;:{&quot;unit&quot;:&quot;%&quot;,&quot;size&quot;:&quot;&quot;,&quot;sizes&quot;:{&quot;start&quot;:0,&quot;end&quot;:100}},&quot;background_motion_fx_devices&quot;:[&quot;desktop&quot;,&quot;tablet_extra&quot;,&quot;tablet&quot;,&quot;mobile&quot;]}\">\n\t\t\t\t<\/div>\n\t\t<div class=\"elementor-element elementor-element-7bc8471 e-con-full animated-slow e-flex e-con e-child\" data-id=\"7bc8471\" data-element_type=\"container\" data-e-type=\"container\" data-settings=\"{&quot;background_background&quot;:&quot;gradient&quot;,&quot;animation&quot;:&quot;none&quot;}\">\n\t\t\t\t<div class=\"elementor-element elementor-element-2fee881 animated-slow elementor-widget-tablet_extra__width-initial elementor-invisible elementor-widget elementor-widget-heading\" data-id=\"2fee881\" data-element_type=\"widget\" data-e-type=\"widget\" data-settings=\"{&quot;_animation&quot;:&quot;fadeIn&quot;,&quot;_animation_delay&quot;:250}\" data-widget_type=\"heading.default\">\n\t\t\t\t\t<h2 class=\"elementor-heading-title elementor-size-default\">Chasse et p\u00eache<\/h2>\t\t\t\t<\/div>\n\t\t\t\t<div data-dce-text-color=\"#FFFFFF\" class=\"elementor-element elementor-element-c32d51b animated-slow elementor-invisible elementor-widget elementor-widget-text-editor\" data-id=\"c32d51b\" data-element_type=\"widget\" data-e-type=\"widget\" data-settings=\"{&quot;_animation&quot;:&quot;fadeIn&quot;,&quot;_animation_delay&quot;:750}\" data-widget_type=\"text-editor.default\">\n\t\t\t\t\t\t\t\t\t<p data-start=\"104\" data-end=\"390\">Des possibilit\u00e9s illimit\u00e9es de p\u00eache, de p\u00eache sur glace et de chasse vous attendent. Que vous soyez amateur de petit ou de gros gibier, ou passionn\u00e9 de p\u00eache sportive \u00e0 la recherche de dor\u00e9s, de truites ou de brochets troph\u00e9es, la r\u00e9gion de Dubreuilville offre une multitude d\u2019options.<\/p>\t\t\t\t\t\t\t\t<\/div>\n\t\t\t\t<\/div>\n\t\t\t\t<\/div>\n\t\t<div class=\"elementor-element elementor-element-cc6f1b4 e-con-full e-flex e-con e-parent\" data-id=\"cc6f1b4\" data-element_type=\"container\" data-e-type=\"container\">\n\t\t<div class=\"elementor-element elementor-element-d1fa288 e-con-full e-flex e-con e-child\" data-id=\"d1fa288\" data-element_type=\"container\" data-e-type=\"container\" data-settings=\"{&quot;background_background&quot;:&quot;gradient&quot;}\">\n\t\t\t\t<div class=\"elementor-element elementor-element-d651d1d animated-slow elementor-invisible elementor-widget elementor-widget-heading\" data-id=\"d651d1d\" data-element_type=\"widget\" data-e-type=\"widget\" data-settings=\"{&quot;_animation&quot;:&quot;fadeIn&quot;,&quot;_animation_delay&quot;:250}\" data-widget_type=\"heading.default\">\n\t\t\t\t\t<h2 class=\"elementor-heading-title elementor-size-default\">Randonn\u00e9e<\/h2>\t\t\t\t<\/div>\n\t\t\t\t<div class=\"elementor-element elementor-element-610b094 animated-slow elementor-invisible elementor-widget elementor-widget-text-editor\" data-id=\"610b094\" data-element_type=\"widget\" data-e-type=\"widget\" data-settings=\"{&quot;_animation&quot;:&quot;fadeIn&quot;,&quot;_animation_delay&quot;:750}\" data-widget_type=\"text-editor.default\">\n\t\t\t\t\t\t\t\t\t<p data-start=\"112\" data-end=\"345\">Enfilez vos bottes et d\u00e9couvrez la beaut\u00e9 intacte de Dubreuilville ! Bien que reconnue pour ses aventures motoris\u00e9es, notre vaste r\u00e9seau de sentiers offre \u00e9galement une exp\u00e9rience tout aussi captivante pour les amateurs de randonn\u00e9e.<\/p><p data-start=\"347\" data-end=\"836\">Plongez dans la nature paisible du Nord de l\u2019Ontario en parcourant des paysages vari\u00e9s qui promettent des panoramas \u00e0 couper le souffle, de nombreuses observations de la faune et toute la tranquillit\u00e9 du plein air. Que vous recherchiez une promenade relaxante ou une randonn\u00e9e plus exigeante, les sentiers polyvalents de Dubreuilville vous invitent \u00e0 explorer des for\u00eats immacul\u00e9es et \u00e0 d\u00e9couvrir des tr\u00e9sors cach\u00e9s \u00e0 votre rythme, cr\u00e9ant ainsi des souvenirs inoubliables en pleine nature.<\/p>\t\t\t\t\t\t\t\t<\/div>\n\t\t\t\t<\/div>\n\t\t<div data-dce-background-image-url=\"https:\/\/dubreuilville.ca\/wp-content\/uploads\/2023\/12\/Hiking.jpg\" class=\"elementor-element elementor-element-4f2e03b e-con-full e-flex e-con e-child\" data-id=\"4f2e03b\" data-element_type=\"container\" data-e-type=\"container\" data-settings=\"{&quot;background_background&quot;:&quot;classic&quot;,&quot;background_motion_fx_motion_fx_scrolling&quot;:&quot;yes&quot;,&quot;background_motion_fx_translateY_effect&quot;:&quot;yes&quot;,&quot;background_motion_fx_translateY_speed&quot;:{&quot;unit&quot;:&quot;px&quot;,&quot;size&quot;:6,&quot;sizes&quot;:[]},&quot;background_motion_fx_translateY_affectedRange&quot;:{&quot;unit&quot;:&quot;%&quot;,&quot;size&quot;:&quot;&quot;,&quot;sizes&quot;:{&quot;start&quot;:0,&quot;end&quot;:100}},&quot;background_motion_fx_devices&quot;:[&quot;desktop&quot;,&quot;tablet_extra&quot;,&quot;tablet&quot;,&quot;mobile&quot;]}\">\n\t\t\t\t<\/div>\n\t\t\t\t<\/div>\n\t\t<div class=\"elementor-element elementor-element-50b1721 e-flex e-con-boxed e-con e-parent\" data-id=\"50b1721\" data-element_type=\"container\" data-e-type=\"container\">\n\t\t\t\t\t<div class=\"e-con-inner\">\n\t\t\t\t<div class=\"elementor-element elementor-element-01ce295 elementor-widget elementor-widget-heading\" data-id=\"01ce295\" data-element_type=\"widget\" data-e-type=\"widget\" data-widget_type=\"heading.default\">\n\t\t\t\t\t<h2 class=\"elementor-heading-title elementor-size-default\">Prenez le temps de vivre !<\/h2>\t\t\t\t<\/div>\n\t\t\t\t<div class=\"elementor-element elementor-element-9b61845 elementor-widget elementor-widget-text-editor\" data-id=\"9b61845\" data-element_type=\"widget\" data-e-type=\"widget\" data-widget_type=\"text-editor.default\">\n\t\t\t\t\t\t\t\t\t<p>Les r\u00e9sidents de Dubreuilville ont un esprit aventureux et adoptent un mode de vie sain ax\u00e9 sur le plein air. Les nombreuses possibilit\u00e9s r\u00e9cr\u00e9atives offertes \u00e0 Dubreuilville ont inspir\u00e9 notre image de marque communautaire bien connue :\u00a0\u201cPrenez le temps de vivre\u201d.<\/p>\t\t\t\t\t\t\t\t<\/div>\n\t\t\t\t\t<\/div>\n\t\t\t\t<\/div>\n\t\t<div class=\"elementor-element elementor-element-7d4d9c4 e-con-full e-flex e-con e-parent\" data-id=\"7d4d9c4\" data-element_type=\"container\" data-e-type=\"container\">\n\t\t<div data-dce-background-image-url=\"https:\/\/dubreuilville.ca\/wp-content\/uploads\/2023\/12\/Trails.jpg\" class=\"elementor-element elementor-element-f89131c e-con-full e-flex e-con e-child\" data-id=\"f89131c\" data-element_type=\"container\" data-e-type=\"container\" data-settings=\"{&quot;background_background&quot;:&quot;classic&quot;,&quot;background_motion_fx_motion_fx_scrolling&quot;:&quot;yes&quot;,&quot;background_motion_fx_translateY_effect&quot;:&quot;yes&quot;,&quot;background_motion_fx_translateY_speed&quot;:{&quot;unit&quot;:&quot;px&quot;,&quot;size&quot;:6,&quot;sizes&quot;:[]},&quot;background_motion_fx_translateY_affectedRange&quot;:{&quot;unit&quot;:&quot;%&quot;,&quot;size&quot;:&quot;&quot;,&quot;sizes&quot;:{&quot;start&quot;:0,&quot;end&quot;:100}},&quot;background_motion_fx_devices&quot;:[&quot;desktop&quot;,&quot;tablet_extra&quot;,&quot;tablet&quot;,&quot;mobile&quot;]}\">\n\t\t\t\t<\/div>\n\t\t<div class=\"elementor-element elementor-element-959c98d e-con-full animated-slow e-flex e-con e-child\" data-id=\"959c98d\" data-element_type=\"container\" data-e-type=\"container\" data-settings=\"{&quot;background_background&quot;:&quot;gradient&quot;,&quot;animation&quot;:&quot;none&quot;}\">\n\t\t\t\t<div class=\"elementor-element elementor-element-c729c4f animated-slow elementor-invisible elementor-widget elementor-widget-heading\" data-id=\"c729c4f\" data-element_type=\"widget\" data-e-type=\"widget\" data-settings=\"{&quot;_animation&quot;:&quot;fadeIn&quot;,&quot;_animation_delay&quot;:250}\" data-widget_type=\"heading.default\">\n\t\t\t\t\t<h2 class=\"elementor-heading-title elementor-size-default\">R\u00e9seau de sentiers<\/h2>\t\t\t\t<\/div>\n\t\t\t\t<div data-dce-text-color=\"#FFFFFF\" class=\"elementor-element elementor-element-d92479b animated-slow elementor-invisible elementor-widget elementor-widget-text-editor\" data-id=\"d92479b\" data-element_type=\"widget\" data-e-type=\"widget\" data-settings=\"{&quot;_animation&quot;:&quot;fadeIn&quot;,&quot;_animation_delay&quot;:750}\" data-widget_type=\"text-editor.default\">\n\t\t\t\t\t\t\t\t\t<p data-start=\"101\" data-end=\"382\">Pr\u00e9parez-vous \u00e0 d\u00e9couvrir le r\u00e9seau de sentiers aventureux de Dubreuilville et \u00e0 constater par vous-m\u00eame si vous \u00eates pr\u00eat pour l\u2019exp\u00e9rience. Soyez pr\u00eat \u00e0 traverser des rivi\u00e8res, des for\u00eats et des collines escarp\u00e9es en parcourant des kilom\u00e8tres de terres de la Couronne canadienne.<\/p><p data-start=\"384\" data-end=\"567\">Peu importe la fa\u00e7on dont vous choisissez de le faire, pr\u00e9parez-vous \u00e0 vous \u00e9quiper et \u00e0 relever le d\u00e9fi de certains des paysages les plus intacts que le Nord de l\u2019Ontario a \u00e0 offrir.<\/p>\t\t\t\t\t\t\t\t<\/div>\n\t\t\t\t<\/div>\n\t\t\t\t<\/div>\n\t\t<div class=\"elementor-element elementor-element-a88cdc0 e-con-full e-flex e-con e-parent\" data-id=\"a88cdc0\" data-element_type=\"container\" data-e-type=\"container\">\n\t\t<div class=\"elementor-element elementor-element-0930026 e-con-full e-flex e-con e-child\" data-id=\"0930026\" data-element_type=\"container\" data-e-type=\"container\" data-settings=\"{&quot;background_background&quot;:&quot;gradient&quot;}\">\n\t\t\t\t<div class=\"elementor-element elementor-element-66dabc6 animated-slow elementor-invisible elementor-widget elementor-widget-heading\" data-id=\"66dabc6\" data-element_type=\"widget\" data-e-type=\"widget\" data-settings=\"{&quot;_animation&quot;:&quot;fadeIn&quot;,&quot;_animation_delay&quot;:250}\" data-widget_type=\"heading.default\">\n\t\t\t\t\t<h2 class=\"elementor-heading-title elementor-size-default\">VTT, v\u00e9lo de montagne, motoneige<\/h2>\t\t\t\t<\/div>\n\t\t\t\t<div class=\"elementor-element elementor-element-165b7af animated-slow elementor-invisible elementor-widget elementor-widget-text-editor\" data-id=\"165b7af\" data-element_type=\"widget\" data-e-type=\"widget\" data-settings=\"{&quot;_animation&quot;:&quot;fadeIn&quot;,&quot;_animation_delay&quot;:750}\" data-widget_type=\"text-editor.default\">\n\t\t\t\t\t\t\t\t\t<p data-start=\"90\" data-end=\"515\">V\u00e9ritable terrain de jeu exaltant pour les amateurs de plein air, Dubreuilville offre un plaisir immense en toute saison. Pour les adeptes de randonn\u00e9e r\u00e9cr\u00e9ative, c\u2019est une destination de r\u00eave avec plus de 800 km de sentiers vari\u00e9s et interconnect\u00e9s, permettant des aventures palpitantes \u00e0 travers des terrains diversifi\u00e9s, avec un acc\u00e8s pratique directement depuis le village gr\u00e2ce aux v\u00e9hicules autoris\u00e9s sur la route.<\/p><p data-start=\"517\" data-end=\"798\">En hiver, Dubreuilville se transforme en v\u00e9ritable carrefour de la motoneige, avec plus de 800 km de larges sentiers, trac\u00e9s et entretenus par des clubs locaux d\u00e9vou\u00e9s. Cela garantit des randonn\u00e9es \u00e9piques, peu achaland\u00e9es, au c\u0153ur d\u2019une nature intacte.<\/p><p data-start=\"800\" data-end=\"1104\">Les amateurs de v\u00e9lo de montagne plus aventureux peuvent quant \u00e0 eux explorer des sentiers polyvalents amusants, exigeants et accident\u00e9s au sein des paysages pittoresques d\u2019Algoma, faisant de Dubreuilville une v\u00e9ritable destination incontournable toute l\u2019ann\u00e9e pour les passionn\u00e9s d\u2019aventures hors route.<\/p>\t\t\t\t\t\t\t\t<\/div>\n\t\t\t\t<\/div>\n\t\t<div data-dce-background-image-url=\"https:\/\/dubreuilville.ca\/wp-content\/uploads\/2023\/12\/ATV.jpg\" class=\"elementor-element elementor-element-66878c6 e-con-full e-flex e-con e-child\" data-id=\"66878c6\" data-element_type=\"container\" data-e-type=\"container\" data-settings=\"{&quot;background_background&quot;:&quot;classic&quot;,&quot;background_motion_fx_motion_fx_scrolling&quot;:&quot;yes&quot;,&quot;background_motion_fx_translateY_effect&quot;:&quot;yes&quot;,&quot;background_motion_fx_translateY_speed&quot;:{&quot;unit&quot;:&quot;px&quot;,&quot;size&quot;:6,&quot;sizes&quot;:[]},&quot;background_motion_fx_translateY_affectedRange&quot;:{&quot;unit&quot;:&quot;%&quot;,&quot;size&quot;:&quot;&quot;,&quot;sizes&quot;:{&quot;start&quot;:0,&quot;end&quot;:100}},&quot;background_motion_fx_devices&quot;:[&quot;desktop&quot;,&quot;tablet_extra&quot;,&quot;tablet&quot;,&quot;mobile&quot;]}\">\n\t\t\t\t<\/div>\n\t\t\t\t<\/div>\n\t\t<div class=\"elementor-element elementor-element-1b49e26 e-flex e-con-boxed e-con e-parent\" data-id=\"1b49e26\" data-element_type=\"container\" data-e-type=\"container\">\n\t\t\t\t\t<div class=\"e-con-inner\">\n\t\t\t\t<div class=\"elementor-element elementor-element-00d9823 elementor-widget elementor-widget-text-editor\" data-id=\"00d9823\" data-element_type=\"widget\" data-e-type=\"widget\" data-widget_type=\"text-editor.default\">\n\t\t\t\t\t\t\t\t\t<h4 class=\"p1\">Un terrain de jeu grandeur nature<\/h4><p data-start=\"174\" data-end=\"370\">Dubreuilville est reconnue pour son vaste r\u00e9seau de sentiers, v\u00e9ritable paradis pour les amateurs de plein air. Ici, chaque saison transforme le paysage et ouvre la porte \u00e0 de nouvelles aventures.<\/p><p data-start=\"372\" data-end=\"641\">Si plusieurs associent nos sentiers aux sports motoris\u00e9s, vous y trouverez \u00e9galement de magnifiques parcours d\u00e9di\u00e9s aux activit\u00e9s non motoris\u00e9es comme la randonn\u00e9e, le ski de fond et la raquette. Peu importe la p\u00e9riode de l\u2019ann\u00e9e, la nature est toujours au rendez-vous.<\/p><p data-start=\"643\" data-end=\"996\">Respirez l\u2019air pur, explorez des panoramas \u00e0 couper le souffle et laissez-vous surprendre par la richesse de notre environnement. L\u2019\u00e9quipement de ski de fond peut \u00eatre emprunt\u00e9 gratuitement au Complexe municipal de Dubreuilville. N\u2019oubliez pas votre appareil photo : la faune locale et l\u2019observation des oiseaux offrent souvent des moments inoubliables.<\/p><p data-start=\"998\" data-end=\"1210\">Nos sentiers sont entretenus avec soin par des b\u00e9n\u00e9voles passionn\u00e9s de la communaut\u00e9. Nous invitons tous les utilisateurs \u00e0 respecter les lieux et \u00e0 contribuer \u00e0 pr\u00e9server la beaut\u00e9 naturelle de notre territoire.<\/p><h5 class=\"p1\">Activit\u00e9s saisonni\u00e8res \u2013 \u00c0 ne pas manquer<\/h5><h5 data-start=\"1263\" data-end=\"1326\">\u2744 De janvier \u00e0 avril \u2013 Motoneige de calibre international<\/h5><p data-start=\"1327\" data-end=\"1769\">Avec une moyenne annuelle impressionnante de 3,7 m\u00e8tres (12 pieds) de neige, Dubreuilville offre des conditions exceptionnelles pour la motoneige. Des centaines de kilom\u00e8tres de sentiers entretenus professionnellement et certifi\u00e9s par l\u2019Ontario Federation of Snowmobile Clubs (OFSC) relient notre communaut\u00e9 aux destinations voisines du Nord de l\u2019Ontario.<br data-start=\"1682\" data-end=\"1685\" \/>Pour planifier votre aventure :<br data-start=\"1716\" data-end=\"1719\" \/><a class=\"decorated-link\" href=\"http:\/\/algomatrails.com\/\" target=\"_new\" rel=\"noopener\" data-start=\"1719\" data-end=\"1743\">http:\/\/algomatrails.com\/<\/a><br data-start=\"1743\" data-end=\"1746\" \/><a class=\"decorated-link\" href=\"https:\/\/www.ofsc.on.ca\/\" target=\"_new\" rel=\"noopener\" data-start=\"1746\" data-end=\"1769\">https:\/\/www.ofsc.on.ca\/<\/a><\/p><h5 data-start=\"1771\" data-end=\"1818\">\ud83c\udfa3 De janvier \u00e0 mars \u2013 Plaisirs hivernaux<\/h5><p data-start=\"1819\" data-end=\"2074\">Profitez de la p\u00eache sur glace sur nos lacs locaux ou partez en raquette et en ski de fond sur les sentiers enneig\u00e9s. La c\u00e9l\u00e8bre rivi\u00e8re Magpie est \u00e9galement pris\u00e9e par les amateurs de p\u00eache. Des raquettes sont disponibles en location au bureau municipal.<\/p><h5 data-start=\"2076\" data-end=\"2110\">\u2600 De juin \u00e0 ao\u00fbt \u2013 \u00c9t\u00e9 anim\u00e9<\/h5><p data-start=\"2111\" data-end=\"2359\">Durant la belle saison, Dubreuilville s\u2019anime gr\u00e2ce \u00e0 une programmation vari\u00e9e d\u2019\u00e9v\u00e9nements organis\u00e9s par les organismes locaux. Festivals, activit\u00e9s communautaires et initiatives sportives contribuent \u00e0 cr\u00e9er une ambiance chaleureuse et dynamique.<\/p><h5 data-start=\"2361\" data-end=\"2404\">\ud83c\udf41 De mai \u00e0 octobre \u2013 P\u00eache et chasse<\/h5><p data-start=\"2405\" data-end=\"2631\">La r\u00e9gion regorge d\u2019occasions pour les passionn\u00e9s de plein air. Que ce soit pour la chasse au petit ou au gros gibier, ou pour la p\u00eache sportive au dor\u00e9, \u00e0 la truite ou au brochet troph\u00e9e, l\u2019exp\u00e9rience promet d\u2019\u00eatre m\u00e9morable.<\/p>\t\t\t\t\t\t\t\t<\/div>\n\t\t\t\t\t<\/div>\n\t\t\t\t<\/div>\n\t\t<div class=\"elementor-element elementor-element-b34176f e-flex e-con-boxed e-con e-parent\" data-id=\"b34176f\" data-element_type=\"container\" data-e-type=\"container\">\n\t\t\t\t\t<div class=\"e-con-inner\">\n\t\t\t\t<div class=\"elementor-element elementor-element-f4fea20 elementor-widget elementor-widget-heading\" data-id=\"f4fea20\" data-element_type=\"widget\" data-e-type=\"widget\" data-widget_type=\"heading.default\">\n\t\t\t\t\t<h3 class=\"elementor-heading-title elementor-size-default\">D\u00e9couvrez-en plus :<\/h3>\t\t\t\t<\/div>\n\t\t\t\t\t<\/div>\n\t\t\t\t<\/div>\n\t\t<div class=\"elementor-element elementor-element-2c4c653 e-con-full animated-slow e-flex elementor-invisible e-con e-parent\" data-id=\"2c4c653\" data-element_type=\"container\" data-e-type=\"container\" data-settings=\"{&quot;animation&quot;:&quot;fadeIn&quot;,&quot;animation_delay&quot;:250}\">\n\t\t<div class=\"elementor-element elementor-element-20afef3 e-con-full e-flex e-con e-child\" data-id=\"20afef3\" data-element_type=\"container\" data-e-type=\"container\">\n\t\t\t\t<div class=\"elementor-element elementor-element-9cabd73 elementor-widget elementor-widget-heading\" data-id=\"9cabd73\" data-element_type=\"widget\" data-e-type=\"widget\" data-widget_type=\"heading.default\">\n\t\t\t\t\t<h4 class=\"elementor-heading-title elementor-size-default\"><a href=\"https:\/\/dubreuilville.ca\/fr\/notre-communite\/recreation\/?open-ea11y-assistant=1&#038;open-ea11y-assistant-src=WP\">R\u00e9cr\u00e9ation<\/a><\/h4>\t\t\t\t<\/div>\n\t\t\t\t<div data-dce-background-color=\"#FFFFFF\" class=\"elementor-element elementor-element-f8027e9 elementor-align-left elementor-widget elementor-widget-button\" data-id=\"f8027e9\" data-element_type=\"widget\" data-e-type=\"widget\" data-widget_type=\"button.default\">\n\t\t\t\t\t\t\t\t\t\t<a class=\"elementor-button elementor-button-link elementor-size-sm\" href=\"https:\/\/dubreuilville.ca\/fr\/notre-communite\/recreation\/?open-ea11y-assistant=1&#038;open-ea11y-assistant-src=WP\">\n\t\t\t\t\t\t<span class=\"elementor-button-content-wrapper\">\n\t\t\t\t\t\t<span class=\"elementor-button-icon\">\n\t\t\t\t<i aria-hidden=\"true\" class=\"fas fa-arrow-right\"><\/i>\t\t\t<\/span>\n\t\t\t\t\t\t\t\t<\/span>\n\t\t\t\t\t<\/a>\n\t\t\t\t\t\t\t\t<\/div>\n\t\t\t\t<\/div>\n\t\t<div class=\"elementor-element elementor-element-ccbb6ed e-con-full e-flex e-con e-child\" data-id=\"ccbb6ed\" data-element_type=\"container\" data-e-type=\"container\">\n\t\t\t\t<div class=\"elementor-element elementor-element-ff5be6c elementor-widget elementor-widget-heading\" data-id=\"ff5be6c\" data-element_type=\"widget\" data-e-type=\"widget\" data-widget_type=\"heading.default\">\n\t\t\t\t\t<h4 class=\"elementor-heading-title elementor-size-default\"><a href=\"https:\/\/dubreuilville.ca\/fr\/notre-communite\/calendrier-communautaire\/?open-ea11y-assistant=1&#038;open-ea11y-assistant-src=WP\">Calendrier communautaire<\/a><\/h4>\t\t\t\t<\/div>\n\t\t\t\t<div data-dce-background-color=\"#FFFFFF\" class=\"elementor-element elementor-element-5816e7c elementor-align-left elementor-widget elementor-widget-button\" data-id=\"5816e7c\" data-element_type=\"widget\" data-e-type=\"widget\" data-widget_type=\"button.default\">\n\t\t\t\t\t\t\t\t\t\t<a class=\"elementor-button elementor-button-link elementor-size-sm\" href=\"https:\/\/dubreuilville.ca\/fr\/notre-communite\/calendrier-communautaire\/?open-ea11y-assistant=1&#038;open-ea11y-assistant-src=WP\">\n\t\t\t\t\t\t<span class=\"elementor-button-content-wrapper\">\n\t\t\t\t\t\t<span class=\"elementor-button-icon\">\n\t\t\t\t<i aria-hidden=\"true\" class=\"fas fa-arrow-right\"><\/i>\t\t\t<\/span>\n\t\t\t\t\t\t\t\t<\/span>\n\t\t\t\t\t<\/a>\n\t\t\t\t\t\t\t\t<\/div>\n\t\t\t\t<\/div>\n\t\t<div class=\"elementor-element elementor-element-5b36b7f e-con-full e-flex e-con e-child\" data-id=\"5b36b7f\" data-element_type=\"container\" data-e-type=\"container\">\n\t\t\t\t<div class=\"elementor-element elementor-element-5977bee elementor-widget elementor-widget-heading\" data-id=\"5977bee\" data-element_type=\"widget\" data-e-type=\"widget\" data-widget_type=\"heading.default\">\n\t\t\t\t\t<h4 class=\"elementor-heading-title elementor-size-default\"><a href=\"https:\/\/dubreuilville.ca\/fr\/canton\/locations\/?open-ea11y-assistant=1&#038;open-ea11y-assistant-src=WP\">Locations<\/a><\/h4>\t\t\t\t<\/div>\n\t\t\t\t<div data-dce-background-color=\"#FFFFFF\" class=\"elementor-element elementor-element-1809bb4 elementor-align-left elementor-widget elementor-widget-button\" data-id=\"1809bb4\" data-element_type=\"widget\" data-e-type=\"widget\" data-widget_type=\"button.default\">\n\t\t\t\t\t\t\t\t\t\t<a class=\"elementor-button elementor-button-link elementor-size-sm\" href=\"https:\/\/dubreuilville.ca\/fr\/canton\/locations\/?open-ea11y-assistant=1&#038;open-ea11y-assistant-src=WP\">\n\t\t\t\t\t\t<span class=\"elementor-button-content-wrapper\">\n\t\t\t\t\t\t<span class=\"elementor-button-icon\">\n\t\t\t\t<i aria-hidden=\"true\" class=\"fas fa-arrow-right\"><\/i>\t\t\t<\/span>\n\t\t\t\t\t\t\t\t<\/span>\n\t\t\t\t\t<\/a>\n\t\t\t\t\t\t\t\t<\/div>\n\t\t\t\t<\/div>\n\t\t\t\t<\/div>\n\t\t\t\t<\/div>\n\t\t","protected":false},"excerpt":{"rendered":"<p>L&rsquo;aventure vous attend ! Dubreuilville est situ\u00e9e \u00e0 la limite de la r\u00e9serve faunique de Chapleau, ce qui lui offre un acc\u00e8s privil\u00e9gi\u00e9 \u00e0 des possibilit\u00e9s exceptionnelles de loisirs et d\u2019activit\u00e9s sportives en toute saison. Chasse et p\u00eache Des possibilit\u00e9s illimit\u00e9es de p\u00eache, de p\u00eache sur glace et de chasse vous attendent. Que vous soyez [&hellip;]<\/p>\n","protected":false},"author":1,"featured_media":0,"parent":1562,"menu_order":0,"comment_status":"closed","ping_status":"closed","template":"","meta":{"_acf_changed":false,"footnotes":""},"class_list":["post-1578","page","type-page","status-publish","hentry"],"acf":[],"_links":{"self":[{"href":"https:\/\/dubreuilville.ca\/fr\/wp-json\/wp\/v2\/pages\/1578","targetHints":{"allow":["GET"]}}],"collection":[{"href":"https:\/\/dubreuilville.ca\/fr\/wp-json\/wp\/v2\/pages"}],"about":[{"href":"https:\/\/dubreuilville.ca\/fr\/wp-json\/wp\/v2\/types\/page"}],"author":[{"embeddable":true,"href":"https:\/\/dubreuilville.ca\/fr\/wp-json\/wp\/v2\/users\/1"}],"replies":[{"embeddable":true,"href":"https:\/\/dubreuilville.ca\/fr\/wp-json\/wp\/v2\/comments?post=1578"}],"version-history":[{"count":0,"href":"https:\/\/dubreuilville.ca\/fr\/wp-json\/wp\/v2\/pages\/1578\/revisions"}],"up":[{"embeddable":true,"href":"https:\/\/dubreuilville.ca\/fr\/wp-json\/wp\/v2\/pages\/1562"}],"wp:attachment":[{"href":"https:\/\/dubreuilville.ca\/fr\/wp-json\/wp\/v2\/media?parent=1578"}],"curies":[{"name":"wp","href":"https:\/\/api.w.org\/{rel}","templated":true}]}}