{"id":1574,"date":"2023-10-10T13:49:39","date_gmt":"2023-10-10T17:49:39","guid":{"rendered":"https:\/\/dubreuilville.ca\/?page_id=1574"},"modified":"2026-02-18T09:14:35","modified_gmt":"2026-02-18T14:14:35","slug":"services-internet-et-television","status":"publish","type":"page","link":"https:\/\/dubreuilville.ca\/fr\/notre-communite\/services-internet-et-television\/","title":{"rendered":"Services de t\u00e9l\u00e9communications"},"content":{"rendered":"\t\t<div data-elementor-type=\"wp-page\" data-elementor-id=\"1574\" class=\"elementor elementor-1574 elementor-67\" data-elementor-post-type=\"page\">\n\t\t\t\t<div class=\"elementor-element elementor-element-1a1c527 e-flex e-con-boxed e-con e-parent\" data-id=\"1a1c527\" data-element_type=\"container\" data-e-type=\"container\">\n\t\t\t\t\t<div class=\"e-con-inner\">\n\t\t\t\t<div class=\"elementor-element elementor-element-8ed5fb0 elementor-widget elementor-widget-heading\" data-id=\"8ed5fb0\" data-element_type=\"widget\" data-e-type=\"widget\" data-widget_type=\"heading.default\">\n\t\t\t\t\t<h2 class=\"elementor-heading-title elementor-size-default\">Internet haute vitesse<\/h2>\t\t\t\t<\/div>\n\t\t\t\t<div class=\"elementor-element elementor-element-b314d24 elementor-widget elementor-widget-heading\" data-id=\"b314d24\" data-element_type=\"widget\" data-e-type=\"widget\" data-widget_type=\"heading.default\">\n\t\t\t\t\t<h4 class=\"elementor-heading-title elementor-size-default\">L\u2019Internet haute vitesse est maintenant disponible \u00e0 DUBREUILVILLE.<\/h4>\t\t\t\t<\/div>\n\t\t\t\t<div class=\"elementor-element elementor-element-d19fafd elementor-widget elementor-widget-text-editor\" data-id=\"d19fafd\" data-element_type=\"widget\" data-e-type=\"widget\" data-widget_type=\"text-editor.default\">\n\t\t\t\t\t\t\t\t\t<p data-start=\"121\" data-end=\"227\">Dubreuilville Broadband est une entreprise communautaire de services Internet appartenant \u00e0 la communaut\u00e9.<\/p><p data-start=\"229\" data-end=\"301\">Le service fibre jusqu\u2019au domicile (FTTH) est maintenant disponible.<\/p><p data-start=\"303\" data-end=\"409\">Inscrivez-vous d\u00e8s aujourd\u2019hui pour profiter de l\u2019Internet le plus rapide et le plus fiable de la r\u00e9gion ! <a href=\"https:\/\/dubreuilvillebroadband.ca\/\"><span class=\"s1\">https:\/\/dubreuilvillebroadband.ca\/<\/span><\/a> ou appelez le <a href=\"tel:1-877-473-4487\">1-877-473-4487<\/a><\/p>\t\t\t\t\t\t\t\t<\/div>\n\t\t\t\t<div class=\"elementor-element elementor-element-a035a98 elementor-widget elementor-widget-button\" data-id=\"a035a98\" data-element_type=\"widget\" data-e-type=\"widget\" data-widget_type=\"button.default\">\n\t\t\t\t\t\t\t\t\t\t<a class=\"elementor-button elementor-button-link elementor-size-sm\" href=\"https:\/\/dubreuilvillebroadband.ca\/\" target=\"_blank\">\n\t\t\t\t\t\t<span class=\"elementor-button-content-wrapper\">\n\t\t\t\t\t\t<span class=\"elementor-button-icon\">\n\t\t\t\t<i aria-hidden=\"true\" class=\"fas fa-arrow-right\"><\/i>\t\t\t<\/span>\n\t\t\t\t\t\t\t\t\t<span class=\"elementor-button-text\">Internet haute vitesse<\/span>\n\t\t\t\t\t<\/span>\n\t\t\t\t\t<\/a>\n\t\t\t\t\t\t\t\t<\/div>\n\t\t\t\t<div class=\"elementor-element elementor-element-3cd99e9 elementor-widget elementor-widget-text-editor\" data-id=\"3cd99e9\" data-element_type=\"widget\" data-e-type=\"widget\" data-widget_type=\"text-editor.default\">\n\t\t\t\t\t\t\t\t\t<h4 class=\"p1\">Services de t\u00e9l\u00e9vision<\/h4><p data-start=\"133\" data-end=\"206\">Profitez de la meilleure t\u00e9l\u00e9vision avec la NOUVELLE application RallyTV.<\/p><p data-start=\"208\" data-end=\"527\">Avec RallyTV, offerte par Dubreuilville Broadband, vous pouvez d\u00e9sormais regarder la t\u00e9l\u00e9vision en direct \u00e0 la maison ou en d\u00e9placement gr\u00e2ce \u00e0 nos forfaits t\u00e9l\u00e9 simples et abordables, ainsi qu\u2019\u00e0 des ensembles th\u00e9matiques sp\u00e9cialis\u00e9s offrant encore plus de sports en direct, d\u2019actualit\u00e9s, de films et de divertissement.<\/p><p data-start=\"529\" data-end=\"565\"><strong data-start=\"529\" data-end=\"565\">Inscrivez-vous d\u00e8s aujourd\u2019hui ! <\/strong><a href=\"https:\/\/fr.dubreuilvillebroadband.ca\/iptv\/\"><span class=\"s1\">fr.dubreuilvillebroadband.ca\/iptv\/<\/span><\/a><\/p>\t\t\t\t\t\t\t\t<\/div>\n\t\t\t\t<div class=\"elementor-element elementor-element-b8c6964 elementor-widget elementor-widget-button\" data-id=\"b8c6964\" data-element_type=\"widget\" data-e-type=\"widget\" data-widget_type=\"button.default\">\n\t\t\t\t\t\t\t\t\t\t<a class=\"elementor-button elementor-button-link elementor-size-sm\" href=\"https:\/\/dubreuilvillebroadband.ca\/iptv-is-now-in-dubreuilville\/\" target=\"_blank\">\n\t\t\t\t\t\t<span class=\"elementor-button-content-wrapper\">\n\t\t\t\t\t\t<span class=\"elementor-button-icon\">\n\t\t\t\t<i aria-hidden=\"true\" class=\"fas fa-arrow-right\"><\/i>\t\t\t<\/span>\n\t\t\t\t\t\t\t\t\t<span class=\"elementor-button-text\">Services de t\u00e9l\u00e9vision<\/span>\n\t\t\t\t\t<\/span>\n\t\t\t\t\t<\/a>\n\t\t\t\t\t\t\t\t<\/div>\n\t\t\t\t<div class=\"elementor-element elementor-element-77b96be elementor-widget elementor-widget-text-editor\" data-id=\"77b96be\" data-element_type=\"widget\" data-e-type=\"widget\" data-widget_type=\"text-editor.default\">\n\t\t\t\t\t\t\t\t\t<h4 class=\"p1\">Services de t\u00e9l\u00e9phone cellullaire<\/h4><p class=\"p1\">Rogers Wireless Communications (<a href=\"https:\/\/www.rogers.com\/consumer\/wireless\"><span class=\"s1\">https:\/\/www.rogers.com\/consumer\/wireless<\/span><\/a>) et TBaytel Mobility (<a href=\"http:\/\/www.tbaytel.net\/\"><span class=\"s1\">http:\/\/www.tbaytel.net\/<\/span><\/a>) offrent des services de t\u00e9l\u00e9phonie cellulaire dans la communaut\u00e9. Les autres fournisseurs de services mobiles n\u2019exercent pas leurs activit\u00e9s \u00e0 Dubreuilville.<\/p><p data-start=\"424\" data-end=\"631\">Les personnes circulant \u00e0 l\u2019ext\u00e9rieur des limites municipales sont encourag\u00e9es \u00e0 se procurer des amplificateurs de signal cellulaire et\/ou \u00e0 \u00eatre conscientes que le service cellulaire peut \u00eatre intermittent.<\/p><p data-start=\"633\" data-end=\"825\">Lacroix Home Hardware est un d\u00e9taillant officiel de TBaytel et offre divers services, notamment la vente de nouveaux appareils et produits cellulaires, le paiement de factures, et plus encore.<\/p><p data-start=\"827\" data-end=\"850\">275B, chemin du Lac<\/p>\t\t\t\t\t\t\t\t<\/div>\n\t\t\t\t\t<\/div>\n\t\t\t\t<\/div>\n\t\t\t\t<\/div>\n\t\t","protected":false},"excerpt":{"rendered":"<p>Internet haute vitesse L\u2019Internet haute vitesse est maintenant disponible \u00e0 DUBREUILVILLE. Dubreuilville Broadband est une entreprise communautaire de services Internet appartenant \u00e0 la communaut\u00e9. Le service fibre jusqu\u2019au domicile (FTTH) est maintenant disponible. Inscrivez-vous d\u00e8s aujourd\u2019hui pour profiter de l\u2019Internet le plus rapide et le plus fiable de la r\u00e9gion ! https:\/\/dubreuilvillebroadband.ca\/ ou appelez le [&hellip;]<\/p>\n","protected":false},"author":1,"featured_media":6275,"parent":1562,"menu_order":0,"comment_status":"closed","ping_status":"closed","template":"","meta":{"_acf_changed":false,"footnotes":""},"class_list":["post-1574","page","type-page","status-publish","has-post-thumbnail","hentry"],"acf":[],"_links":{"self":[{"href":"https:\/\/dubreuilville.ca\/fr\/wp-json\/wp\/v2\/pages\/1574","targetHints":{"allow":["GET"]}}],"collection":[{"href":"https:\/\/dubreuilville.ca\/fr\/wp-json\/wp\/v2\/pages"}],"about":[{"href":"https:\/\/dubreuilville.ca\/fr\/wp-json\/wp\/v2\/types\/page"}],"author":[{"embeddable":true,"href":"https:\/\/dubreuilville.ca\/fr\/wp-json\/wp\/v2\/users\/1"}],"replies":[{"embeddable":true,"href":"https:\/\/dubreuilville.ca\/fr\/wp-json\/wp\/v2\/comments?post=1574"}],"version-history":[{"count":0,"href":"https:\/\/dubreuilville.ca\/fr\/wp-json\/wp\/v2\/pages\/1574\/revisions"}],"up":[{"embeddable":true,"href":"https:\/\/dubreuilville.ca\/fr\/wp-json\/wp\/v2\/pages\/1562"}],"wp:featuredmedia":[{"embeddable":true,"href":"https:\/\/dubreuilville.ca\/fr\/wp-json\/wp\/v2\/media\/6275"}],"wp:attachment":[{"href":"https:\/\/dubreuilville.ca\/fr\/wp-json\/wp\/v2\/media?parent=1574"}],"curies":[{"name":"wp","href":"https:\/\/api.w.org\/{rel}","templated":true}]}}