{"id":1564,"date":"2023-10-10T13:45:48","date_gmt":"2023-10-10T17:45:48","guid":{"rendered":"https:\/\/dubreuilville.ca\/?page_id=1564"},"modified":"2026-03-11T10:42:33","modified_gmt":"2026-03-11T14:42:33","slug":"cimetiere","status":"publish","type":"page","link":"https:\/\/dubreuilville.ca\/fr\/canton\/cimetiere\/","title":{"rendered":"Cimeti\u00e8re"},"content":{"rendered":"\t\t<div data-elementor-type=\"wp-page\" data-elementor-id=\"1564\" class=\"elementor elementor-1564 elementor-55\" data-elementor-post-type=\"page\">\n\t\t\t\t<div class=\"elementor-element elementor-element-508ff29 e-flex e-con-boxed e-con e-parent\" data-id=\"508ff29\" data-element_type=\"container\" data-e-type=\"container\">\n\t\t\t\t\t<div class=\"e-con-inner\">\n\t\t\t\t<div class=\"elementor-element elementor-element-aec435f elementor-widget elementor-widget-heading\" data-id=\"aec435f\" data-element_type=\"widget\" data-e-type=\"widget\" data-widget_type=\"heading.default\">\n\t\t\t\t\t<h2 class=\"elementor-heading-title elementor-size-default\">Cimeti\u00e8re Sainte-C\u00e9cile<\/h2>\t\t\t\t<\/div>\n\t\t\t\t\t<\/div>\n\t\t\t\t<\/div>\n\t\t<div class=\"elementor-element elementor-element-abc6725 e-flex e-con-boxed e-con e-parent\" data-id=\"abc6725\" data-element_type=\"container\" data-e-type=\"container\">\n\t\t\t\t\t<div class=\"e-con-inner\">\n\t\t\t\t<div class=\"elementor-element elementor-element-c7d6f11 elementor-widget elementor-widget-text-editor\" data-id=\"c7d6f11\" data-element_type=\"widget\" data-e-type=\"widget\" data-widget_type=\"text-editor.default\">\n\t\t\t\t\t\t\t\t\t<p data-start=\"106\" data-end=\"255\">La Corporation du Canton de Dubreuilville est propri\u00e9taire et responsable de l\u2019entretien d\u2019un cimeti\u00e8re actif. Des columbariums sont disponibles.<\/p><p data-start=\"257\" data-end=\"498\">Pour l\u2019achat d\u2019un lot fun\u00e9raire, d\u2019une niche de columbarium ou pour obtenir de plus amples renseignements, veuillez communiquer avec le Service des finances au <a href=\"tel:705-884-2340\">705-884-2340<\/a>, poste 130, ou par courriel \u00e0 <a class=\"decorated-link cursor-pointer\" href=\"mailto:ngendron@dubreuilville.ca\" rel=\"noopener\" data-start=\"470\" data-end=\"495\">ngendron@dubreuilville.ca<\/a>.<\/p>\t\t\t\t\t\t\t\t<\/div>\n\t\t\t\t\t<\/div>\n\t\t\t\t<\/div>\n\t\t<div class=\"elementor-element elementor-element-36066e2 e-flex e-con-boxed e-con e-parent\" data-id=\"36066e2\" data-element_type=\"container\" data-e-type=\"container\">\n\t\t\t\t\t<div class=\"e-con-inner\">\n\t\t\t\t<div class=\"elementor-element elementor-element-439058f elementor-widget elementor-widget-text-editor\" data-id=\"439058f\" data-element_type=\"widget\" data-e-type=\"widget\" data-widget_type=\"text-editor.default\">\n\t\t\t\t\t\t\t\t\t<p data-start=\"104\" data-end=\"256\">Le cimeti\u00e8re Sainte-C\u00e9cile est nomm\u00e9 en l\u2019honneur de C\u00e9cile Dubreuil, la matriarche de la famille Dubreuil, et est situ\u00e9 sur le chemin Goudreau.<\/p><p data-start=\"258\" data-end=\"473\">Pour consulter les r\u00e8gles et r\u00e8glements complets concernant l\u2019entretien et l\u2019administration du cimeti\u00e8re Sainte-C\u00e9cile, veuillez vous r\u00e9f\u00e9rer au <a href=\"https:\/\/dubreuilville.ca\/wp-content\/uploads\/2025\/06\/2023-62-REGULATE-ST-CECILE-CEMETERY-AND-REPEAL-2013-17.pdf\" target=\"_blank\" rel=\"noopener\">R\u00e8glement municipal 2023-62 EN<\/a> disponible dans la section du Canton. Pour toute question suppl\u00e9mentaire, veuillez communiquer avec le Service des finances au <a href=\"tel:705-884-2340\">705-884-2340<\/a>, poste 130, ou par courriel \u00e0 <a href=\"mailto:ngendron@dubreuilville.ca\">ngendron@dubreuilville.ca<\/a>.<\/p>\t\t\t\t\t\t\t\t<\/div>\n\t\t\t\t\t<\/div>\n\t\t\t\t<\/div>\n\t\t<div class=\"elementor-element elementor-element-0275549 e-flex e-con-boxed e-con e-parent\" data-id=\"0275549\" data-element_type=\"container\" data-e-type=\"container\">\n\t\t\t\t\t<div class=\"e-con-inner\">\n\t\t\t\t<div class=\"elementor-element elementor-element-33955a3 elementor-widget elementor-widget-heading\" data-id=\"33955a3\" data-element_type=\"widget\" data-e-type=\"widget\" data-widget_type=\"heading.default\">\n\t\t\t\t\t<h4 class=\"elementor-heading-title elementor-size-default\">Foire aux questions<\/h4>\t\t\t\t<\/div>\n\t\t\t\t\t<\/div>\n\t\t\t\t<\/div>\n\t\t<div class=\"elementor-element elementor-element-17ddb48 e-flex e-con-boxed e-con e-parent\" data-id=\"17ddb48\" data-element_type=\"container\" data-e-type=\"container\">\n\t\t\t\t\t<div class=\"e-con-inner\">\n\t\t\t\t<div class=\"elementor-element elementor-element-5503868 elementor-widget elementor-widget-text-editor\" data-id=\"5503868\" data-element_type=\"widget\" data-e-type=\"widget\" data-widget_type=\"text-editor.default\">\n\t\t\t\t\t\t\t\t\t<h4 class=\"p1\">Emplacement<\/h4><p class=\"p1\">Cimeti\u00e8re Sainte C\u00e9cile<br \/>10, chemin Goudreau, Dubreuilville<\/p><h4 class=\"p1\">Services\u00a0et tarifs<\/h4><p class=\"p1\">L\u2019\u00e9quipe municipale est disponible pour vous accompagner dans votre processus d\u00e9cisionnel et r\u00e9pondre \u00e0 toutes vos questions. Pour conna\u00eetre les prix et frais relatifs aux lots fun\u00e9raires et aux niches de columbarium, veuillez consulter le document sur les <a href=\"https:\/\/dubreuilville.ca\/wp-content\/uploads\/2025\/09\/By-Law-No.-2025-38-Aug.-27-2025-User-Fees-and-Charges-updated.pdf\" target=\"_blank\" rel=\"noopener\">Droits et frais d&rsquo;utilisation<\/a>.<\/p><h4 class=\"p1\">Inhumations<\/h4><p data-start=\"549\" data-end=\"703\">Toutes les inhumations doivent \u00eatre organis\u00e9es par la municipalit\u00e9. Elles ne peuvent \u00eatre effectu\u00e9es que par des personnes autoris\u00e9es par la municipalit\u00e9.<\/p><p data-start=\"705\" data-end=\"821\">Les inhumations ont g\u00e9n\u00e9ralement lieu entre le 1er mai et le 15 novembre (selon les conditions m\u00e9t\u00e9orologiques).<\/p><p data-start=\"823\" data-end=\"940\">Veuillez communiquer avec l\u2019\u00e9quipe municipale afin de d\u00e9terminer les documents requis pour proc\u00e9der \u00e0 une inhumation.<\/p><p data-start=\"823\" data-end=\"940\">Pour de plus amples renseignements, veuillez consulter notre <a href=\"https:\/\/dubreuilville.ca\/wp-content\/uploads\/2025\/06\/2023-62-REGULATE-ST-CECILE-CEMETERY-AND-REPEAL-2013-17.pdf\">R\u00e8glement sur le cimeti\u00e8re EN<\/a>, ou communiquer avec le Service des finances au <a href=\"tel:705-884-2340\">705-884-2340<\/a>, poste 130, ou par courriel \u00e0 <a href=\"mailto:ngendron@dubreuilville.ca\"><span class=\"s1\">ngendron@dubreuilville.ca<\/span><\/a>.<\/p>\t\t\t\t\t\t\t\t<\/div>\n\t\t\t\t\t<\/div>\n\t\t\t\t<\/div>\n\t\t<div class=\"elementor-element elementor-element-07eb5aa e-flex e-con-boxed e-con e-parent\" data-id=\"07eb5aa\" data-element_type=\"container\" data-e-type=\"container\">\n\t\t\t\t\t<div class=\"e-con-inner\">\n\t\t\t\t<div class=\"elementor-element elementor-element-d293ef2 elementor-widget elementor-widget-n-accordion\" data-id=\"d293ef2\" data-element_type=\"widget\" data-e-type=\"widget\" data-settings=\"{&quot;default_state&quot;:&quot;all_collapsed&quot;,&quot;max_items_expended&quot;:&quot;one&quot;,&quot;n_accordion_animation_duration&quot;:{&quot;unit&quot;:&quot;ms&quot;,&quot;size&quot;:400,&quot;sizes&quot;:[]}}\" data-widget_type=\"nested-accordion.default\">\n\t\t\t\t\t\t\t<div class=\"e-n-accordion\" aria-label=\"Accordion. Open links with Enter or Space, close with Escape, and navigate with Arrow Keys\">\n\t\t\t\t\t\t<details id=\"e-n-accordion-item-2200\" class=\"e-n-accordion-item\" >\n\t\t\t\t<summary class=\"e-n-accordion-item-title\" data-accordion-index=\"1\" tabindex=\"0\" aria-expanded=\"false\" aria-controls=\"e-n-accordion-item-2200\" >\n\t\t\t\t\t<span class='e-n-accordion-item-title-header'><div class=\"e-n-accordion-item-title-text\"> Comment puis-je acheter un lot fun\u00e9raire ou une niche ? <\/div><\/span>\n\t\t\t\t\t\t\t<span class='e-n-accordion-item-title-icon'>\n\t\t\t<span class='e-opened' ><i aria-hidden=\"true\" class=\"fas fa-minus\"><\/i><\/span>\n\t\t\t<span class='e-closed'><i aria-hidden=\"true\" class=\"fas fa-plus\"><\/i><\/span>\n\t\t<\/span>\n\n\t\t\t\t\t\t<\/summary>\n\t\t\t\t<div role=\"region\" aria-labelledby=\"e-n-accordion-item-2200\" class=\"elementor-element elementor-element-2b62057 e-con-full e-flex e-con e-child\" data-id=\"2b62057\" data-element_type=\"container\" data-e-type=\"container\">\n\t\t\t\t<div class=\"elementor-element elementor-element-3c5a498 elementor-widget elementor-widget-text-editor\" data-id=\"3c5a498\" data-element_type=\"widget\" data-e-type=\"widget\" data-widget_type=\"text-editor.default\">\n\t\t\t\t\t\t\t\t\t<p>Les lots fun\u00e9raires et les niches de columbarium peuvent \u00eatre achet\u00e9s aupr\u00e8s de la municipalit\u00e9. Un lot ou une niche requis au moment du d\u00e9c\u00e8s peut \u00eatre pay\u00e9 comptant ou selon un plan de versements (tel que pr\u00e9vu dans notre <a href=\"https:\/\/dubreuilville.ca\/wp-content\/uploads\/2025\/06\/2023-62-REGULATE-ST-CECILE-CEMETERY-AND-REPEAL-2013-17.pdf\">R\u00e8glement municipal<\/a>). Un lot achet\u00e9 \u00e0 l\u2019avance peut \u00eatre acquis par la signature d\u2019un contrat et le paiement requis.<\/p><p>Pour de plus amples renseignements, veuillez consulter notre <a href=\"https:\/\/dubreuilville.ca\/wp-content\/uploads\/2025\/06\/2023-62-REGULATE-ST-CECILE-CEMETERY-AND-REPEAL-2013-17.pdf\">R\u00e8glement sur le cimeti\u00e8re EN<\/a>, ou communiquer avec le Service des finances au <a href=\"tel:705-884-2340\">705-884-2340<\/a>, poste 130, ou par courriel \u00e0 <a href=\"mailto:ngendron@dubreuilville.ca\"><span class=\"s1\">ngendron@dubreuilville.ca<\/span><\/a>.<\/p>\t\t\t\t\t\t\t\t<\/div>\n\t\t\t\t<\/div>\n\t\t\t\t\t<\/details>\n\t\t\t\t\t\t<details id=\"e-n-accordion-item-2201\" class=\"e-n-accordion-item\" >\n\t\t\t\t<summary class=\"e-n-accordion-item-title\" data-accordion-index=\"2\" tabindex=\"-1\" aria-expanded=\"false\" aria-controls=\"e-n-accordion-item-2201\" >\n\t\t\t\t\t<span class='e-n-accordion-item-title-header'><div class=\"e-n-accordion-item-title-text\"> Puis-je placer des d\u00e9corations sur notre columbarium ou notre lot fun\u00e9raire ? <\/div><\/span>\n\t\t\t\t\t\t\t<span class='e-n-accordion-item-title-icon'>\n\t\t\t<span class='e-opened' ><i aria-hidden=\"true\" class=\"fas fa-minus\"><\/i><\/span>\n\t\t\t<span class='e-closed'><i aria-hidden=\"true\" class=\"fas fa-plus\"><\/i><\/span>\n\t\t<\/span>\n\n\t\t\t\t\t\t<\/summary>\n\t\t\t\t<div role=\"region\" aria-labelledby=\"e-n-accordion-item-2201\" class=\"elementor-element elementor-element-5a876c9 e-con-full e-flex e-con e-child\" data-id=\"5a876c9\" data-element_type=\"container\" data-e-type=\"container\">\n\t\t\t\t<div class=\"elementor-element elementor-element-f075152 elementor-widget elementor-widget-text-editor\" data-id=\"f075152\" data-element_type=\"widget\" data-e-type=\"widget\" data-widget_type=\"text-editor.default\">\n\t\t\t\t\t\t\t\t\t<p data-start=\"120\" data-end=\"442\">Veuillez noter que les d\u00e9corations, y compris les fleurs, couronnes et ornements, ne sont pas permises sur ou \u00e0 proximit\u00e9 des columbariums ou des niches. Toute demande visant \u00e0 ajouter des \u00e9l\u00e9ments d\u00e9coratifs aux portes des niches doit \u00eatre soumise par \u00e9crit pour approbation aupr\u00e8s de la <a href=\"scasey@dubreuilville.ca\">directrice g\u00e9n\u00e9rale et greffi\u00e8re<\/a>.<\/p><p data-start=\"444\" data-end=\"827\">Pour les lots fun\u00e9raires et les s\u00e9pultures, les d\u00e9corations telles que les fleurs naturelles et artificielles sont permises, \u00e0 condition que tous les frais applicables aient \u00e9t\u00e9 acquitt\u00e9s. Toutefois, l\u2019utilisation de pierres d\u00e9coratives en vrac, de chandelles, de bancs, de contenants en verre ou de tout autre mat\u00e9riel p\u00e9rissable ou susceptible d\u2019endommager les lieux est interdite.<\/p><p data-start=\"829\" data-end=\"962\">De plus, toute plantation d\u2019arbustes ou de fleurs n\u00e9cessite une autorisation \u00e9crite pr\u00e9alable de la directrice g\u00e9n\u00e9rale et greffi\u00e8re.<\/p><p data-start=\"964\" data-end=\"1174\">La municipalit\u00e9 se r\u00e9serve le droit de retirer tout article non conforme \u00e0 ces r\u00e8glements et pourra, \u00e0 sa discr\u00e9tion, enlever les fleurs fan\u00e9es, ainsi que toute d\u00e9coration d\u00e9color\u00e9e, endommag\u00e9e ou inesth\u00e9tique.<\/p>\t\t\t\t\t\t\t\t<\/div>\n\t\t\t\t<\/div>\n\t\t\t\t\t<\/details>\n\t\t\t\t\t\t<details id=\"e-n-accordion-item-2202\" class=\"e-n-accordion-item\" >\n\t\t\t\t<summary class=\"e-n-accordion-item-title\" data-accordion-index=\"3\" tabindex=\"-1\" aria-expanded=\"false\" aria-controls=\"e-n-accordion-item-2202\" >\n\t\t\t\t\t<span class='e-n-accordion-item-title-header'><div class=\"e-n-accordion-item-title-text\"> Les animaux sont-ils permis dans le cimeti\u00e8re ? <\/div><\/span>\n\t\t\t\t\t\t\t<span class='e-n-accordion-item-title-icon'>\n\t\t\t<span class='e-opened' ><i aria-hidden=\"true\" class=\"fas fa-minus\"><\/i><\/span>\n\t\t\t<span class='e-closed'><i aria-hidden=\"true\" class=\"fas fa-plus\"><\/i><\/span>\n\t\t<\/span>\n\n\t\t\t\t\t\t<\/summary>\n\t\t\t\t<div role=\"region\" aria-labelledby=\"e-n-accordion-item-2202\" class=\"elementor-element elementor-element-bce41a2 e-con-full e-flex e-con e-child\" data-id=\"bce41a2\" data-element_type=\"container\" data-e-type=\"container\">\n\t\t\t\t<div class=\"elementor-element elementor-element-4a2dc60 elementor-widget elementor-widget-text-editor\" data-id=\"4a2dc60\" data-element_type=\"widget\" data-e-type=\"widget\" data-widget_type=\"text-editor.default\">\n\t\t\t\t\t\t\t\t\t<p class=\"p1\">Les animaux ne sont pas permis dans le cimeti\u00e8re. Les animaux transport\u00e9s dans un v\u00e9hicule doivent demeurer \u00e0 l\u2019int\u00e9rieur de celui-ci.<\/p>\t\t\t\t\t\t\t\t<\/div>\n\t\t\t\t<\/div>\n\t\t\t\t\t<\/details>\n\t\t\t\t\t\t<details id=\"e-n-accordion-item-2203\" class=\"e-n-accordion-item\" >\n\t\t\t\t<summary class=\"e-n-accordion-item-title\" data-accordion-index=\"4\" tabindex=\"-1\" aria-expanded=\"false\" aria-controls=\"e-n-accordion-item-2203\" >\n\t\t\t\t\t<span class='e-n-accordion-item-title-header'><div class=\"e-n-accordion-item-title-text\"> La nourriture ou les boissons sont-elles permises dans le cimeti\u00e8re ? <\/div><\/span>\n\t\t\t\t\t\t\t<span class='e-n-accordion-item-title-icon'>\n\t\t\t<span class='e-opened' ><i aria-hidden=\"true\" class=\"fas fa-minus\"><\/i><\/span>\n\t\t\t<span class='e-closed'><i aria-hidden=\"true\" class=\"fas fa-plus\"><\/i><\/span>\n\t\t<\/span>\n\n\t\t\t\t\t\t<\/summary>\n\t\t\t\t<div role=\"region\" aria-labelledby=\"e-n-accordion-item-2203\" class=\"elementor-element elementor-element-066513e e-con-full e-flex e-con e-child\" data-id=\"066513e\" data-element_type=\"container\" data-e-type=\"container\">\n\t\t\t\t<div class=\"elementor-element elementor-element-4041b81 elementor-widget elementor-widget-text-editor\" data-id=\"4041b81\" data-element_type=\"widget\" data-e-type=\"widget\" data-widget_type=\"text-editor.default\">\n\t\t\t\t\t\t\t\t\t<p class=\"p1\">La nourriture et les boissons ne sont pas permises dans le cimeti\u00e8re, sauf lorsqu\u2019elles sont directement associ\u00e9es \u00e0 un service fun\u00e9raire. De plus, la consommation de boissons alcoolis\u00e9es est interdite sur la propri\u00e9t\u00e9 du cimeti\u00e8re.<\/p>\t\t\t\t\t\t\t\t<\/div>\n\t\t\t\t<\/div>\n\t\t\t\t\t<\/details>\n\t\t\t\t\t\t<details id=\"e-n-accordion-item-2204\" class=\"e-n-accordion-item\" >\n\t\t\t\t<summary class=\"e-n-accordion-item-title\" data-accordion-index=\"5\" tabindex=\"-1\" aria-expanded=\"false\" aria-controls=\"e-n-accordion-item-2204\" >\n\t\t\t\t\t<span class='e-n-accordion-item-title-header'><div class=\"e-n-accordion-item-title-text\"> Puis-je effectuer des r\u00e9parations ou des modifications \u00e0 un monument ? <\/div><\/span>\n\t\t\t\t\t\t\t<span class='e-n-accordion-item-title-icon'>\n\t\t\t<span class='e-opened' ><i aria-hidden=\"true\" class=\"fas fa-minus\"><\/i><\/span>\n\t\t\t<span class='e-closed'><i aria-hidden=\"true\" class=\"fas fa-plus\"><\/i><\/span>\n\t\t<\/span>\n\n\t\t\t\t\t\t<\/summary>\n\t\t\t\t<div role=\"region\" aria-labelledby=\"e-n-accordion-item-2204\" class=\"elementor-element elementor-element-6a14be5 e-flex e-con-boxed e-con e-child\" data-id=\"6a14be5\" data-element_type=\"container\" data-e-type=\"container\">\n\t\t\t\t\t<div class=\"e-con-inner\">\n\t\t\t\t<div class=\"elementor-element elementor-element-c17725d elementor-widget elementor-widget-text-editor\" data-id=\"c17725d\" data-element_type=\"widget\" data-e-type=\"widget\" data-widget_type=\"text-editor.default\">\n\t\t\t\t\t\t\t\t\t<p data-start=\"104\" data-end=\"298\">Seuls les fournisseurs de monuments autoris\u00e9s et titulaires d\u2019un permis, approuv\u00e9s par le Canton, sont autoris\u00e9s \u00e0 effectuer des r\u00e9parations ou des modifications aux monuments dans le cimeti\u00e8re.<\/p><p data-start=\"300\" data-end=\"531\">Pour de plus amples renseignements, veuillez consulter notre <a href=\"https:\/\/dubreuilville.ca\/wp-content\/uploads\/2025\/06\/2023-62-REGULATE-ST-CECILE-CEMETERY-AND-REPEAL-2013-17.pdf\">R\u00e8glement sur le cimeti\u00e8re EN<\/a> ou communiquer avec le Service des infrastructures au <a href=\"tel:705-884-2340\">705-884-2340<\/a>, poste 124, ou par courriel \u00e0 <a class=\"decorated-link cursor-pointer\" href=\"mailto:fdechamplain@dubreuilville.ca\" rel=\"noopener\" data-start=\"499\" data-end=\"528\">fdechamplain@dubreuilville.ca<\/a>.<\/p>\t\t\t\t\t\t\t\t<\/div>\n\t\t\t\t\t<\/div>\n\t\t\t\t<\/div>\n\t\t\t\t\t<\/details>\n\t\t\t\t\t\t<details id=\"e-n-accordion-item-2205\" class=\"e-n-accordion-item\" >\n\t\t\t\t<summary class=\"e-n-accordion-item-title\" data-accordion-index=\"6\" tabindex=\"-1\" aria-expanded=\"false\" aria-controls=\"e-n-accordion-item-2205\" >\n\t\t\t\t\t<span class='e-n-accordion-item-title-header'><div class=\"e-n-accordion-item-title-text\"> Les cendres peuvent-elles \u00eatre inhum\u00e9es dans un lot fun\u00e9raire existant ? <\/div><\/span>\n\t\t\t\t\t\t\t<span class='e-n-accordion-item-title-icon'>\n\t\t\t<span class='e-opened' ><i aria-hidden=\"true\" class=\"fas fa-minus\"><\/i><\/span>\n\t\t\t<span class='e-closed'><i aria-hidden=\"true\" class=\"fas fa-plus\"><\/i><\/span>\n\t\t<\/span>\n\n\t\t\t\t\t\t<\/summary>\n\t\t\t\t<div role=\"region\" aria-labelledby=\"e-n-accordion-item-2205\" class=\"elementor-element elementor-element-00b3e95 e-flex e-con-boxed e-con e-child\" data-id=\"00b3e95\" data-element_type=\"container\" data-e-type=\"container\">\n\t\t\t\t\t<div class=\"e-con-inner\">\n\t\t\t\t<div class=\"elementor-element elementor-element-e9ae985 elementor-widget elementor-widget-text-editor\" data-id=\"e9ae985\" data-element_type=\"widget\" data-e-type=\"widget\" data-widget_type=\"text-editor.default\">\n\t\t\t\t\t\t\t\t\t<p>Les inhumations ou d\u00e9p\u00f4ts d\u2019urnes dans des lots fun\u00e9raires existants sont permis; toutefois, ils peuvent n\u00e9cessiter une autorisation de la municipalit\u00e9. Veuillez communiquer avec le Service des finances au <a href=\"tel:705-884-2340\">705-884-2340<\/a> poste 130, ou par courriel \u00e0 <a href=\"mailto:ngendron@dubreuilville.ca\">ngendron@dubreuilville.ca<\/a>.<\/p>\t\t\t\t\t\t\t\t<\/div>\n\t\t\t\t\t<\/div>\n\t\t\t\t<\/div>\n\t\t\t\t\t<\/details>\n\t\t\t\t\t<\/div>\n\t\t\t\t\t\t<\/div>\n\t\t\t\t\t<\/div>\n\t\t\t\t<\/div>\n\t\t\t\t<\/div>\n\t\t","protected":false},"excerpt":{"rendered":"<p>Cimeti\u00e8re Sainte-C\u00e9cile La Corporation du Canton de Dubreuilville est propri\u00e9taire et responsable de l\u2019entretien d\u2019un cimeti\u00e8re actif. Des columbariums sont disponibles. Pour l\u2019achat d\u2019un lot fun\u00e9raire, d\u2019une niche de columbarium ou pour obtenir de plus amples renseignements, veuillez communiquer avec le Service des finances au 705-884-2340, poste 130, ou par courriel \u00e0 ngendron@dubreuilville.ca. Le cimeti\u00e8re [&hellip;]<\/p>\n","protected":false},"author":1,"featured_media":0,"parent":1590,"menu_order":0,"comment_status":"closed","ping_status":"closed","template":"","meta":{"_acf_changed":false,"footnotes":""},"class_list":["post-1564","page","type-page","status-publish","hentry"],"acf":[],"_links":{"self":[{"href":"https:\/\/dubreuilville.ca\/fr\/wp-json\/wp\/v2\/pages\/1564","targetHints":{"allow":["GET"]}}],"collection":[{"href":"https:\/\/dubreuilville.ca\/fr\/wp-json\/wp\/v2\/pages"}],"about":[{"href":"https:\/\/dubreuilville.ca\/fr\/wp-json\/wp\/v2\/types\/page"}],"author":[{"embeddable":true,"href":"https:\/\/dubreuilville.ca\/fr\/wp-json\/wp\/v2\/users\/1"}],"replies":[{"embeddable":true,"href":"https:\/\/dubreuilville.ca\/fr\/wp-json\/wp\/v2\/comments?post=1564"}],"version-history":[{"count":0,"href":"https:\/\/dubreuilville.ca\/fr\/wp-json\/wp\/v2\/pages\/1564\/revisions"}],"up":[{"embeddable":true,"href":"https:\/\/dubreuilville.ca\/fr\/wp-json\/wp\/v2\/pages\/1590"}],"wp:attachment":[{"href":"https:\/\/dubreuilville.ca\/fr\/wp-json\/wp\/v2\/media?parent=1564"}],"curies":[{"name":"wp","href":"https:\/\/api.w.org\/{rel}","templated":true}]}}