{"id":1562,"date":"2023-10-10T11:56:00","date_gmt":"2023-10-10T15:56:00","guid":{"rendered":"https:\/\/dubreuilville.ca\/?page_id=1562"},"modified":"2026-02-23T14:53:10","modified_gmt":"2026-02-23T19:53:10","slug":"notre-communite","status":"publish","type":"page","link":"https:\/\/dubreuilville.ca\/fr\/notre-communite\/","title":{"rendered":"Notre communit\u00e9"},"content":{"rendered":"\t\t<div data-elementor-type=\"wp-page\" data-elementor-id=\"1562\" class=\"elementor elementor-1562 elementor-31\" data-elementor-post-type=\"page\">\n\t\t\t\t<div class=\"elementor-element elementor-element-93b86dc e-flex e-con-boxed e-con e-parent\" data-id=\"93b86dc\" data-element_type=\"container\" data-e-type=\"container\">\n\t\t\t\t\t<div class=\"e-con-inner\">\n\t\t\t\t<div class=\"elementor-element elementor-element-f5706d7 border-1 elementor-widget elementor-widget-parent-child-menu\" data-id=\"f5706d7\" data-element_type=\"widget\" data-e-type=\"widget\" data-widget_type=\"parent-child-menu.default\">\n\t\t\t\t<div class=\"elementor-widget-container\">\n\t\t\t\t\t<nav class=\"dce-menu vertical\"><ul class=\"first-level\"><li class=\"item-7590\"><a href=\"https:\/\/dubreuilville.ca\/fr\/accessibilite\/\">Accessibilit\u00e9<\/a><\/li><li class=\"item-1560\"><a href=\"https:\/\/dubreuilville.ca\/fr\/\">Accueil<\/a><\/li><li class=\"item-10690\"><a href=\"https:\/\/dubreuilville.ca\/fr\/2026\/04\/mothers-day-brunch\/\">Brunch de la f\u00eate des M\u00e8res<\/a><\/li><li class=\"item-9393\"><a href=\"https:\/\/dubreuilville.ca\/fr\/2026\/02\/campagne-faites-carriere-en-milieu-municipal\/\">Campagne - Faites carri\u00e8re en milieu municipal<\/a><\/li><li class=\"item-1590\"><a href=\"https:\/\/dubreuilville.ca\/fr\/canton\/\">Canton<\/a><\/li><li class=\"item-9530\"><a href=\"https:\/\/dubreuilville.ca\/fr\/2026\/03\/news-release-fcip-march-2026\/\">COMMUNIQU\u00c9 DE PRESSE FCIP Mars 2026<\/a><\/li><li class=\"item-7586\"><a href=\"https:\/\/dubreuilville.ca\/fr\/conditions\/\">Conditions d'utilisation<\/a><\/li><li class=\"item-7588\"><a href=\"https:\/\/dubreuilville.ca\/fr\/confidentialite\/\">Confidentialit\u00e9<\/a><\/li><li class=\"item-1548\"><a href=\"https:\/\/dubreuilville.ca\/fr\/developpement-economique\/\">D\u00e9veloppement \u00e9conomique<\/a><\/li><li class=\"item-10558\"><a href=\"https:\/\/dubreuilville.ca\/fr\/2026\/03\/dubreuilville-defi-sans-pitie-no-mercy-challenge\/\">Dubreuilville d\u00e9fi Sans Piti\u00e9 \/ No Mercy Challenge<\/a><\/li><li class=\"item-10222\"><a href=\"https:\/\/dubreuilville.ca\/fr\/2026\/03\/census-jobs\/\">Emplois au recensement<\/a><\/li><li class=\"item-10825\"><a href=\"https:\/\/dubreuilville.ca\/fr\/2026\/04\/summer-student-employment\/\">Emplois d'\u00e9t\u00e9 pour \u00e9tudiants<\/a><\/li><li class=\"item-9443\"><a href=\"https:\/\/dubreuilville.ca\/fr\/2026\/02\/join-our-team\/\">Joignez-vous \u00e0 notre \u00e9quipe<\/a><\/li><li class=\"item-10433\"><a href=\"https:\/\/dubreuilville.ca\/fr\/2026\/03\/10423\/\">Mise \u00e0 jour publique sur la mine \u2013 1er trimestre 2026  REPORT\u00c9S<\/a><\/li><li class=\"item-1562\"><a href=\"https:\/\/dubreuilville.ca\/fr\/notre-communite\/\" class=\"active\">Notre communit\u00e9<\/a><\/li><li class=\"item-10366\"><a href=\"https:\/\/dubreuilville.ca\/fr\/2026\/03\/petitions-de-captrains-pour-soutenir-les-trains-de-passagers-de-lalgoma\/\">P\u00e9titions de CAPTrains<\/a><\/li><li class=\"item-10450\"><a href=\"https:\/\/dubreuilville.ca\/fr\/2026\/03\/volunteer-firefighters-needed\/\">Pompiers volontaires recherch\u00e9s<\/a><\/li><li class=\"item-10679\"><a href=\"https:\/\/dubreuilville.ca\/fr\/2026\/04\/smart-funding-proposal-workshop\/\">Smart Funding Proposal Workshop<\/a><\/li><li class=\"item-10744\"><a href=\"https:\/\/dubreuilville.ca\/fr\/2026\/04\/%f0%9f%92%99-national-volunteer-week-april-19-25-2026-%f0%9f%92%99\/\">\ud83d\udc99 Semaine de l\u2019action b\u00e9n\u00e9vole | 19 au 25 avril 2026 \ud83d\udc99<\/a><\/li><\/ul><\/nav>\t\t\t\t<\/div>\n\t\t\t\t<\/div>\n\t\t\t\t\t<\/div>\n\t\t\t\t<\/div>\n\t\t\t\t<\/div>\n\t\t","protected":false},"excerpt":{"rendered":"<p>Accessibilit\u00e9 Accueil Canton Community Calendar Conditions d&rsquo;utilisation Confidentialit\u00e9 D\u00e9veloppement \u00e9conomique Notre communit\u00e9 Nouvelles FR Temporary Post FR<\/p>\n","protected":false},"author":1,"featured_media":0,"parent":0,"menu_order":0,"comment_status":"closed","ping_status":"closed","template":"","meta":{"_acf_changed":false,"footnotes":""},"class_list":["post-1562","page","type-page","status-publish","hentry"],"acf":[],"_links":{"self":[{"href":"https:\/\/dubreuilville.ca\/fr\/wp-json\/wp\/v2\/pages\/1562","targetHints":{"allow":["GET"]}}],"collection":[{"href":"https:\/\/dubreuilville.ca\/fr\/wp-json\/wp\/v2\/pages"}],"about":[{"href":"https:\/\/dubreuilville.ca\/fr\/wp-json\/wp\/v2\/types\/page"}],"author":[{"embeddable":true,"href":"https:\/\/dubreuilville.ca\/fr\/wp-json\/wp\/v2\/users\/1"}],"replies":[{"embeddable":true,"href":"https:\/\/dubreuilville.ca\/fr\/wp-json\/wp\/v2\/comments?post=1562"}],"version-history":[{"count":0,"href":"https:\/\/dubreuilville.ca\/fr\/wp-json\/wp\/v2\/pages\/1562\/revisions"}],"wp:attachment":[{"href":"https:\/\/dubreuilville.ca\/fr\/wp-json\/wp\/v2\/media?parent=1562"}],"curies":[{"name":"wp","href":"https:\/\/api.w.org\/{rel}","templated":true}]}}