{"id":1554,"date":"2023-10-10T13:53:23","date_gmt":"2023-10-10T17:53:23","guid":{"rendered":"https:\/\/dubreuilville.ca\/?page_id=1554"},"modified":"2026-02-19T13:49:48","modified_gmt":"2026-02-19T18:49:48","slug":"cdec","status":"publish","type":"page","link":"https:\/\/dubreuilville.ca\/fr\/developpement-economique\/cdec\/","title":{"rendered":"Comit\u00e9 consultatif"},"content":{"rendered":"\t\t<div data-elementor-type=\"wp-page\" data-elementor-id=\"1554\" class=\"elementor elementor-1554 elementor-83\" data-elementor-post-type=\"page\">\n\t\t\t\t<div class=\"elementor-element elementor-element-0face14 e-flex e-con-boxed e-con e-parent\" data-id=\"0face14\" data-element_type=\"container\" data-e-type=\"container\">\n\t\t\t\t\t<div class=\"e-con-inner\">\n\t\t\t\t<div class=\"elementor-element elementor-element-f4fa9b0 elementor-widget elementor-widget-text-editor\" data-id=\"f4fa9b0\" data-element_type=\"widget\" data-e-type=\"widget\" data-widget_type=\"text-editor.default\">\n\t\t\t\t\t\t\t\t\t<h4 data-start=\"113\" data-end=\"193\">Comit\u00e9 consultatif de d\u00e9veloppement \u00e9conomique de Dubreuilville (CCDED)<em data-start=\"194\" data-end=\"218\">(anciennement la CDEC)<\/em><\/h4><p data-start=\"220\" data-end=\"547\">Le Comit\u00e9 consultatif de d\u00e9veloppement \u00e9conomique de Dubreuilville (CCDED) est compos\u00e9 de leaders communautaires b\u00e9n\u00e9voles, de propri\u00e9taires d\u2019entreprises, ainsi que de membres du Conseil municipal et d\u2019employ\u00e9s de la Corporation du Canton de Dubreuilville, poss\u00e9dant des comp\u00e9tences, des parcours et une expertise diversifi\u00e9s.<\/p><p data-start=\"549\" data-end=\"1018\">Le r\u00f4le du CCDED est de collaborer avec les entreprises locales, les instances gouvernementales et les intervenants communautaires afin de soutenir la croissance \u00e9conomique de la communaut\u00e9. L\u2019objectif principal du CCDED est de renforcer les entreprises existantes et d\u2019attirer des investissements externes. Pour les entreprises souhaitant s\u2019\u00e9tablir \u00e0 Dubreuilville, l\u2019Agent de d\u00e9veloppement \u00e9conomique est disponible pour fournir des renseignements complets et \u00e0 jour.<\/p><h5><strong data-start=\"1028\" data-end=\"1048\">Mission du CCDED<\/strong><\/h5><p data-start=\"1050\" data-end=\"1375\">Faire progresser le d\u00e9veloppement \u00e9conomique communautaire par la collaboration et l\u2019engagement des membres de la communaut\u00e9, en promouvant, facilitant et appuyant des initiatives de planification strat\u00e9gique visant \u00e0 favoriser l\u2019autonomie, encourager l\u2019investissement et g\u00e9n\u00e9rer des possibilit\u00e9s d\u2019emploi \u00e0 l\u2019\u00e9chelle locale.<\/p><p data-start=\"1377\" data-end=\"1562\">Le Comit\u00e9 fournit des orientations et formule des recommandations en abordant des enjeux pr\u00e9cis li\u00e9s au d\u00e9veloppement \u00e9conomique, aux d\u00e9fis ou aux occasions de projets et d\u2019initiatives.<\/p><p data-start=\"1569\" data-end=\"1804\">Pour obtenir plus de renseignements sur les activit\u00e9s commerciales \u00e0 Dubreuilville ou pour vous informer sur l\u2019adh\u00e9sion au Comit\u00e9, veuillez communiquer avec notre Agent de d\u00e9veloppement \u00e9conomique, qui se fera un plaisir de vous aider.<\/p><p data-start=\"1806\" data-end=\"1913\">Chantal Croft, agente de d\u00e9veloppement \u00e9conomique<\/p><p class=\"p3\"><a href=\"tel:705-884-2340\">705-884-2340<\/a>, poste 123<br \/><a href=\"mailto:ccroft@dubreuilville.ca\">ccroft@dubreuilville.ca<\/a><\/p>\t\t\t\t\t\t\t\t<\/div>\n\t\t\t\t\t<\/div>\n\t\t\t\t<\/div>\n\t\t\t\t<\/div>\n\t\t","protected":false},"excerpt":{"rendered":"<p>Comit\u00e9 consultatif de d\u00e9veloppement \u00e9conomique de Dubreuilville (CCDED)(anciennement la CDEC) Le Comit\u00e9 consultatif de d\u00e9veloppement \u00e9conomique de Dubreuilville (CCDED) est compos\u00e9 de leaders communautaires b\u00e9n\u00e9voles, de propri\u00e9taires d\u2019entreprises, ainsi que de membres du Conseil municipal et d\u2019employ\u00e9s de la Corporation du Canton de Dubreuilville, poss\u00e9dant des comp\u00e9tences, des parcours et une expertise diversifi\u00e9s. Le r\u00f4le [&hellip;]<\/p>\n","protected":false},"author":1,"featured_media":0,"parent":1548,"menu_order":0,"comment_status":"closed","ping_status":"closed","template":"","meta":{"_acf_changed":false,"footnotes":""},"class_list":["post-1554","page","type-page","status-publish","hentry"],"acf":[],"_links":{"self":[{"href":"https:\/\/dubreuilville.ca\/fr\/wp-json\/wp\/v2\/pages\/1554","targetHints":{"allow":["GET"]}}],"collection":[{"href":"https:\/\/dubreuilville.ca\/fr\/wp-json\/wp\/v2\/pages"}],"about":[{"href":"https:\/\/dubreuilville.ca\/fr\/wp-json\/wp\/v2\/types\/page"}],"author":[{"embeddable":true,"href":"https:\/\/dubreuilville.ca\/fr\/wp-json\/wp\/v2\/users\/1"}],"replies":[{"embeddable":true,"href":"https:\/\/dubreuilville.ca\/fr\/wp-json\/wp\/v2\/comments?post=1554"}],"version-history":[{"count":0,"href":"https:\/\/dubreuilville.ca\/fr\/wp-json\/wp\/v2\/pages\/1554\/revisions"}],"up":[{"embeddable":true,"href":"https:\/\/dubreuilville.ca\/fr\/wp-json\/wp\/v2\/pages\/1548"}],"wp:attachment":[{"href":"https:\/\/dubreuilville.ca\/fr\/wp-json\/wp\/v2\/media?parent=1554"}],"curies":[{"name":"wp","href":"https:\/\/api.w.org\/{rel}","templated":true}]}}