{"id":1552,"date":"2023-10-10T13:53:13","date_gmt":"2023-10-10T17:53:13","guid":{"rendered":"https:\/\/dubreuilville.ca\/?page_id=1552"},"modified":"2026-02-18T15:08:38","modified_gmt":"2026-02-18T20:08:38","slug":"soutien-et-services-aux-entreprises","status":"publish","type":"page","link":"https:\/\/dubreuilville.ca\/fr\/developpement-economique\/soutien-et-services-aux-entreprises\/","title":{"rendered":"Soutien et services aux entreprises"},"content":{"rendered":"\t\t<div data-elementor-type=\"wp-page\" data-elementor-id=\"1552\" class=\"elementor elementor-1552 elementor-81\" data-elementor-post-type=\"page\">\n\t\t\t\t<div class=\"elementor-element elementor-element-b5d8ed2 e-flex e-con-boxed e-con e-parent\" data-id=\"b5d8ed2\" data-element_type=\"container\" data-e-type=\"container\">\n\t\t\t\t\t<div class=\"e-con-inner\">\n\t\t\t\t<div class=\"elementor-element elementor-element-ac1ed03 elementor-widget elementor-widget-text-editor\" data-id=\"ac1ed03\" data-element_type=\"widget\" data-e-type=\"widget\" data-widget_type=\"text-editor.default\">\n\t\t\t\t\t\t\t\t\t<h3 class=\"p3\">Soci\u00e9t\u00e9 d\u2019aide au d\u00e9veloppement des collectivit\u00e9s Sup\u00e9rieur Est<\/h3><p data-start=\"203\" data-end=\"479\">La Soci\u00e9t\u00e9 d\u2019aide au d\u00e9veloppement des collectivit\u00e9s Sup\u00e9rieur Est (SECFDC) est un organisme sans but lucratif r\u00e9gi par un conseil d\u2019administration local. Elle est financ\u00e9e par FedNor \/ Innovation, Sciences et D\u00e9veloppement \u00e9conomique Canada et a \u00e9t\u00e9 fond\u00e9e en septembre 1989.<\/p><p data-start=\"481\" data-end=\"749\">La SECFDC dessert les communaut\u00e9s de Dubreuilville, Chapleau, Wawa et White River, ainsi que les Premi\u00e8res Nations situ\u00e9es dans la r\u00e9gion du Sup\u00e9rieur Est. Cette r\u00e9gion s\u2019\u00e9tend le long de la rive nord du lac Sup\u00e9rieur, jusqu\u2019\u00e0 Chapleau au nord et Pic Mobert \u00e0 l\u2019ouest.<\/p><p data-start=\"751\" data-end=\"1068\">La SECFDC offre des pr\u00eats aux petites entreprises ainsi que des services de consultation aux r\u00e9sidents de la r\u00e9gion. Elle participe \u00e9galement au d\u00e9veloppement \u00e9conomique r\u00e9gional. En collaboration avec les repr\u00e9sentants des quatre communaut\u00e9s, l\u2019organisme s\u2019efforce d\u2019am\u00e9liorer le milieu socio\u00e9conomique de la r\u00e9gion.<\/p><h5 class=\"p3\">Mission<\/h5><p data-start=\"1097\" data-end=\"1363\">La mission de la Soci\u00e9t\u00e9 d\u2019aide au d\u00e9veloppement des collectivit\u00e9s Sup\u00e9rieur Est est d\u2019aider les communaut\u00e9s de Wawa, Chapleau, White River et Dubreuilville, ainsi que les Premi\u00e8res Nations environnantes, \u00e0 atteindre leurs objectifs de d\u00e9veloppement socio\u00e9conomique.<\/p><p data-start=\"1365\" data-end=\"1607\">Elle agit \u00e0 titre de partenaire, de leader ou de catalyseur en offrant une expertise et des ressources en mati\u00e8re de pr\u00eats et de conseils aux petites entreprises, en fournissant de l\u2019information et en soutenant le d\u00e9veloppement communautaire.<\/p><h5 class=\"p3\">Mandat<\/h5><p data-start=\"1635\" data-end=\"1828\">Le Programme de d\u00e9veloppement des collectivit\u00e9s, administr\u00e9 par FedNor, soutient 61 Soci\u00e9t\u00e9s d\u2019aide au d\u00e9veloppement des collectivit\u00e9s (SADC) en Ontario, dont 24 dans le Nord et 37 dans le Sud.<\/p><p data-start=\"1830\" data-end=\"1947\">La Soci\u00e9t\u00e9 d\u2019aide au d\u00e9veloppement des collectivit\u00e9s Sup\u00e9rieur Est peut offrir de l\u2019aide dans les domaines suivants :<\/p><ul><li data-start=\"1951\" data-end=\"2025\">Planification strat\u00e9gique communautaire et d\u00e9veloppement socio\u00e9conomique<\/li><li data-start=\"2028\" data-end=\"2062\">Appui aux projets communautaires<\/li><li data-start=\"2065\" data-end=\"2122\">Services d\u2019information et de planification d\u2019entreprise<\/li><li data-start=\"2125\" data-end=\"2219\">Acc\u00e8s au capital pour les petites et moyennes entreprises ainsi que les entreprises sociales<\/li><\/ul><p data-start=\"2221\" data-end=\"2456\">La SECFDC est dirig\u00e9e par un conseil d\u2019administration local compos\u00e9 de b\u00e9n\u00e9voles de la r\u00e9gion. Ces b\u00e9n\u00e9voles connaissent bien les besoins et les priorit\u00e9s de d\u00e9veloppement de leurs communaut\u00e9s et orientent les activit\u00e9s de l\u2019organisme.<\/p><p class=\"p1\">For more information, please contact the office directly at:<\/p><p class=\"p1\">Pour plus de renseignements, veuillez communiquer directement avec le bureau :<\/p><h5>Soci\u00e9t\u00e9 d\u2019aide au d\u00e9veloppement des collectivit\u00e9s Sup\u00e9rieur Est<\/h5><p class=\"p1\">14 rue Ganley, C. P. 709, Wawa, Ontario P0S 1K0<br \/><a href=\"tel:705-856-1105\">705-856-1105<\/a>\/<a href=\"tel:1-800-387-5776\">1-800-387-5776<\/a>\u00a0<br \/>Tracy Amos, B.B.A<br \/><a href=\"https:\/\/www.superioreastcfdc.ca\/\"><span class=\"s3\">www.superioreastcfdc.ca<\/span><\/a><\/p><h3 class=\"p1\">Programme M+EE<\/h3><p data-start=\"2888\" data-end=\"3105\">Le programme BR&amp;E de la Corporation du Canton de Dubreuilville favorise la participation de l\u2019ensemble de la communaut\u00e9 \u00e0 une planification globale visant \u00e0 soutenir le maintien et l\u2019expansion des entreprises locales.<\/p><p data-start=\"3107\" data-end=\"3464\">Le programme aide les entreprises \u00e0 devenir plus concurrentielles en \u00e9valuant et en r\u00e9pondant \u00e0 certains de leurs besoins et pr\u00e9occupations cl\u00e9s. En traitant les enjeux communs aux entreprises, la communaut\u00e9 assure un avenir plus solide. Les entreprises concurrentielles sont plus susceptibles de demeurer dans la collectivit\u00e9 et d\u2019y prendre de l\u2019expansion.<\/p><p data-start=\"3466\" data-end=\"3575\">Le programme BR&amp;E aide souvent les entreprises \u00e0 acc\u00e9der \u00e0 du soutien par l\u2019entremise d\u2019organismes tels que :<\/p><ul><li>Soci\u00e9t\u00e9 du Fonds du patrimoine du Nord de l\u2019Ontario ;<\/li><li>D\u00e9veloppement et de la croissance \u00e9conomique du Nord;<\/li><li>FedNor;<\/li><li>Banque de d\u00e9veloppement du Canada (BDC) ;<\/li><li>Soci\u00e9t\u00e9 d\u2019aide au d\u00e9veloppement des collectivit\u00e9s Sup\u00e9rieur Est.<\/li><\/ul>\t\t\t\t\t\t\t\t<\/div>\n\t\t\t\t\t<\/div>\n\t\t\t\t<\/div>\n\t\t\t\t<\/div>\n\t\t","protected":false},"excerpt":{"rendered":"<p>Soci\u00e9t\u00e9 d\u2019aide au d\u00e9veloppement des collectivit\u00e9s Sup\u00e9rieur Est La Soci\u00e9t\u00e9 d\u2019aide au d\u00e9veloppement des collectivit\u00e9s Sup\u00e9rieur Est (SECFDC) est un organisme sans but lucratif r\u00e9gi par un conseil d\u2019administration local. Elle est financ\u00e9e par FedNor \/ Innovation, Sciences et D\u00e9veloppement \u00e9conomique Canada et a \u00e9t\u00e9 fond\u00e9e en septembre 1989. La SECFDC dessert les communaut\u00e9s de [&hellip;]<\/p>\n","protected":false},"author":1,"featured_media":0,"parent":1548,"menu_order":0,"comment_status":"closed","ping_status":"closed","template":"","meta":{"_acf_changed":false,"footnotes":""},"class_list":["post-1552","page","type-page","status-publish","hentry"],"acf":[],"_links":{"self":[{"href":"https:\/\/dubreuilville.ca\/fr\/wp-json\/wp\/v2\/pages\/1552","targetHints":{"allow":["GET"]}}],"collection":[{"href":"https:\/\/dubreuilville.ca\/fr\/wp-json\/wp\/v2\/pages"}],"about":[{"href":"https:\/\/dubreuilville.ca\/fr\/wp-json\/wp\/v2\/types\/page"}],"author":[{"embeddable":true,"href":"https:\/\/dubreuilville.ca\/fr\/wp-json\/wp\/v2\/users\/1"}],"replies":[{"embeddable":true,"href":"https:\/\/dubreuilville.ca\/fr\/wp-json\/wp\/v2\/comments?post=1552"}],"version-history":[{"count":0,"href":"https:\/\/dubreuilville.ca\/fr\/wp-json\/wp\/v2\/pages\/1552\/revisions"}],"up":[{"embeddable":true,"href":"https:\/\/dubreuilville.ca\/fr\/wp-json\/wp\/v2\/pages\/1548"}],"wp:attachment":[{"href":"https:\/\/dubreuilville.ca\/fr\/wp-json\/wp\/v2\/media?parent=1552"}],"curies":[{"name":"wp","href":"https:\/\/api.w.org\/{rel}","templated":true}]}}